{"id":44435,"date":"2016-09-05T17:53:18","date_gmt":"2016-09-05T15:53:18","guid":{"rendered":"http:\/\/www.libraria-occitana.org\/product\/travaux-darcheologie-limousine-tome-36\/"},"modified":"2026-04-29T07:01:54","modified_gmt":"2026-04-29T05:01:54","slug":"travaux-darcheologie-limousine-tome-36","status":"publish","type":"product","link":"https:\/\/www.libraria-occitana.org\/oc\/produch\/travaux-darcheologie-limousine-tome-36\/","title":{"rendered":"Travaux d&#8217;arch\u00e9ologie limousine Tome 36"},"content":{"rendered":"<p><strong>\u00c9tudes :<\/strong><\/p>\n<ul>\n<li>Pierre-Yves Demars (p.11-31) :\u00a0Le Limousin des N\u00e9andertaliens<br \/>\n(Pal\u00e9olithique moyen, N\u00e9anderthal, Moust\u00e9rien, Limousin, La Chapelle-aux-Saints, La Fage)<\/li>\n<li>Jean-Michel Desbordes (p.33-51) :\u00a0Recherches sur le statut g\u00e9opolitique de l\u2019oppidum de Villejoubert (c. de Saint-Denis-des-Murs, Haute-Vienne)<br \/>\n(Amphores Dressel 1a, Augustoritum, circuits routiers, emporium, empoutrage, graffite gallo-latin, oppidum, porte, rempart p\u00e9riph\u00e9rique)<\/li>\n<li>Robert Bedon (p.53-60) :\u00a0Retour sur l\u2019interpr\u00e9tation d\u2019un texte retrouv\u00e9 \u00e0 Limoges sur un plat d\u2019\u00e9poque August\u00e9enne<br \/>\n(Augustoritum, Limoges, sanctuaire august\u00e9en, \u00e9pigraphie gallo-romaine, onomastique gauloise, graffites, ex-voto)<\/li>\n<li>Christophe Maniquet et Jean-Pierre Loustaud (p.61-135) :\u00a0Foss\u00e9 p\u00e9riurbain et sanctuaire central : nouvelles recherches sur le rituel de fondation de la ville d\u2019Augustoritum\/Limoges<br \/>\n(Augustoritum, Limoges, foss\u00e9s p\u00e9riurbains, sanctuaire august\u00e9en fossoy\u00e9, puits et fosses, offrandes, rituels de fondation, syncr\u00e9tisme)<\/li>\n<li>H\u00e9l\u00e8ne Mav\u00e9raud-Tardiveau (p.137-154) :\u00a0Le culte de Jupiter dans la cit\u00e9 des L\u00e9movices<br \/>\n(Jupiter, Taranis, dieu \u00e0 la roue, statuaire, figurine en terre cuite, \u00e9pigraphie)<\/li>\n<\/ul>\n<p>&nbsp;<\/p>\n<p><strong>Notes :<\/strong><\/p>\n<ul>\n<li>Gilles Le Hello (p.157-164) :\u00a0Compl\u00e9ments d\u2019enqu\u00eate sur l\u2019occupation du sol pr\u00e8s des rives de la Rozeille (Creuse)<\/li>\n<li>Jean-Pierre Bost et Jean-Pierre Loustaud (p.165-170) :\u00a0Inscription gallo-romaine in\u00e9dite provenant de Limoges<\/li>\n<li>Paul Facq (p.171-175) :\u00a0Conicit\u00e9, carrure et d\u00e9vers sur deux bornes milliaires romaines \u00e0 3 000 km du Limousin<\/li>\n<li>Georges M\u00e9riguet (p.177-183) :\u00a0Bar (Corr\u00e8ze) : un d\u00e9cor sculpt\u00e9 de tradition tardo-antique sur une cuve baptismale \u00e0 plan lob\u00e9<\/li>\n<li>James Javellaud (p.185-193) :\u00a0\u00c9tude floristique de quatre mottes castrales au nord de Lubersac (Corr\u00e8ze)<\/li>\n<li>Jean-Michel Desbordes (p.195-200) :\u00a0Les microtoponymes au service de l\u2019arch\u00e9ologie : exemples en Limousin<\/li>\n<\/ul>\n","protected":false},"excerpt":{"rendered":"<p>\u00c9tudes : Pierre-Yves Demars (p.11-31) :\u00a0Le Limousin des N\u00e9andertaliens (Pal\u00e9olithique moyen, N\u00e9anderthal, Moust\u00e9rien, Limousin, La Chapelle-aux-Saints, La Fage) Jean-Michel Desbordes (p.33-51) :\u00a0Recherches sur le statut g\u00e9opolitique de l\u2019oppidum de Villejoubert (c. de Saint-Denis-des-Murs, Haute-Vienne) (Amphores Dressel 1a, Augustoritum, circuits routiers, emporium, empoutrage, graffite gallo-latin, oppidum, porte, rempart p\u00e9riph\u00e9rique) Robert Bedon (p.53-60) :\u00a0Retour sur l\u2019interpr\u00e9tation d\u2019un [&hellip;]<\/p>\n","protected":false},"featured_media":44414,"template":"","meta":{"_acf_changed":false,"_genesis_hide_title":false,"_genesis_hide_breadcrumbs":false,"_genesis_hide_singular_image":false,"_genesis_hide_footer_widgets":false,"_genesis_custom_body_class":"","_genesis_custom_post_class":"","_genesis_layout":""},"product_brand":[],"product_cat":[7155,7149,7133],"product_tag":[],"class_list":{"0":"post-44435","1":"product","2":"type-product","3":"status-publish","4":"has-post-thumbnail","6":"product_cat-istoria-antica-oc","7":"product_cat-istoria-geografia-oc","8":"product_cat-libres-oc","9":"pa_auteur-collectiu-oc-2","10":"pa_editeur-archeologie-en-limousin-oc","11":"pa_langue-francais-oc","12":"entry","14":"first","15":"instock","16":"shipping-taxable","17":"purchasable","18":"product-type-simple"},"acf":[],"_links":{"self":[{"href":"https:\/\/www.libraria-occitana.org\/oc\/wp-json\/wp\/v2\/product\/44435","targetHints":{"allow":["GET"]}}],"collection":[{"href":"https:\/\/www.libraria-occitana.org\/oc\/wp-json\/wp\/v2\/product"}],"about":[{"href":"https:\/\/www.libraria-occitana.org\/oc\/wp-json\/wp\/v2\/types\/product"}],"wp:featuredmedia":[{"embeddable":true,"href":"https:\/\/www.libraria-occitana.org\/oc\/wp-json\/wp\/v2\/media\/44414"}],"wp:attachment":[{"href":"https:\/\/www.libraria-occitana.org\/oc\/wp-json\/wp\/v2\/media?parent=44435"}],"wp:term":[{"taxonomy":"product_brand","embeddable":true,"href":"https:\/\/www.libraria-occitana.org\/oc\/wp-json\/wp\/v2\/product_brand?post=44435"},{"taxonomy":"product_cat","embeddable":true,"href":"https:\/\/www.libraria-occitana.org\/oc\/wp-json\/wp\/v2\/product_cat?post=44435"},{"taxonomy":"product_tag","embeddable":true,"href":"https:\/\/www.libraria-occitana.org\/oc\/wp-json\/wp\/v2\/product_tag?post=44435"}],"curies":[{"name":"wp","href":"https:\/\/api.w.org\/{rel}","templated":true}]}}