{"id":44438,"date":"2017-10-05T18:19:54","date_gmt":"2017-10-05T16:19:54","guid":{"rendered":"http:\/\/www.libraria-occitana.org\/?post_type=product&#038;p=44438"},"modified":"2026-04-29T07:01:58","modified_gmt":"2026-04-29T05:01:58","slug":"travaux-darcheologie-limousine-tome-37","status":"publish","type":"product","link":"https:\/\/www.libraria-occitana.org\/oc\/produch\/travaux-darcheologie-limousine-tome-37\/","title":{"rendered":"Travaux d&#8217;arch\u00e9ologie limousine Tome 37"},"content":{"rendered":"<p><strong>\u00c9tudes :<\/strong><\/p>\n<ul>\n<li>Christophe Maniquet (p. 11-42) : Le d\u00e9p\u00f4t de mobilier gaulois du sanctuaire des Ar\u00e8nes de Tintignac (c. de Naves, 19) : description, comparaisons et hypoth\u00e8ses.<br \/>\n(d\u00e9p\u00f4t, Tintignac, \u00c2ge du Fer, carnyx, armes, sanctuaire, pratiques rituelles, mutilation)<\/li>\n<li>Guy Lintz (p. 43-94) : Les structures des s\u00e9pultures gallo-romaines en Limousin.<br \/>\n(cippe, coffre fun\u00e9raire, \u00e9pitaphe, fosse fun\u00e9raire, incin\u00e9ration, inhumation, lion fun\u00e9raire, mausol\u00e9e, n\u00e9cropole, sarcophage, tumulus, urne fun\u00e9raire)<\/li>\n<li>Nicole Raynaud (p. 95-106) : Recherches sur le prieur\u00e9 de Ch\u00e2tain (Saint-Barbant, Haute-Vienne) et son environnement forestier.<br \/>\n(foss\u00e9, oratoire, modillon, \u00e9r\u00e9mitisme, c\u00e9nobitisme, for\u00eat, d\u00e9boisement, essart)<\/li>\n<li>Brigitte V\u00e9quaud (p. 107-136) : Deux latrines combl\u00e9es aux XIVe- XVe si\u00e8cles associ\u00e9es aux maisons canoniales du chapitre cath\u00e9dral de Limoges (Haute-Vienne) : un abondant et luxueux mobilier c\u00e9ramique, entre production locale et importation.<br \/>\n(c\u00e9ramique, latrines, bas Moyen \u00c2ge, production locale, importation, typologie, chronologie, faune, chanoine, \u00e9v\u00each\u00e9, cave)<\/li>\n<\/ul>\n<p>&nbsp;<\/p>\n<p><strong>Notes :<\/strong><\/p>\n<ul>\n<li>Marie-H\u00e9l\u00e8ne Jamois (p. 139-160) : Le Puy-des-Ferri\u00e8res (c. de Seilhac, Corr\u00e8ze) un site de hauteur fr\u00e9quent\u00e9 durant la Pr\u00e9histoire : pr\u00e9sentation et potentialit\u00e9s.<br \/>\n(biface, \u00e9pipal\u00e9olithique, \u00e9rosion, fr\u00e9quentation saisonni\u00e8re, haches polies, meules, N\u00e9olithique R\u00e9cent-Final, nucl\u00e9us \u00e0 lamelles, poignards, Pr\u00e9histoire, ramassage de surface, station de plein air)<\/li>\n<li>Jean-Michel Desbordes (p. 161-168) : L\u2019ancien carrefour de Sainte Eulalie (c. d\u2019Uzerche, Corr\u00e8ze).<br \/>\n(amphore, baptist\u00e8re, carrefour, \u00e9peron topographique, itin\u00e9raire de long parcours)<\/li>\n<li>Jean-Pierre Bost, Xavier Lhermite et Jean-Pierre Loustaud (p. 169-178) : Des chiffres et des lettres : relecture et nouveaut\u00e9s \u00e9pigraphiques \u00e0 Limoges.<br \/>\n(graffitis gaulois, famille Annia, Limoges antique, famille Cantia)<\/li>\n<li>Jean-Pierre Bost et Georges M\u00e9riguet (p. 179-182) : Un t\u00e9moignage in\u00e9dit du culte de Mithra en limousin ?<br \/>\n(Mithra, dadophore, granite local, implantation rurale)<\/li>\n<\/ul>\n","protected":false},"excerpt":{"rendered":"<p>\u00c9tudes : Christophe Maniquet (p. 11-42) : Le d\u00e9p\u00f4t de mobilier gaulois du sanctuaire des Ar\u00e8nes de Tintignac (c. de Naves, 19) : description, comparaisons et hypoth\u00e8ses. (d\u00e9p\u00f4t, Tintignac, \u00c2ge du Fer, carnyx, armes, sanctuaire, pratiques rituelles, mutilation) Guy Lintz (p. 43-94) : Les structures des s\u00e9pultures gallo-romaines en Limousin. (cippe, coffre fun\u00e9raire, \u00e9pitaphe, fosse [&hellip;]<\/p>\n","protected":false},"featured_media":44417,"template":"","meta":{"_acf_changed":false,"_genesis_hide_title":false,"_genesis_hide_breadcrumbs":false,"_genesis_hide_singular_image":false,"_genesis_hide_footer_widgets":false,"_genesis_custom_body_class":"","_genesis_custom_post_class":"","_genesis_layout":""},"product_brand":[],"product_cat":[7155,7149,7133],"product_tag":[],"class_list":{"0":"post-44438","1":"product","2":"type-product","3":"status-publish","4":"has-post-thumbnail","6":"product_cat-istoria-antica-oc","7":"product_cat-istoria-geografia-oc","8":"product_cat-libres-oc","9":"pa_auteur-collectiu-oc-2","10":"pa_editeur-archeologie-en-limousin-oc","11":"pa_langue-francais-oc","12":"entry","14":"first","15":"instock","16":"shipping-taxable","17":"purchasable","18":"product-type-simple"},"acf":[],"_links":{"self":[{"href":"https:\/\/www.libraria-occitana.org\/oc\/wp-json\/wp\/v2\/product\/44438","targetHints":{"allow":["GET"]}}],"collection":[{"href":"https:\/\/www.libraria-occitana.org\/oc\/wp-json\/wp\/v2\/product"}],"about":[{"href":"https:\/\/www.libraria-occitana.org\/oc\/wp-json\/wp\/v2\/types\/product"}],"wp:featuredmedia":[{"embeddable":true,"href":"https:\/\/www.libraria-occitana.org\/oc\/wp-json\/wp\/v2\/media\/44417"}],"wp:attachment":[{"href":"https:\/\/www.libraria-occitana.org\/oc\/wp-json\/wp\/v2\/media?parent=44438"}],"wp:term":[{"taxonomy":"product_brand","embeddable":true,"href":"https:\/\/www.libraria-occitana.org\/oc\/wp-json\/wp\/v2\/product_brand?post=44438"},{"taxonomy":"product_cat","embeddable":true,"href":"https:\/\/www.libraria-occitana.org\/oc\/wp-json\/wp\/v2\/product_cat?post=44438"},{"taxonomy":"product_tag","embeddable":true,"href":"https:\/\/www.libraria-occitana.org\/oc\/wp-json\/wp\/v2\/product_tag?post=44438"}],"curies":[{"name":"wp","href":"https:\/\/api.w.org\/{rel}","templated":true}]}}