{"id":44441,"date":"2018-10-05T18:32:07","date_gmt":"2018-10-05T16:32:07","guid":{"rendered":"http:\/\/www.libraria-occitana.org\/?post_type=product&#038;p=44441"},"modified":"2026-04-15T06:11:15","modified_gmt":"2026-04-15T04:11:15","slug":"travaux-darcheologie-limousine-tome-38","status":"publish","type":"product","link":"https:\/\/www.libraria-occitana.org\/oc\/produch\/travaux-darcheologie-limousine-tome-38\/","title":{"rendered":"Travaux d&#8217;arch\u00e9ologie limousine Tome 38"},"content":{"rendered":"<p><strong>\u00c9tudes :<\/strong><\/p>\n<ul>\n<li>Pierre-Yves Demars (p. 11-32) : La colonisation du plateau limousin par les derniers chasseurs-cueilleurs : le r\u00f4le du climat<\/li>\n<li>Christian Vallet, Lucien-Jean Bort, Adrien Montigny et Jean-Pierre Mugg (p. 33-46) : Une s\u00e9pulture du cerf appelant \u00e0 Augustoritum\/limoges : la chasse au cerf appelant dans l\u2019Antiquit\u00e9 gallo-romaine<\/li>\n<li>Christophe Maniquet (p.47-74) Ahun (Creuse) : Du <em>vicus<\/em> gallo-romain au bourg m\u00e9di\u00e9val<\/li>\n<li>Jean-Pierre Bost et Jean-Michel Desbordes (p. 75-90) : Les inscriptions antiques d\u2019Ahun (Creuse) : \u00e9l\u00e9ments pour l\u2019histoire d\u2019Acitodunum<\/li>\n<li>Florent Comte (p. 91-102) : L\u2019utilisation des nouvelles technologies dans l\u2019\u00e9tude des inscriptions anciennes<\/li>\n<li>Nicole Raynaud (p. 103-114) : La chartreuse de Mortemart : \u00e0 la recherche de vestiges<\/li>\n<li>Philippe Racinet et Julie Colaye (p. 115-150) : L\u2019abbaye chef d\u2019ordre de Grandmont (Haute-Vienne) : aper\u00e7u des recherches pluridisciplinaires men\u00e9es depuis 2013<\/li>\n<\/ul>\n<p>&nbsp;<\/p>\n<p><strong>Notes :<\/strong><\/p>\n<ul>\n<li>Marie-H\u00e9l\u00e8ne Jamois (p. 153-168) : Derniers apports de l\u2019arch\u00e9ologie pr\u00e9ventive sur le Pal\u00e9olithique Moyen en Limousin : des artefacts sur quartz et quartzite d\u00e9couverts dans le Bassin de Brive (Corr\u00e8ze) en position secondaire.<\/li>\n<li>Fabien Loubignac (p. 169-192) : L\u2019arch\u00e9ologie au service du pass\u00e9 : l\u2019apport du LIDAR sur le site du Puy-du-Tour et son environnement (c. de Monceaux-sur-Dordogne et Argentat-sur-Dordogne, (Corr\u00e8ze)<\/li>\n<li>Laurent Pelpel (p. 193-198) : Un pont romain sur la Vienne \u00e0 Cassinomagus\/Chassenon (Charente)<\/li>\n<\/ul>\n","protected":false},"excerpt":{"rendered":"<p>\u00c9tudes : Pierre-Yves Demars (p. 11-32) : La colonisation du plateau limousin par les derniers chasseurs-cueilleurs : le r\u00f4le du climat Christian Vallet, Lucien-Jean Bort, Adrien Montigny et Jean-Pierre Mugg (p. 33-46) : Une s\u00e9pulture du cerf appelant \u00e0 Augustoritum\/limoges : la chasse au cerf appelant dans l\u2019Antiquit\u00e9 gallo-romaine Christophe Maniquet (p.47-74) Ahun (Creuse) : [&hellip;]<\/p>\n","protected":false},"featured_media":44426,"template":"","meta":{"_acf_changed":false,"_genesis_hide_title":false,"_genesis_hide_breadcrumbs":false,"_genesis_hide_singular_image":false,"_genesis_hide_footer_widgets":false,"_genesis_custom_body_class":"","_genesis_custom_post_class":"","_genesis_layout":""},"product_brand":[],"product_cat":[7155,7161,7149,7133],"product_tag":[],"class_list":{"0":"post-44441","1":"product","2":"type-product","3":"status-publish","4":"has-post-thumbnail","6":"product_cat-istoria-antica-oc","7":"product_cat-istoria-medievala-oc","8":"product_cat-istoria-geografia-oc","9":"product_cat-libres-oc","10":"pa_auteur-collectiu-oc-2","11":"pa_editeur-archeologie-en-limousin-oc","12":"pa_langue-francais-oc","13":"entry","15":"first","16":"instock","17":"shipping-taxable","18":"purchasable","19":"product-type-simple"},"acf":[],"_links":{"self":[{"href":"https:\/\/www.libraria-occitana.org\/oc\/wp-json\/wp\/v2\/product\/44441","targetHints":{"allow":["GET"]}}],"collection":[{"href":"https:\/\/www.libraria-occitana.org\/oc\/wp-json\/wp\/v2\/product"}],"about":[{"href":"https:\/\/www.libraria-occitana.org\/oc\/wp-json\/wp\/v2\/types\/product"}],"wp:featuredmedia":[{"embeddable":true,"href":"https:\/\/www.libraria-occitana.org\/oc\/wp-json\/wp\/v2\/media\/44426"}],"wp:attachment":[{"href":"https:\/\/www.libraria-occitana.org\/oc\/wp-json\/wp\/v2\/media?parent=44441"}],"wp:term":[{"taxonomy":"product_brand","embeddable":true,"href":"https:\/\/www.libraria-occitana.org\/oc\/wp-json\/wp\/v2\/product_brand?post=44441"},{"taxonomy":"product_cat","embeddable":true,"href":"https:\/\/www.libraria-occitana.org\/oc\/wp-json\/wp\/v2\/product_cat?post=44441"},{"taxonomy":"product_tag","embeddable":true,"href":"https:\/\/www.libraria-occitana.org\/oc\/wp-json\/wp\/v2\/product_tag?post=44441"}],"curies":[{"name":"wp","href":"https:\/\/api.w.org\/{rel}","templated":true}]}}