{"id":44462,"date":"2018-05-06T11:43:47","date_gmt":"2018-05-06T09:43:47","guid":{"rendered":"http:\/\/www.libraria-occitana.org\/?post_type=product&#038;p=44462"},"modified":"2026-04-02T20:41:24","modified_gmt":"2026-04-02T18:41:24","slug":"contes-de-la-calandreta-libre-cd","status":"publish","type":"product","link":"https:\/\/www.libraria-occitana.org\/oc\/produch\/contes-de-la-calandreta-libre-cd\/","title":{"rendered":"Contes de la calandreta (libre + CD)"},"content":{"rendered":"<p>Dins una lenga simpla e aisida, Andrieu Lagarda a recampats pels enfants de racontes agradius tirats de la tradicion populara occitana coma Lo conte de la dentilha, Quequerequet, Lo lop penjat, la l\u00e8bre e l&#8217;eiri\u00e7on, La fava de Sant P\u00e8ire, Lo p\u00f2t de la m\u00e8l, Las crabidetas\u2026 o d&#8217;autras tradicions d&#8217;Eur\u00f2pa coma La galineta roja, Lo c\u00e8l tomba, Saurineta e los tres orses, Poleta rosseta, L&#8217;\u00f2rre tironet, Los s\u00e8t corbasses\u2026<br \/>\nUn libre dedicat als escolans de las calandretas coma de las esc\u00f2las publicas.<br \/>\nAcompanhat d&#8217;un lexic.<\/p>\n<p>Illustracion de cuberta de Sofia Vissi\u00e8re.\u00a01 CD mp3 de 1h58.<\/p>\n","protected":false},"excerpt":{"rendered":"<p>Dins una lenga simpla e aisida, Andrieu Lagarda a recampats pels enfants de racontes agradius tirats de la tradicion populara occitana coma Lo conte de la dentilha, Quequerequet, Lo lop penjat, la l\u00e8bre e l&#8217;eiri\u00e7on, La fava de Sant P\u00e8ire, Lo p\u00f2t de la m\u00e8l, Las crabidetas\u2026 o d&#8217;autras tradicions d&#8217;Eur\u00f2pa coma La galineta roja, [&hellip;]<\/p>\n","protected":false},"featured_media":23525,"template":"","meta":{"_acf_changed":false,"_genesis_hide_title":false,"_genesis_hide_breadcrumbs":false,"_genesis_hide_singular_image":false,"_genesis_hide_footer_widgets":false,"_genesis_custom_body_class":"","_genesis_custom_post_class":"","_genesis_layout":""},"product_brand":[],"product_cat":[7133,7175,7177],"product_tag":[],"class_list":{"0":"post-44462","1":"product","2":"type-product","3":"status-publish","4":"has-post-thumbnail","6":"product_cat-libres-oc","7":"product_cat-literatura-oc","8":"product_cat-contes-fablas-oc","9":"pa_auteur-lagarda-andrieu-oc","10":"pa_editeur-letras-doc-oc","11":"pa_langue-occitan-oc","12":"pa_langue-occitan-lengadocian-oc","13":"entry","15":"first","16":"instock","17":"shipping-taxable","18":"purchasable","19":"product-type-simple"},"acf":[],"_links":{"self":[{"href":"https:\/\/www.libraria-occitana.org\/oc\/wp-json\/wp\/v2\/product\/44462","targetHints":{"allow":["GET"]}}],"collection":[{"href":"https:\/\/www.libraria-occitana.org\/oc\/wp-json\/wp\/v2\/product"}],"about":[{"href":"https:\/\/www.libraria-occitana.org\/oc\/wp-json\/wp\/v2\/types\/product"}],"wp:featuredmedia":[{"embeddable":true,"href":"https:\/\/www.libraria-occitana.org\/oc\/wp-json\/wp\/v2\/media\/23525"}],"wp:attachment":[{"href":"https:\/\/www.libraria-occitana.org\/oc\/wp-json\/wp\/v2\/media?parent=44462"}],"wp:term":[{"taxonomy":"product_brand","embeddable":true,"href":"https:\/\/www.libraria-occitana.org\/oc\/wp-json\/wp\/v2\/product_brand?post=44462"},{"taxonomy":"product_cat","embeddable":true,"href":"https:\/\/www.libraria-occitana.org\/oc\/wp-json\/wp\/v2\/product_cat?post=44462"},{"taxonomy":"product_tag","embeddable":true,"href":"https:\/\/www.libraria-occitana.org\/oc\/wp-json\/wp\/v2\/product_tag?post=44462"}],"curies":[{"name":"wp","href":"https:\/\/api.w.org\/{rel}","templated":true}]}}