{"id":44505,"date":"2018-08-11T12:33:49","date_gmt":"2018-08-11T10:33:49","guid":{"rendered":"http:\/\/www.libraria-occitana.org\/?post_type=product&#038;p=44505"},"modified":"2024-07-04T00:24:15","modified_gmt":"2024-07-03T22:24:15","slug":"jacquou-le-croquant","status":"publish","type":"product","link":"https:\/\/www.libraria-occitana.org\/oc\/produch\/jacquou-le-croquant\/","title":{"rendered":"Jacquou le Croquant"},"content":{"rendered":"<p>C&#8217;est un obscur fonctionnaire de Montignac, en Dordogne &#8211; Eug\u00e8ne Le Roy -, qui r\u00e9alisera, vingt ans apr\u00e8s la mort de Michelet, le v\u0153u c\u00e9l\u00e8bre de l&#8217;historien d&#8217;\u00e9crire un livre populaire : un livre qui s&#8217;adresse au peuple, lui raconte son histoire, exprime sa r\u00e9volte \u00e0 l&#8217;\u00e9gard des puissants qui l&#8217;oppriment et son inqui\u00e9tude face \u00e0 la disparition. du monde rural et des modes de vie traditionnels.<br \/>\nDans une \u0153uvre \u00e0 la fois na\u00efve et color\u00e9e, sombre et cruelle, Le Roy met la fiction au service de la m\u00e9moire collective. Il offre, en m\u00eame temps qu&#8217;un document sur la vie rurale &#8211; symbole de toutes les souffrances paysannes dans le bas P\u00e9rigord au d\u00e9but du XIXe si\u00e8cle -, un roman d&#8217;aventures militant, dans lequel le discours sur la France de cette \u00e9poque double en permanence le r\u00e9cit d&#8217;une r\u00e9volte paysanne sous la Restauration ; un conte auquel ne manquent ni les loups ni les sorci\u00e8res, mais un conte politique, anim\u00e9 par la revendication de justice sociale et travers\u00e9 par le souffle immense de l&#8217;\u00e9pop\u00e9e r\u00e9volutionnaire.<\/p>\n","protected":false},"excerpt":{"rendered":"<p>C&#8217;est un obscur fonctionnaire de Montignac, en Dordogne &#8211; Eug\u00e8ne Le Roy -, qui r\u00e9alisera, vingt ans apr\u00e8s la mort de Michelet, le v\u0153u c\u00e9l\u00e8bre de l&#8217;historien d&#8217;\u00e9crire un livre populaire : un livre qui s&#8217;adresse au peuple, lui raconte son histoire, exprime sa r\u00e9volte \u00e0 l&#8217;\u00e9gard des puissants qui l&#8217;oppriment et son inqui\u00e9tude face [&hellip;]<\/p>\n","protected":false},"featured_media":45838,"template":"","meta":{"_acf_changed":false,"_genesis_hide_title":false,"_genesis_hide_breadcrumbs":false,"_genesis_hide_singular_image":false,"_genesis_hide_footer_widgets":false,"_genesis_custom_body_class":"","_genesis_custom_post_class":"","_genesis_layout":""},"product_brand":[],"product_cat":[7133,7175,7183],"product_tag":[],"class_list":{"0":"post-44505","1":"product","2":"type-product","3":"status-publish","4":"has-post-thumbnail","6":"product_cat-libres-oc","7":"product_cat-literatura-oc","8":"product_cat-romans-novelas-oc","9":"pa_auteur-le-roy-eugene-oc","10":"pa_editeur-lgf-oc","11":"pa_langue-francais-oc","12":"entry","14":"first","15":"outofstock","16":"shipping-taxable","17":"purchasable","18":"product-type-simple"},"acf":[],"_links":{"self":[{"href":"https:\/\/www.libraria-occitana.org\/oc\/wp-json\/wp\/v2\/product\/44505","targetHints":{"allow":["GET"]}}],"collection":[{"href":"https:\/\/www.libraria-occitana.org\/oc\/wp-json\/wp\/v2\/product"}],"about":[{"href":"https:\/\/www.libraria-occitana.org\/oc\/wp-json\/wp\/v2\/types\/product"}],"wp:featuredmedia":[{"embeddable":true,"href":"https:\/\/www.libraria-occitana.org\/oc\/wp-json\/wp\/v2\/media\/45838"}],"wp:attachment":[{"href":"https:\/\/www.libraria-occitana.org\/oc\/wp-json\/wp\/v2\/media?parent=44505"}],"wp:term":[{"taxonomy":"product_brand","embeddable":true,"href":"https:\/\/www.libraria-occitana.org\/oc\/wp-json\/wp\/v2\/product_brand?post=44505"},{"taxonomy":"product_cat","embeddable":true,"href":"https:\/\/www.libraria-occitana.org\/oc\/wp-json\/wp\/v2\/product_cat?post=44505"},{"taxonomy":"product_tag","embeddable":true,"href":"https:\/\/www.libraria-occitana.org\/oc\/wp-json\/wp\/v2\/product_tag?post=44505"}],"curies":[{"name":"wp","href":"https:\/\/api.w.org\/{rel}","templated":true}]}}