{"id":44520,"date":"2018-10-11T13:24:47","date_gmt":"2018-10-11T11:24:47","guid":{"rendered":"http:\/\/www.libraria-occitana.org\/?post_type=product&#038;p=44520"},"modified":"2026-04-29T01:51:33","modified_gmt":"2026-04-28T23:51:33","slug":"chef-de-guerre-autobiographie","status":"publish","type":"product","link":"https:\/\/www.libraria-occitana.org\/oc\/produch\/chef-de-guerre-autobiographie\/","title":{"rendered":"Chef de guerre : Autobiographie"},"content":{"rendered":"<p style=\"text-align: center;\"><em>Quand on a commenc\u00e9 \u00e0 remonter la Rock River,<\/em><br \/>\n<em>on a fait rugir nos tambours et mugir nos chants<\/em><br \/>\n<em>pour montrer aux Am\u00e9ricains qu&#8217;on n&#8217;avait pas peur.<\/em><\/p>\n<p>En 1832, sur le cours du haut Mississippi, Black Hawk, chef des Indiens Sauks, refuse d&#8217;abandonner ses terres aux colons am\u00e9ricains. Il se lance dans une guerre \u00e9ph\u00e9m\u00e8re mais violente avant d&#8217;\u00eatre contraint \u00e0 capituler.<br \/>\nDurant sa captivit\u00e9, il r\u00e9dige avec l&#8217;aide d&#8217;un interpr\u00e8te son autobiographie, qui deviendra un best-seller et fera de lui une figure tragique de grand chef indompt\u00e9. Bien avant les fameuses <em>M\u00e9moires<\/em> de Geronimo, il y expose une autre vision du monde et de l&#8217;histoire, et fait entendre la voix des Am\u00e9rindiens \u00e9cras\u00e9s.<br \/>\nMais, en racontant ses combats depuis le temps de sa jeunesse jusqu&#8217;\u00e0 la guerre qui fera sa renomm\u00e9e, il porte aussi un dernier coup, par l&#8217;\u00e9crit cette fois, \u00e0 ses ennemis victorieux.<br \/>\nSon autobiographie n&#8217;avait jamais \u00e9t\u00e9 traduite en fran\u00e7ais.<\/p>\n","protected":false},"excerpt":{"rendered":"<p>Quand on a commenc\u00e9 \u00e0 remonter la Rock River, on a fait rugir nos tambours et mugir nos chants pour montrer aux Am\u00e9ricains qu&#8217;on n&#8217;avait pas peur. En 1832, sur le cours du haut Mississippi, Black Hawk, chef des Indiens Sauks, refuse d&#8217;abandonner ses terres aux colons am\u00e9ricains. Il se lance dans une guerre \u00e9ph\u00e9m\u00e8re [&hellip;]<\/p>\n","protected":false},"featured_media":45886,"template":"","meta":{"_acf_changed":false,"_genesis_hide_title":false,"_genesis_hide_breadcrumbs":false,"_genesis_hide_singular_image":false,"_genesis_hide_footer_widgets":false,"_genesis_custom_body_class":"","_genesis_custom_post_class":"","_genesis_layout":""},"product_brand":[],"product_cat":[7133,7175,7187],"product_tag":[],"class_list":{"0":"post-44520","1":"product","2":"type-product","3":"status-publish","4":"has-post-thumbnail","6":"product_cat-libres-oc","7":"product_cat-literatura-oc","8":"product_cat-temonhatges-memoris-oc","9":"pa_auteur-black-hawk-oc","10":"pa_editeur-anacharsis-oc","11":"pa_langue-francais-oc","12":"entry","14":"first","15":"outofstock","16":"shipping-taxable","17":"purchasable","18":"product-type-simple"},"acf":[],"_links":{"self":[{"href":"https:\/\/www.libraria-occitana.org\/oc\/wp-json\/wp\/v2\/product\/44520","targetHints":{"allow":["GET"]}}],"collection":[{"href":"https:\/\/www.libraria-occitana.org\/oc\/wp-json\/wp\/v2\/product"}],"about":[{"href":"https:\/\/www.libraria-occitana.org\/oc\/wp-json\/wp\/v2\/types\/product"}],"wp:featuredmedia":[{"embeddable":true,"href":"https:\/\/www.libraria-occitana.org\/oc\/wp-json\/wp\/v2\/media\/45886"}],"wp:attachment":[{"href":"https:\/\/www.libraria-occitana.org\/oc\/wp-json\/wp\/v2\/media?parent=44520"}],"wp:term":[{"taxonomy":"product_brand","embeddable":true,"href":"https:\/\/www.libraria-occitana.org\/oc\/wp-json\/wp\/v2\/product_brand?post=44520"},{"taxonomy":"product_cat","embeddable":true,"href":"https:\/\/www.libraria-occitana.org\/oc\/wp-json\/wp\/v2\/product_cat?post=44520"},{"taxonomy":"product_tag","embeddable":true,"href":"https:\/\/www.libraria-occitana.org\/oc\/wp-json\/wp\/v2\/product_tag?post=44520"}],"curies":[{"name":"wp","href":"https:\/\/api.w.org\/{rel}","templated":true}]}}