{"id":44526,"date":"2010-03-11T13:38:16","date_gmt":"2010-03-11T12:38:16","guid":{"rendered":"http:\/\/www.libraria-occitana.org\/?post_type=product&#038;p=44526"},"modified":"2026-04-18T00:16:12","modified_gmt":"2026-04-17T22:16:12","slug":"peintures-recettes-maison","status":"publish","type":"product","link":"https:\/\/www.libraria-occitana.org\/oc\/produch\/peintures-recettes-maison\/","title":{"rendered":"Peintures : Recettes maison"},"content":{"rendered":"<p>Pourquoi choisir de fabriquer soi-m\u00eame sa peinture ?<br \/>\nParce que les peintures naturelles sont non seulement belles d\u00e8s leur application, mais qu&#8217;elles se patinent et restent esth\u00e9tiques en vieillissant.<br \/>\nEt comme elles sont faciles \u00e0 pr\u00e9parer et ne n\u00e9cessitent que quelques ingr\u00e9dients courants et bon march\u00e9, peindre chez soi redevient un plaisir \u00e0 partager.<br \/>\n\u00c0 cet agr\u00e9ment cr\u00e9atif s&#8217;ajoute un enjeu de sant\u00e9. L&#8217;air ambiant de nos pi\u00e8ces de vie est trop souvent pollu\u00e9 par des COV (compos\u00e9s organiques volatils) toxiques, pr\u00e9sents dans de nombreuses peintures synth\u00e9tiques. Concevoir une d\u00e9coration sans danger pour la sant\u00e9 ni pour l&#8217;environnement est donc une pr\u00e9occupation actuelle \u00e0 laquelle r\u00e9pondent les recettes simples que propose ce livre.<br \/>\nBas\u00e9es sur des techniques anciennes dont l&#8217;auteure est sp\u00e9cialiste, les peintures sont pr\u00e9par\u00e9es \u00e0 partir de produits naturels, \u00e9cologiques et \u00e9conomiques : \u0153ufs, bi\u00e8re ou m\u00eame f\u00e9cule de pomme de terre&#8230; Selon l&#8217;inspiration, elles peuvent ensuite \u00eatre mises en \u0153uvre avec des effets d\u00e9coratifs, des plus simples aux plus \u00e9labor\u00e9s. Avec un peu de pratique, le lecteur pourra cr\u00e9er ses propres variantes, et jouer avec les mati\u00e8res, les couleurs et les textures.<\/p>\n","protected":false},"excerpt":{"rendered":"<p>Pourquoi choisir de fabriquer soi-m\u00eame sa peinture ? Parce que les peintures naturelles sont non seulement belles d\u00e8s leur application, mais qu&#8217;elles se patinent et restent esth\u00e9tiques en vieillissant. Et comme elles sont faciles \u00e0 pr\u00e9parer et ne n\u00e9cessitent que quelques ingr\u00e9dients courants et bon march\u00e9, peindre chez soi redevient un plaisir \u00e0 partager. \u00c0 [&hellip;]<\/p>\n","protected":false},"featured_media":45806,"template":"","meta":{"_acf_changed":false,"_genesis_hide_title":false,"_genesis_hide_breadcrumbs":false,"_genesis_hide_singular_image":false,"_genesis_hide_footer_widgets":false,"_genesis_custom_body_class":"","_genesis_custom_post_class":"","_genesis_layout":""},"product_brand":[],"product_cat":[7133,7213,7207],"product_tag":[],"class_list":{"0":"post-44526","1":"product","2":"type-product","3":"status-publish","4":"has-post-thumbnail","6":"product_cat-libres-oc","7":"product_cat-metiers-saubre-far-oc","8":"product_cat-tradicions-patrimoni-oc","9":"pa_auteur-vanesse-marie-oc","10":"pa_editeur-le-bec-en-lair-oc","11":"pa_illustrateur-lecloux-frederic-oc","12":"pa_langue-francais-oc","13":"entry","15":"first","16":"instock","17":"shipping-taxable","18":"purchasable","19":"product-type-simple"},"acf":[],"_links":{"self":[{"href":"https:\/\/www.libraria-occitana.org\/oc\/wp-json\/wp\/v2\/product\/44526","targetHints":{"allow":["GET"]}}],"collection":[{"href":"https:\/\/www.libraria-occitana.org\/oc\/wp-json\/wp\/v2\/product"}],"about":[{"href":"https:\/\/www.libraria-occitana.org\/oc\/wp-json\/wp\/v2\/types\/product"}],"wp:featuredmedia":[{"embeddable":true,"href":"https:\/\/www.libraria-occitana.org\/oc\/wp-json\/wp\/v2\/media\/45806"}],"wp:attachment":[{"href":"https:\/\/www.libraria-occitana.org\/oc\/wp-json\/wp\/v2\/media?parent=44526"}],"wp:term":[{"taxonomy":"product_brand","embeddable":true,"href":"https:\/\/www.libraria-occitana.org\/oc\/wp-json\/wp\/v2\/product_brand?post=44526"},{"taxonomy":"product_cat","embeddable":true,"href":"https:\/\/www.libraria-occitana.org\/oc\/wp-json\/wp\/v2\/product_cat?post=44526"},{"taxonomy":"product_tag","embeddable":true,"href":"https:\/\/www.libraria-occitana.org\/oc\/wp-json\/wp\/v2\/product_tag?post=44526"}],"curies":[{"name":"wp","href":"https:\/\/api.w.org\/{rel}","templated":true}]}}