{"id":44529,"date":"2016-06-11T14:43:37","date_gmt":"2016-06-11T12:43:37","guid":{"rendered":"http:\/\/www.libraria-occitana.org\/?post_type=product&#038;p=44529"},"modified":"2026-04-29T10:15:24","modified_gmt":"2026-04-29T08:15:24","slug":"materia-dautres-materiaux-pour-le-jardin","status":"publish","type":"product","link":"https:\/\/www.libraria-occitana.org\/oc\/produch\/materia-dautres-materiaux-pour-le-jardin\/","title":{"rendered":"Materia : D&#8217;autres mat\u00e9riaux pour le jardin"},"content":{"rendered":"<p>Alors que les jardineries pr\u00e9sentent toujours plus de produits manufactur\u00e9s, ce livre est une invitation \u00e0 renouer avec les mat\u00e9riaux disponibles dans notre environnement proche. Bois, pierre, terre cuite, verre, paille ou m\u00e9tal oxyd\u00e9, ces mat\u00e9riaux modestes peuvent retrouver une place de choix dans tous les jardins, m\u00eame les plus contemporains. S&#8217;il existe de nombreux livres sur les techniques de jardinage, peu d&#8217;importance est en revanche accord\u00e9e aux \u00e9l\u00e9ments qui peuvent structurer un jardin : cl\u00f4tures et pergolas, jardini\u00e8res et tontines, paillages, tressages, plessages&#8230; En s&#8217;appuyant sur de nombreux exemples pratiques, Patrick Genty et Alain Renouf proposent une approche sensible du jardin, \u00e0 la fois simple et \u00e9cologique.<\/p>\n","protected":false},"excerpt":{"rendered":"<p>Alors que les jardineries pr\u00e9sentent toujours plus de produits manufactur\u00e9s, ce livre est une invitation \u00e0 renouer avec les mat\u00e9riaux disponibles dans notre environnement proche. Bois, pierre, terre cuite, verre, paille ou m\u00e9tal oxyd\u00e9, ces mat\u00e9riaux modestes peuvent retrouver une place de choix dans tous les jardins, m\u00eame les plus contemporains. S&#8217;il existe de nombreux [&hellip;]<\/p>\n","protected":false},"featured_media":45812,"template":"","meta":{"_acf_changed":false,"_genesis_hide_title":false,"_genesis_hide_breadcrumbs":false,"_genesis_hide_singular_image":false,"_genesis_hide_footer_widgets":false,"_genesis_custom_body_class":"","_genesis_custom_post_class":"","_genesis_layout":""},"product_brand":[],"product_cat":[7133,7197,7201],"product_tag":[],"class_list":{"0":"post-44529","1":"product","2":"type-product","3":"status-publish","4":"has-post-thumbnail","6":"product_cat-libres-oc","7":"product_cat-natura-torisme-oc","8":"product_cat-natura-vargier-oc","9":"pa_auteur-genty-patrick-oc","10":"pa_auteur-renouf-alain-oc","11":"pa_editeur-le-bec-en-lair-oc","12":"pa_illustrateur-placet-olivier-oc","13":"pa_langue-francais-oc","14":"entry","16":"first","17":"outofstock","18":"shipping-taxable","19":"purchasable","20":"product-type-simple"},"acf":[],"_links":{"self":[{"href":"https:\/\/www.libraria-occitana.org\/oc\/wp-json\/wp\/v2\/product\/44529","targetHints":{"allow":["GET"]}}],"collection":[{"href":"https:\/\/www.libraria-occitana.org\/oc\/wp-json\/wp\/v2\/product"}],"about":[{"href":"https:\/\/www.libraria-occitana.org\/oc\/wp-json\/wp\/v2\/types\/product"}],"wp:featuredmedia":[{"embeddable":true,"href":"https:\/\/www.libraria-occitana.org\/oc\/wp-json\/wp\/v2\/media\/45812"}],"wp:attachment":[{"href":"https:\/\/www.libraria-occitana.org\/oc\/wp-json\/wp\/v2\/media?parent=44529"}],"wp:term":[{"taxonomy":"product_brand","embeddable":true,"href":"https:\/\/www.libraria-occitana.org\/oc\/wp-json\/wp\/v2\/product_brand?post=44529"},{"taxonomy":"product_cat","embeddable":true,"href":"https:\/\/www.libraria-occitana.org\/oc\/wp-json\/wp\/v2\/product_cat?post=44529"},{"taxonomy":"product_tag","embeddable":true,"href":"https:\/\/www.libraria-occitana.org\/oc\/wp-json\/wp\/v2\/product_tag?post=44529"}],"curies":[{"name":"wp","href":"https:\/\/api.w.org\/{rel}","templated":true}]}}