{"id":44541,"date":"2014-11-11T15:56:46","date_gmt":"2014-11-11T14:56:46","guid":{"rendered":"http:\/\/www.libraria-occitana.org\/?post_type=product&#038;p=44541"},"modified":"2026-04-02T22:21:53","modified_gmt":"2026-04-02T20:21:53","slug":"les-acacias-blancs-de-gelsa-du-front-de-lebre-aux-maquis-de-dordogne-nord","status":"publish","type":"product","link":"https:\/\/www.libraria-occitana.org\/oc\/produch\/les-acacias-blancs-de-gelsa-du-front-de-lebre-aux-maquis-de-dordogne-nord\/","title":{"rendered":"Les acacias blancs de Gelsa : Du front de l&#8217;Ebre aux maquis de Dordogne-Nord"},"content":{"rendered":"<p>Ce r\u00e9cit est fond\u00e9 sur les souvenirs de guerre de Jos\u00e9 Gonzalvo, h\u00e9ros oubli\u00e9 de la R\u00e9sistance en Dordogne, retrouv\u00e9 par l&#8217;auteur en juillet 2007, au terme d&#8217;une longue enqu\u00eate. On d\u00e9couvre le parcours de ce jeune gu\u00e9rillero espagnol, engag\u00e9 aux c\u00f4t\u00e9s des Republicanos d\u00e8s l&#8217;\u00e2ge de 15 ans, pour combattre sur le Front de l&#8217;Ebre contre l&#8217;arm\u00e9e franquiste.<br \/>\nContraint de traverser les Pyr\u00e9n\u00e9es apr\u00e8s la chute de Barcelone pour se r\u00e9fugier en France, il devient, apr\u00e8s des \u00e9preuves dans les Groupes de travailleurs \u00e9trangers (GTE), le chef d&#8217;un des premiers maquis FTPF de Dordogne. Charg\u00e9 de former les jeunes r\u00e9fractaires au STO, il m\u00e8ne la gu\u00e9rilla contre l&#8217;occupant, aux confins du Limousin et du P\u00e9rigord, des feuillardiers. Au cours de l&#8217;\u00e9t\u00e9 1944, il prend part aux combats qui pr\u00e9c\u00e8dent la lib\u00e9ration de P\u00e9rigueux, et met en place \u00e0 Saint-Yrieix-la-Perche un des bataillons qui vont participer \u00e0 la p\u00e9rilleuse op\u00e9ration Reconquista dans le val d&#8217;Aran. \u00c9labor\u00e9s \u00e0 partir des propos enregistr\u00e9s du capitaine Gonzalvo \u00d9son, ces m\u00e9moires apportent un regard de l&#8217;int\u00e9rieur sur la vie dans les maquis de Sarlande, Jumilhac, Excideuil, Thiviers, Nontron, et t\u00e9moignent du r\u00f4le m\u00e9connu que jou\u00e8rent de nombreux combattants espagnols dans la R\u00e9sistance.<\/p>\n","protected":false},"excerpt":{"rendered":"<p>Ce r\u00e9cit est fond\u00e9 sur les souvenirs de guerre de Jos\u00e9 Gonzalvo, h\u00e9ros oubli\u00e9 de la R\u00e9sistance en Dordogne, retrouv\u00e9 par l&#8217;auteur en juillet 2007, au terme d&#8217;une longue enqu\u00eate. On d\u00e9couvre le parcours de ce jeune gu\u00e9rillero espagnol, engag\u00e9 aux c\u00f4t\u00e9s des Republicanos d\u00e8s l&#8217;\u00e2ge de 15 ans, pour combattre sur le Front de [&hellip;]<\/p>\n","protected":false},"featured_media":45872,"template":"","meta":{"_acf_changed":false,"_genesis_hide_title":false,"_genesis_hide_breadcrumbs":false,"_genesis_hide_singular_image":false,"_genesis_hide_footer_widgets":false,"_genesis_custom_body_class":"","_genesis_custom_post_class":"","_genesis_layout":""},"product_brand":[],"product_cat":[7133,7175,7187,7149,7159],"product_tag":[],"class_list":{"0":"post-44541","1":"product","2":"type-product","3":"status-publish","4":"has-post-thumbnail","6":"product_cat-libres-oc","7":"product_cat-literatura-oc","8":"product_cat-temonhatges-memoris-oc","9":"product_cat-istoria-geografia-oc","10":"product_cat-istoria-moderna-e-contemporala-oc","11":"pa_auteur-belingard-christian-oc","12":"pa_editeur-fanlac-oc","13":"pa_langue-francais-oc","14":"entry","16":"first","17":"outofstock","18":"shipping-taxable","19":"purchasable","20":"product-type-simple"},"acf":[],"_links":{"self":[{"href":"https:\/\/www.libraria-occitana.org\/oc\/wp-json\/wp\/v2\/product\/44541","targetHints":{"allow":["GET"]}}],"collection":[{"href":"https:\/\/www.libraria-occitana.org\/oc\/wp-json\/wp\/v2\/product"}],"about":[{"href":"https:\/\/www.libraria-occitana.org\/oc\/wp-json\/wp\/v2\/types\/product"}],"wp:featuredmedia":[{"embeddable":true,"href":"https:\/\/www.libraria-occitana.org\/oc\/wp-json\/wp\/v2\/media\/45872"}],"wp:attachment":[{"href":"https:\/\/www.libraria-occitana.org\/oc\/wp-json\/wp\/v2\/media?parent=44541"}],"wp:term":[{"taxonomy":"product_brand","embeddable":true,"href":"https:\/\/www.libraria-occitana.org\/oc\/wp-json\/wp\/v2\/product_brand?post=44541"},{"taxonomy":"product_cat","embeddable":true,"href":"https:\/\/www.libraria-occitana.org\/oc\/wp-json\/wp\/v2\/product_cat?post=44541"},{"taxonomy":"product_tag","embeddable":true,"href":"https:\/\/www.libraria-occitana.org\/oc\/wp-json\/wp\/v2\/product_tag?post=44541"}],"curies":[{"name":"wp","href":"https:\/\/api.w.org\/{rel}","templated":true}]}}