{"id":44559,"date":"2018-12-11T17:46:25","date_gmt":"2018-12-11T16:46:25","guid":{"rendered":"http:\/\/www.libraria-occitana.org\/?post_type=product&#038;p=44559"},"modified":"2026-04-29T10:18:35","modified_gmt":"2026-04-29T08:18:35","slug":"de-nadau-a-sent-porquin-de-noel-a-la-saint-cochonou","status":"publish","type":"product","link":"https:\/\/www.libraria-occitana.org\/oc\/produch\/de-nadau-a-sent-porquin-de-noel-a-la-saint-cochonou\/","title":{"rendered":"De Nadau a Sent Porquin &#8211; De No\u00ebl \u00e0 la Saint-Cochonou"},"content":{"rendered":"<p>Ac\u00ed qu\u2019avetz ua ber\u00f2ja garba d\u2019arrepor\u00e8rs, ligada per la man de J. B. Laborde, fin observator de tot \u00e7\u00f2 de popular e gran coneishedor de la lenga d\u2019\u00f2c. Istorian, escrivan e precursor deus estudis etnologics, qu\u2019a sabut cu\u00e9lher ac\u00ed los d\u00edsers autant seri\u00f3s com trufand\u00e8cs deu monde quan parlan de \u00e7\u00f2 de sacrat.<br \/>\nQu\u2019i trobaratz las h\u00e8stas qui ritmavan la vita vitanta tot au long de l\u2019annada e lo rebat de las mentalitats popularas. Mes tanben ua mina de lenga natra.<\/p>\n","protected":false},"excerpt":{"rendered":"<p>Ac\u00ed qu\u2019avetz ua ber\u00f2ja garba d\u2019arrepor\u00e8rs, ligada per la man de J. B. Laborde, fin observator de tot \u00e7\u00f2 de popular e gran coneishedor de la lenga d\u2019\u00f2c. Istorian, escrivan e precursor deus estudis etnologics, qu\u2019a sabut cu\u00e9lher ac\u00ed los d\u00edsers autant seri\u00f3s com trufand\u00e8cs deu monde quan parlan de \u00e7\u00f2 de sacrat. Qu\u2019i trobaratz [&hellip;]<\/p>\n","protected":false},"featured_media":45803,"template":"","meta":{"_acf_changed":false,"_genesis_hide_title":false,"_genesis_hide_breadcrumbs":false,"_genesis_hide_singular_image":false,"_genesis_hide_footer_widgets":false,"_genesis_custom_body_class":"","_genesis_custom_post_class":"","_genesis_layout":""},"product_brand":[],"product_cat":[7137,7133,7147],"product_tag":[],"class_list":{"0":"post-44559","1":"product","2":"type-product","3":"status-publish","4":"has-post-thumbnail","6":"product_cat-diccionaris-lenga-escolar-oc","7":"product_cat-libres-oc","8":"product_cat-vocabulari-biais-de-dire-oc","9":"pa_auteur-laborde-jean-baptiste-oc","10":"pa_editeur-letras-doc-oc","11":"pa_langue-occitan-gascon-oc","12":"pa_langue-occitan-francais-oc","13":"entry","15":"first","16":"instock","17":"shipping-taxable","18":"purchasable","19":"product-type-simple"},"acf":[],"_links":{"self":[{"href":"https:\/\/www.libraria-occitana.org\/oc\/wp-json\/wp\/v2\/product\/44559","targetHints":{"allow":["GET"]}}],"collection":[{"href":"https:\/\/www.libraria-occitana.org\/oc\/wp-json\/wp\/v2\/product"}],"about":[{"href":"https:\/\/www.libraria-occitana.org\/oc\/wp-json\/wp\/v2\/types\/product"}],"wp:featuredmedia":[{"embeddable":true,"href":"https:\/\/www.libraria-occitana.org\/oc\/wp-json\/wp\/v2\/media\/45803"}],"wp:attachment":[{"href":"https:\/\/www.libraria-occitana.org\/oc\/wp-json\/wp\/v2\/media?parent=44559"}],"wp:term":[{"taxonomy":"product_brand","embeddable":true,"href":"https:\/\/www.libraria-occitana.org\/oc\/wp-json\/wp\/v2\/product_brand?post=44559"},{"taxonomy":"product_cat","embeddable":true,"href":"https:\/\/www.libraria-occitana.org\/oc\/wp-json\/wp\/v2\/product_cat?post=44559"},{"taxonomy":"product_tag","embeddable":true,"href":"https:\/\/www.libraria-occitana.org\/oc\/wp-json\/wp\/v2\/product_tag?post=44559"}],"curies":[{"name":"wp","href":"https:\/\/api.w.org\/{rel}","templated":true}]}}