{"id":44568,"date":"2004-11-11T18:10:49","date_gmt":"2004-11-11T17:10:49","guid":{"rendered":"http:\/\/www.libraria-occitana.org\/?post_type=product&#038;p=44568"},"modified":"2026-04-29T10:04:07","modified_gmt":"2026-04-29T08:04:07","slug":"jeux-de-pliage","status":"publish","type":"product","link":"https:\/\/www.libraria-occitana.org\/oc\/produch\/jeux-de-pliage\/","title":{"rendered":"Jeux de pliage (Fac-simil\u00e9)"},"content":{"rendered":"<p>Fac-simil\u00e9 d&#8217;un album de 1933.<\/p>\n<p>Un carr\u00e9 de papier. Que d&#8217;objets ing\u00e9nieux, amusants, les enfants et ceux qui aiment les enfants ont pu imaginer et fabriquer avec un simple carr\u00e9 de papier !<br \/>\nEt non seulement des joujoux immobiles, qu&#8217;on se contente d&#8217;admirer, mais de vraies petites merveilles, pleines de joie, de mouvement et de vie.<br \/>\nC&#8217;est une grenouille, qui fait des sauts, une hirondelle, qui virevolte, ce sont des moulins \u00e0 vent, qui tournent d&#8217;eux-m\u00eames quand on marche, des bateaux, qu&#8217;on peut lancer au fil de l&#8217;eau jusqu&#8217;\u00e0 la mer, un gobelet, qui vous permet de boire \u00e0 la fontaine plus commod\u00e9ment que dans le creux de la main, un \u00ab chapeau de gendarme \u00bb pour vous prot\u00e9ger contre les ardeurs du soleil, une bo\u00eete \u00e0 chenille qu&#8217;on garde avec soin pour en voir sortir un jour un magnifique papillon, une poule avec ses poussins, un cochon avec ses cochonnets, des \u00e9ventails chinois et des lampions, une balle, avec laquelle on peut jouer, un petit bec qui claque et fait le gourmand, un sac, d&#8217;o\u00f9 l&#8217;on fait jaillir, en soufflant, un diablotin pour faire peur \u00e0 ceux qui le veulent bien, et enfin tous ces avions \u00e9tonnants en forme de fl\u00e8che, de mouche, d&#8217;hirondelle, ou de libellule, avec leurs splendides loopings et leurs vols plan\u00e9s !<\/p>\n","protected":false},"excerpt":{"rendered":"<p>Fac-simil\u00e9 d&#8217;un album de 1933. Un carr\u00e9 de papier. Que d&#8217;objets ing\u00e9nieux, amusants, les enfants et ceux qui aiment les enfants ont pu imaginer et fabriquer avec un simple carr\u00e9 de papier ! Et non seulement des joujoux immobiles, qu&#8217;on se contente d&#8217;admirer, mais de vraies petites merveilles, pleines de joie, de mouvement et de [&hellip;]<\/p>\n","protected":false},"featured_media":51326,"template":"","meta":{"_acf_changed":false,"_genesis_hide_title":false,"_genesis_hide_breadcrumbs":false,"_genesis_hide_singular_image":false,"_genesis_hide_footer_widgets":false,"_genesis_custom_body_class":"","_genesis_custom_post_class":"","_genesis_layout":""},"product_brand":[],"product_cat":[7171,7165,7133],"product_tag":[],"class_list":{"0":"post-44568","1":"product","2":"type-product","3":"status-publish","4":"has-post-thumbnail","6":"product_cat-drolles-oc","7":"product_cat-jounessa-bd-umor","8":"product_cat-libres-oc","9":"pa_auteur-coeur-ferdinand-oc","10":"pa_editeur-flammarion-oc","11":"pa_langue-francais-oc","12":"entry","14":"first","15":"outofstock","16":"shipping-taxable","17":"purchasable","18":"product-type-simple"},"acf":[],"_links":{"self":[{"href":"https:\/\/www.libraria-occitana.org\/oc\/wp-json\/wp\/v2\/product\/44568","targetHints":{"allow":["GET"]}}],"collection":[{"href":"https:\/\/www.libraria-occitana.org\/oc\/wp-json\/wp\/v2\/product"}],"about":[{"href":"https:\/\/www.libraria-occitana.org\/oc\/wp-json\/wp\/v2\/types\/product"}],"wp:featuredmedia":[{"embeddable":true,"href":"https:\/\/www.libraria-occitana.org\/oc\/wp-json\/wp\/v2\/media\/51326"}],"wp:attachment":[{"href":"https:\/\/www.libraria-occitana.org\/oc\/wp-json\/wp\/v2\/media?parent=44568"}],"wp:term":[{"taxonomy":"product_brand","embeddable":true,"href":"https:\/\/www.libraria-occitana.org\/oc\/wp-json\/wp\/v2\/product_brand?post=44568"},{"taxonomy":"product_cat","embeddable":true,"href":"https:\/\/www.libraria-occitana.org\/oc\/wp-json\/wp\/v2\/product_cat?post=44568"},{"taxonomy":"product_tag","embeddable":true,"href":"https:\/\/www.libraria-occitana.org\/oc\/wp-json\/wp\/v2\/product_tag?post=44568"}],"curies":[{"name":"wp","href":"https:\/\/api.w.org\/{rel}","templated":true}]}}