{"id":44574,"date":"2004-11-11T18:23:22","date_gmt":"2004-11-11T17:23:22","guid":{"rendered":"http:\/\/www.libraria-occitana.org\/?post_type=product&#038;p=44574"},"modified":"2026-04-15T20:07:06","modified_gmt":"2026-04-15T18:07:06","slug":"ribambelles-fac-simile","status":"publish","type":"product","link":"https:\/\/www.libraria-occitana.org\/oc\/produch\/ribambelles-fac-simile\/","title":{"rendered":"Ribambelles (Fac-simil\u00e9)"},"content":{"rendered":"<p>Fac-simil\u00e9 d&#8217;un album de 1932.<\/p>\n<p>Contient des explications pour r\u00e9ussir les ribambelles \u00e0 partir de papier pli\u00e9 et d\u00e9coup\u00e9, des mod\u00e8les de motifs pour cr\u00e9er ses ribambelles et quatre feuilles de papier pour passer \u00e0 l&#8217;ex\u00e9cution.<\/p>\n","protected":false},"excerpt":{"rendered":"<p>Fac-simil\u00e9 d&#8217;un album de 1932. Contient des explications pour r\u00e9ussir les ribambelles \u00e0 partir de papier pli\u00e9 et d\u00e9coup\u00e9, des mod\u00e8les de motifs pour cr\u00e9er ses ribambelles et quatre feuilles de papier pour passer \u00e0 l&#8217;ex\u00e9cution.<\/p>\n","protected":false},"featured_media":51323,"template":"","meta":{"_acf_changed":false,"_genesis_hide_title":false,"_genesis_hide_breadcrumbs":false,"_genesis_hide_singular_image":false,"_genesis_hide_footer_widgets":false,"_genesis_custom_body_class":"","_genesis_custom_post_class":"","_genesis_layout":""},"product_brand":[],"product_cat":[7171,7165,7133],"product_tag":[],"class_list":{"0":"post-44574","1":"product","2":"type-product","3":"status-publish","4":"has-post-thumbnail","6":"product_cat-drolles-oc","7":"product_cat-jounessa-bd-umor","8":"product_cat-libres-oc","9":"pa_auteur-parain-nathalie-oc","10":"pa_editeur-flammarion-oc","11":"pa_langue-francais-oc","12":"entry","14":"first","15":"instock","16":"shipping-taxable","17":"purchasable","18":"product-type-simple"},"acf":[],"_links":{"self":[{"href":"https:\/\/www.libraria-occitana.org\/oc\/wp-json\/wp\/v2\/product\/44574","targetHints":{"allow":["GET"]}}],"collection":[{"href":"https:\/\/www.libraria-occitana.org\/oc\/wp-json\/wp\/v2\/product"}],"about":[{"href":"https:\/\/www.libraria-occitana.org\/oc\/wp-json\/wp\/v2\/types\/product"}],"wp:featuredmedia":[{"embeddable":true,"href":"https:\/\/www.libraria-occitana.org\/oc\/wp-json\/wp\/v2\/media\/51323"}],"wp:attachment":[{"href":"https:\/\/www.libraria-occitana.org\/oc\/wp-json\/wp\/v2\/media?parent=44574"}],"wp:term":[{"taxonomy":"product_brand","embeddable":true,"href":"https:\/\/www.libraria-occitana.org\/oc\/wp-json\/wp\/v2\/product_brand?post=44574"},{"taxonomy":"product_cat","embeddable":true,"href":"https:\/\/www.libraria-occitana.org\/oc\/wp-json\/wp\/v2\/product_cat?post=44574"},{"taxonomy":"product_tag","embeddable":true,"href":"https:\/\/www.libraria-occitana.org\/oc\/wp-json\/wp\/v2\/product_tag?post=44574"}],"curies":[{"name":"wp","href":"https:\/\/api.w.org\/{rel}","templated":true}]}}