{"id":44626,"date":"2019-01-25T21:10:06","date_gmt":"2019-01-25T20:10:06","guid":{"rendered":"http:\/\/www.libraria-occitana.org\/product\/la-mort-vai-mai-regde-que-lo-vent\/"},"modified":"2026-04-29T06:16:38","modified_gmt":"2026-04-29T04:16:38","slug":"la-mort-vai-mai-regde-que-lo-vent","status":"publish","type":"product","link":"https:\/\/www.libraria-occitana.org\/oc\/produch\/la-mort-vai-mai-regde-que-lo-vent\/","title":{"rendered":"La m\u00f2rt vai mai regde que lo vent"},"content":{"rendered":"<p>\u00ab [...] Quo es los unlaments que \u2019vi\u00e1n tirat l\u2019atencion dau vesin lo mai a portada, un gardian d\u2019entrepaus, que avi\u00e1 pas compr\u00e9s d\u2019en prumier que los \u00f2rres crits veni\u00e1n dau brasier que esclairava la nuech d\u2019oct\u00f2bre. E quante s\u2019era a la perfin aprueimat, los unlaments s\u2019eran tuats e era demorat un moment espaventat davant la siloeta negresida e recoquilhonada ente quauquas flamas trobavan enquera de qu\u00e9 se nurrir. [...] \u00bb<\/p>\n<p>Tiago Ausenda cramat viu, Leo e Tonio Baptista pistolejats, Mano Feniche e Soni Brusamanti enverenats per quauqua salopari\u00e1... Coma ditz lo vielh Alfonso, la m\u00f2rt vai mai regde que lo vent, questes temps a Maraval dins la comunautat dau monde dau Viatge... L'explicacion ne'n es simpla : la t\u00f2rna d'Amanda clama venjan\u00e7a cinc ans aprep sa m\u00f2rt violenta demorada non res\u00f2uguda. Entre cresen\u00e7as gitanas e \u00f2rra realitat, lo comissari Darnaudguilhem aura bien dau mau a restar la malediccion... Mas balha te garda, Darnaudguilhem, la m\u00f2rt se raleta tanben a ton entorn...<\/p>\n","protected":false},"excerpt":{"rendered":"<p>\u00ab [&#8230;] Quo es los unlaments que \u2019vi\u00e1n tirat l\u2019atencion dau vesin lo mai a portada, un gardian d\u2019entrepaus, que avi\u00e1 pas compr\u00e9s d\u2019en prumier que los \u00f2rres crits veni\u00e1n dau brasier que esclairava la nuech d\u2019oct\u00f2bre. E quante s\u2019era a la perfin aprueimat, los unlaments s\u2019eran tuats e era demorat un moment espaventat davant [&hellip;]<\/p>\n","protected":false},"featured_media":44308,"template":"","meta":{"_acf_changed":false,"_genesis_hide_title":false,"_genesis_hide_breadcrumbs":false,"_genesis_hide_singular_image":false,"_genesis_hide_footer_widgets":false,"_genesis_custom_body_class":"","_genesis_custom_post_class":"","_genesis_layout":""},"product_brand":[],"product_cat":[7133,7175,7183],"product_tag":[],"class_list":{"0":"post-44626","1":"product","2":"type-product","3":"status-publish","4":"has-post-thumbnail","6":"product_cat-libres-oc","7":"product_cat-literatura-oc","8":"product_cat-romans-novelas-oc","9":"pa_auteur-ganhaire-joan-oc","10":"pa_editeur-ieo-fr-oc","11":"pa_editeur-ieo-perigord-novelum-oc","12":"pa_langue-occitan-oc","13":"pa_langue-occitan-lemosin-oc","14":"entry","16":"first","17":"instock","18":"shipping-taxable","19":"purchasable","20":"product-type-simple"},"acf":[],"_links":{"self":[{"href":"https:\/\/www.libraria-occitana.org\/oc\/wp-json\/wp\/v2\/product\/44626","targetHints":{"allow":["GET"]}}],"collection":[{"href":"https:\/\/www.libraria-occitana.org\/oc\/wp-json\/wp\/v2\/product"}],"about":[{"href":"https:\/\/www.libraria-occitana.org\/oc\/wp-json\/wp\/v2\/types\/product"}],"wp:featuredmedia":[{"embeddable":true,"href":"https:\/\/www.libraria-occitana.org\/oc\/wp-json\/wp\/v2\/media\/44308"}],"wp:attachment":[{"href":"https:\/\/www.libraria-occitana.org\/oc\/wp-json\/wp\/v2\/media?parent=44626"}],"wp:term":[{"taxonomy":"product_brand","embeddable":true,"href":"https:\/\/www.libraria-occitana.org\/oc\/wp-json\/wp\/v2\/product_brand?post=44626"},{"taxonomy":"product_cat","embeddable":true,"href":"https:\/\/www.libraria-occitana.org\/oc\/wp-json\/wp\/v2\/product_cat?post=44626"},{"taxonomy":"product_tag","embeddable":true,"href":"https:\/\/www.libraria-occitana.org\/oc\/wp-json\/wp\/v2\/product_tag?post=44626"}],"curies":[{"name":"wp","href":"https:\/\/api.w.org\/{rel}","templated":true}]}}