{"id":44633,"date":"2019-03-03T18:26:50","date_gmt":"2019-03-03T17:26:50","guid":{"rendered":"http:\/\/www.libraria-occitana.org\/?post_type=product&#038;p=44633"},"modified":"2026-04-29T06:01:31","modified_gmt":"2026-04-29T04:01:31","slug":"chastinhas-jos-las-cendres-libre-cd","status":"publish","type":"product","link":"https:\/\/www.libraria-occitana.org\/oc\/produch\/chastinhas-jos-las-cendres-libre-cd\/","title":{"rendered":"Chastinhas jos las cendres (libre + CD)"},"content":{"rendered":"<p>Un pitit carnet de tres c\u00f2ps ren trobat dins-t-un granier : veiqu\u00ed que tornen dins la mem\u00f2ria los suvenirs daus temps uros de l\u2019enf\u00e0ncia e que se destramen los malurs dau pair preisonier de guerra.<br \/>\nDe las annadas de temps \u2019pres, la drolleta que fuguet t\u00f2rna descubrir un amor que poguet pas \u00e8sser.<br \/>\nEntre los bonurs d\u2019una pita boirats aus malurs de la guerra, Monica Sarrasin nos balha aici un raconte f\u00f2rt e precios : <em>Chastinhas jos las cendres<\/em>.<\/p>\n<p>Enregistrament dau libre per Monica Sarrasin e la participacion de Joan Lo\u00eds Lavit.<\/p>\n","protected":false},"excerpt":{"rendered":"<p>Un pitit carnet de tres c\u00f2ps ren trobat dins-t-un granier : veiqu\u00ed que tornen dins la mem\u00f2ria los suvenirs daus temps uros de l\u2019enf\u00e0ncia e que se destramen los malurs dau pair preisonier de guerra. De las annadas de temps \u2019pres, la drolleta que fuguet t\u00f2rna descubrir un amor que poguet pas \u00e8sser. Entre los [&hellip;]<\/p>\n","protected":false},"featured_media":37547,"template":"","meta":{"_acf_changed":false,"_genesis_hide_title":false,"_genesis_hide_breadcrumbs":false,"_genesis_hide_singular_image":false,"_genesis_hide_footer_widgets":false,"_genesis_custom_body_class":"","_genesis_custom_post_class":"","_genesis_layout":""},"product_brand":[],"product_cat":[7133,7175,7187],"product_tag":[],"class_list":{"0":"post-44633","1":"product","2":"type-product","3":"status-publish","4":"has-post-thumbnail","6":"product_cat-libres-oc","7":"product_cat-literatura-oc","8":"product_cat-temonhatges-memoris-oc","9":"pa_auteur-sarrasin-monica-oc","10":"pa_editeur-letras-doc-oc","11":"pa_illustrateur-lavit-joan-lois-1-oc","12":"pa_langue-francais-oc","13":"pa_langue-occitan-oc","14":"pa_langue-occitan-lemosin-oc","15":"entry","17":"first","18":"instock","19":"shipping-taxable","20":"purchasable","21":"product-type-simple"},"acf":[],"_links":{"self":[{"href":"https:\/\/www.libraria-occitana.org\/oc\/wp-json\/wp\/v2\/product\/44633","targetHints":{"allow":["GET"]}}],"collection":[{"href":"https:\/\/www.libraria-occitana.org\/oc\/wp-json\/wp\/v2\/product"}],"about":[{"href":"https:\/\/www.libraria-occitana.org\/oc\/wp-json\/wp\/v2\/types\/product"}],"wp:featuredmedia":[{"embeddable":true,"href":"https:\/\/www.libraria-occitana.org\/oc\/wp-json\/wp\/v2\/media\/37547"}],"wp:attachment":[{"href":"https:\/\/www.libraria-occitana.org\/oc\/wp-json\/wp\/v2\/media?parent=44633"}],"wp:term":[{"taxonomy":"product_brand","embeddable":true,"href":"https:\/\/www.libraria-occitana.org\/oc\/wp-json\/wp\/v2\/product_brand?post=44633"},{"taxonomy":"product_cat","embeddable":true,"href":"https:\/\/www.libraria-occitana.org\/oc\/wp-json\/wp\/v2\/product_cat?post=44633"},{"taxonomy":"product_tag","embeddable":true,"href":"https:\/\/www.libraria-occitana.org\/oc\/wp-json\/wp\/v2\/product_tag?post=44633"}],"curies":[{"name":"wp","href":"https:\/\/api.w.org\/{rel}","templated":true}]}}