{"id":44709,"date":"2016-04-19T13:32:46","date_gmt":"2016-04-19T11:32:46","guid":{"rendered":"http:\/\/www.libraria-occitana.org\/product\/des-voix-ouvrieres-precurseurs-ecrivains-militants-editeurs\/"},"modified":"2026-04-08T09:36:41","modified_gmt":"2026-04-08T07:36:41","slug":"des-voix-ouvrieres-precurseurs-ecrivains-militants-editeurs","status":"publish","type":"product","link":"https:\/\/www.libraria-occitana.org\/oc\/produch\/des-voix-ouvrieres-precurseurs-ecrivains-militants-editeurs\/","title":{"rendered":"Des voix ouvri\u00e8res : pr\u00e9curseurs, \u00e9crivains, militants, \u00e9diteurs"},"content":{"rendered":"<p>Henry Poulaille et son ami, Jean Prugnot (1907-1980), auteur d&#8217;un roman, <em>B\u00e9ton arm\u00e9<\/em> (1937), militant syndicaliste et antimilitariste, d\u00e9j\u00e0 rencontr\u00e9 par les lecteurs de Plein Chant pour une \u00e9tude sur J\u00e9r\u00f4me-Pierre Gilland (in <em>Les Conteurs ouvriers<\/em>, 2015), encadrent ce recueil d\u2019articles sur des \u00e9crivains et militants ouvriers. Jean Prugnot a pass\u00e9 une grande partie de sa vie \u00e0 d\u00e9fendre l\u2019action d\u2019Henry Poulaille et la litt\u00e9rature prol\u00e9tarienne par tous les moyens dont il pouvait disposer et <em>Des voix ouvri\u00e8res<\/em>, introduit par une pr\u00e9face de Henry Poulaille, se termine logiquement par un hommage de Jean Prugnot \u00e0 Henry Poulaille. Les textes ici rassembl\u00e9s parurent en majorit\u00e9 dans un journal syndical de postiers, <em>P.T.T.<\/em>, publi\u00e9 \u00e0 la veille de la Seconde Guerre mondiale, anim\u00e9 d\u2019une r\u00e9elle tol\u00e9rance \u00e0 l&#8217;\u00e9gard de la pens\u00e9e anarcho-syndicaliste. Parmi les \u00e9crivains et les \u00e9diteurs analys\u00e9s ou pr\u00e9sent\u00e9s par Jean Prugnot, on note Jules Vall\u00e8s, Marcel Martinet, \u00c9mile Guillaumin, Lucien Bourgeois, Victor Serge, Maurice Wullens et sa revue, <em>Les Humbles<\/em>, Marcel Hasfeld et la <em>Librairie du Travail<\/em>. Mais bien d\u2019autres auteurs ou militants y sont \u00e9tudi\u00e9s. Le lecteur aura ainsi une large vision de l\u2019expression ouvri\u00e8re des XIXe et XXe si\u00e8cles \u00e0 travers l\u2019\u00e9vocation d\u2019\u0153uvres choisies parmi les plus repr\u00e9sentatives.<\/p>\n","protected":false},"excerpt":{"rendered":"<p>Henry Poulaille et son ami, Jean Prugnot (1907-1980), auteur d&#8217;un roman, B\u00e9ton arm\u00e9 (1937), militant syndicaliste et antimilitariste, d\u00e9j\u00e0 rencontr\u00e9 par les lecteurs de Plein Chant pour une \u00e9tude sur J\u00e9r\u00f4me-Pierre Gilland (in Les Conteurs ouvriers, 2015), encadrent ce recueil d\u2019articles sur des \u00e9crivains et militants ouvriers. Jean Prugnot a pass\u00e9 une grande partie de [&hellip;]<\/p>\n","protected":false},"featured_media":44704,"template":"","meta":{"_acf_changed":false,"_genesis_hide_title":false,"_genesis_hide_breadcrumbs":false,"_genesis_hide_singular_image":false,"_genesis_hide_footer_widgets":false,"_genesis_custom_body_class":"","_genesis_custom_post_class":"","_genesis_layout":""},"product_brand":[],"product_cat":[7189,7133,7175],"product_tag":[],"class_list":{"0":"post-44709","1":"product","2":"type-product","3":"status-publish","4":"has-post-thumbnail","6":"product_cat-estudis-literaris-oc","7":"product_cat-libres-oc","8":"product_cat-literatura-oc","9":"pa_auteur-prugnot-jean-oc","10":"pa_editeur-plein-chant-oc","11":"pa_langue-francais-oc","12":"entry","14":"first","15":"instock","16":"shipping-taxable","17":"purchasable","18":"product-type-simple"},"acf":[],"_links":{"self":[{"href":"https:\/\/www.libraria-occitana.org\/oc\/wp-json\/wp\/v2\/product\/44709","targetHints":{"allow":["GET"]}}],"collection":[{"href":"https:\/\/www.libraria-occitana.org\/oc\/wp-json\/wp\/v2\/product"}],"about":[{"href":"https:\/\/www.libraria-occitana.org\/oc\/wp-json\/wp\/v2\/types\/product"}],"wp:featuredmedia":[{"embeddable":true,"href":"https:\/\/www.libraria-occitana.org\/oc\/wp-json\/wp\/v2\/media\/44704"}],"wp:attachment":[{"href":"https:\/\/www.libraria-occitana.org\/oc\/wp-json\/wp\/v2\/media?parent=44709"}],"wp:term":[{"taxonomy":"product_brand","embeddable":true,"href":"https:\/\/www.libraria-occitana.org\/oc\/wp-json\/wp\/v2\/product_brand?post=44709"},{"taxonomy":"product_cat","embeddable":true,"href":"https:\/\/www.libraria-occitana.org\/oc\/wp-json\/wp\/v2\/product_cat?post=44709"},{"taxonomy":"product_tag","embeddable":true,"href":"https:\/\/www.libraria-occitana.org\/oc\/wp-json\/wp\/v2\/product_tag?post=44709"}],"curies":[{"name":"wp","href":"https:\/\/api.w.org\/{rel}","templated":true}]}}