{"id":44724,"date":"2024-03-19T16:45:06","date_gmt":"2024-03-19T15:45:06","guid":{"rendered":"http:\/\/www.libraria-occitana.org\/?post_type=product&#038;p=44724"},"modified":"2026-04-16T20:21:49","modified_gmt":"2026-04-16T18:21:49","slug":"le-cheval-dorgueil-memoires-dun-breton-du-pays-bigouden","status":"publish","type":"product","link":"https:\/\/www.libraria-occitana.org\/oc\/produch\/le-cheval-dorgueil-memoires-dun-breton-du-pays-bigouden\/","title":{"rendered":"Le cheval d&#8217;orgueil : M\u00e9moires d&#8217;un breton du pays bigouden"},"content":{"rendered":"<p><span style=\"font-family: Liberation Serif, serif;\">\u00ab\u00a0<\/span>Trop pauvre que je suis pour poss\u00e9der un autre animal, du moins\u00a0<span style=\"font-family: Liberation Serif, serif;\">\u00ab\u00a0<\/span>le Cheval d&#8217;orgueil \u00bb aura-t-il toujours une stalle dans mon \u00e9curie. \u00bb Ainsi parlait le grand-p\u00e8re de l&#8217;auteur, l&#8217;humble paysan Alain Le Goff qui n&#8217;avait d&#8217;autre terre que celle qu&#8217;il emportait malgr\u00e9 lui aux semelles de ses sabots de bois. \u00ab Quand on est pauvre, mon fils, il faut avoir de l&#8217;honneur. Les riches n&#8217;en ont pas besoin. \u00bb Et l&#8217;honneur consiste \u00e0 tenir et \u00e0 faire respecter son rang, si humble soit-il. Au pays bigouden, on ne redoute rien tant que la honte qu&#8217;on appelle \u00ab arvez \u00bb. Tout le reste est supportable.<\/p>\n<p>L&#8217;auteur a grandi dans ce sentiment. Avant d&#8217;apprendre le fran\u00e7ais, il a \u00e9t\u00e9 \u00e9lev\u00e9 en milieu bretonnant, dans une soci\u00e9t\u00e9 qui vivait selon un code strictement \u00e9tabli.<\/p>\n<p>Il n&#8217;enseigne pas, il raconte minutieusement comment on vivait dans une \u00ab paroisse \u00bb bretonnante de l&#8217;extr\u00eame ouest armoricain dans la premi\u00e8re moiti\u00e9 du XXe si\u00e8cle. Il nous fait partager sa profonde conviction : ceux qui jugent les paysans comme des \u00eatres grossiers sont eux-m\u00eames des esprits sommaires et na\u00effs. Il affirme que ce sont des si\u00e8cles de m\u00e9pris culturel qui ont fini par d\u00e9clencher jacqueries et r\u00e9voltes chez les paysans de notre pays.<\/p>\n<p>Et puis, un jour, \u00ab le Cheval d&#8217;Orgueil \u00bb a secou\u00e9 furieusement sa crini\u00e8re !<\/p>\n","protected":false},"excerpt":{"rendered":"<p>\u00ab\u00a0Trop pauvre que je suis pour poss\u00e9der un autre animal, du moins\u00a0\u00ab\u00a0le Cheval d&#8217;orgueil \u00bb aura-t-il toujours une stalle dans mon \u00e9curie. \u00bb Ainsi parlait le grand-p\u00e8re de l&#8217;auteur, l&#8217;humble paysan Alain Le Goff qui n&#8217;avait d&#8217;autre terre que celle qu&#8217;il emportait malgr\u00e9 lui aux semelles de ses sabots de bois. \u00ab Quand on est [&hellip;]<\/p>\n","protected":false},"featured_media":61903,"template":"","meta":{"_acf_changed":false,"_genesis_hide_title":false,"_genesis_hide_breadcrumbs":false,"_genesis_hide_singular_image":false,"_genesis_hide_footer_widgets":false,"_genesis_custom_body_class":"","_genesis_custom_post_class":"","_genesis_layout":""},"product_brand":[],"product_cat":[7133,7175,7187],"product_tag":[],"class_list":{"0":"post-44724","1":"product","2":"type-product","3":"status-publish","4":"has-post-thumbnail","6":"product_cat-libres-oc","7":"product_cat-literatura-oc","8":"product_cat-temonhatges-memoris-oc","9":"pa_auteur-helias-pierre-jakez-oc","10":"pa_editeur-pocket-oc","11":"pa_langue-francais-oc","12":"entry","14":"first","15":"instock","16":"shipping-taxable","17":"purchasable","18":"product-type-simple"},"acf":[],"_links":{"self":[{"href":"https:\/\/www.libraria-occitana.org\/oc\/wp-json\/wp\/v2\/product\/44724","targetHints":{"allow":["GET"]}}],"collection":[{"href":"https:\/\/www.libraria-occitana.org\/oc\/wp-json\/wp\/v2\/product"}],"about":[{"href":"https:\/\/www.libraria-occitana.org\/oc\/wp-json\/wp\/v2\/types\/product"}],"wp:featuredmedia":[{"embeddable":true,"href":"https:\/\/www.libraria-occitana.org\/oc\/wp-json\/wp\/v2\/media\/61903"}],"wp:attachment":[{"href":"https:\/\/www.libraria-occitana.org\/oc\/wp-json\/wp\/v2\/media?parent=44724"}],"wp:term":[{"taxonomy":"product_brand","embeddable":true,"href":"https:\/\/www.libraria-occitana.org\/oc\/wp-json\/wp\/v2\/product_brand?post=44724"},{"taxonomy":"product_cat","embeddable":true,"href":"https:\/\/www.libraria-occitana.org\/oc\/wp-json\/wp\/v2\/product_cat?post=44724"},{"taxonomy":"product_tag","embeddable":true,"href":"https:\/\/www.libraria-occitana.org\/oc\/wp-json\/wp\/v2\/product_tag?post=44724"}],"curies":[{"name":"wp","href":"https:\/\/api.w.org\/{rel}","templated":true}]}}