{"id":44896,"date":"2019-05-29T18:34:25","date_gmt":"2019-05-29T16:34:25","guid":{"rendered":"http:\/\/www.libraria-occitana.org\/?post_type=product&#038;p=44896"},"modified":"2026-04-29T11:11:35","modified_gmt":"2026-04-29T09:11:35","slug":"jai-descendu-dans-mon-jardin-aux-fermes-du-moyen-age","status":"publish","type":"product","link":"https:\/\/www.libraria-occitana.org\/oc\/produch\/jai-descendu-dans-mon-jardin-aux-fermes-du-moyen-age\/","title":{"rendered":"&#8220;J&#8217;ai descendu dans mon jardin&#8230;&#8221; aux Fermes du Moyen \u00c2ge"},"content":{"rendered":"<p><strong>Les d\u00e9lices et vertus d&#8217;un jardin du XVe si\u00e8cle<\/strong><\/p>\n<p>Aux confins du Limousin, de l&#8217;Auvergne et du Quercy, le Moyen \u00c2ge d&#8217;une des plus belles r\u00e9gions de France, la Xaintrie. Nous sommes en l&#8217;an 1476. Au c\u0153ur du plus exceptionnel des mus\u00e9es vivants, Pierre Gire, son cr\u00e9ateur, vous ouvre aujourd&#8217;hui les portes de son jardin.<br \/>\nPierre Gire avait un r\u00eave : vivre dans un village du Moyen \u00c2ge. Il l&#8217;a enti\u00e8rement cr\u00e9\u00e9, avec ses maisons et ses granges, ses animaux, ses habitants, ses cultures et&#8230; son jardin. Les plantes qui y croissent sont les descendantes de celles qui poussaient ici, dans les campagnes, au temps des abbayes. Il a parcouru le pays pour les retrouver, les transplanter. Plus de 330 plantes y poussent aujourd&#8217;hui, filles de la terre d&#8217;ici : les belles, les b\u00e9n\u00e9fiques, les mal\u00e9fiques (souvent les deux \u00e0 la fois), celles qui soignent, qui nourrissent, qui servent \u00e0 tout.<br \/>\nCette reconstitution s&#8217;appuie sur des recherches documentaires, arch\u00e9ologiques et ethno-botaniques tr\u00e8s riches.<br \/>\nAlors, \u00ab &#8216;Chabatz d&#8217;entrar \u00bb, finissez d&#8217;entrer.<br \/>\nPoussez le \u00ab cledou \u00bb.<br \/>\nLe jardin vous attend.<\/p>\n<p>Pr\u00e8s de 350 photos et les aquarelles de M.-C. Besset-Sinais.<\/p>\n","protected":false},"excerpt":{"rendered":"<p>Les d\u00e9lices et vertus d&#8217;un jardin du XVe si\u00e8cle Aux confins du Limousin, de l&#8217;Auvergne et du Quercy, le Moyen \u00c2ge d&#8217;une des plus belles r\u00e9gions de France, la Xaintrie. Nous sommes en l&#8217;an 1476. Au c\u0153ur du plus exceptionnel des mus\u00e9es vivants, Pierre Gire, son cr\u00e9ateur, vous ouvre aujourd&#8217;hui les portes de son jardin. [&hellip;]<\/p>\n","protected":false},"featured_media":44899,"template":"","meta":{"_acf_changed":false,"_genesis_hide_title":false,"_genesis_hide_breadcrumbs":false,"_genesis_hide_singular_image":false,"_genesis_hide_footer_widgets":false,"_genesis_custom_body_class":"","_genesis_custom_post_class":"","_genesis_layout":""},"product_brand":[],"product_cat":[7133,7197,7201],"product_tag":[],"class_list":{"0":"post-44896","1":"product","2":"type-product","3":"status-publish","4":"has-post-thumbnail","6":"product_cat-libres-oc","7":"product_cat-natura-torisme-oc","8":"product_cat-natura-vargier-oc","9":"pa_auteur-gire-pierre-fr-oc","10":"pa_editeur-maiade-oc","11":"pa_illustrateur-besset-sinais-marie-christine-oc","12":"pa_langue-francais-oc","13":"entry","15":"first","16":"instock","17":"shipping-taxable","18":"purchasable","19":"product-type-simple"},"acf":[],"_links":{"self":[{"href":"https:\/\/www.libraria-occitana.org\/oc\/wp-json\/wp\/v2\/product\/44896","targetHints":{"allow":["GET"]}}],"collection":[{"href":"https:\/\/www.libraria-occitana.org\/oc\/wp-json\/wp\/v2\/product"}],"about":[{"href":"https:\/\/www.libraria-occitana.org\/oc\/wp-json\/wp\/v2\/types\/product"}],"wp:featuredmedia":[{"embeddable":true,"href":"https:\/\/www.libraria-occitana.org\/oc\/wp-json\/wp\/v2\/media\/44899"}],"wp:attachment":[{"href":"https:\/\/www.libraria-occitana.org\/oc\/wp-json\/wp\/v2\/media?parent=44896"}],"wp:term":[{"taxonomy":"product_brand","embeddable":true,"href":"https:\/\/www.libraria-occitana.org\/oc\/wp-json\/wp\/v2\/product_brand?post=44896"},{"taxonomy":"product_cat","embeddable":true,"href":"https:\/\/www.libraria-occitana.org\/oc\/wp-json\/wp\/v2\/product_cat?post=44896"},{"taxonomy":"product_tag","embeddable":true,"href":"https:\/\/www.libraria-occitana.org\/oc\/wp-json\/wp\/v2\/product_tag?post=44896"}],"curies":[{"name":"wp","href":"https:\/\/api.w.org\/{rel}","templated":true}]}}