{"id":44927,"date":"2018-10-07T14:51:49","date_gmt":"2018-10-07T12:51:49","guid":{"rendered":"http:\/\/www.libraria-occitana.org\/product\/a-quoi-tu-joues-marie-coco-libre-cd\/"},"modified":"2026-04-20T04:12:00","modified_gmt":"2026-04-20T02:12:00","slug":"a-quoi-tu-joues-marie-coco-libre-cd","status":"publish","type":"product","link":"https:\/\/www.libraria-occitana.org\/oc\/produch\/a-quoi-tu-joues-marie-coco-libre-cd\/","title":{"rendered":"\u00c0 quoi tu joues Marie-Coco ?! (libre + CD)"},"content":{"rendered":"<p><strong>Chansons &amp; Danses de Haute-Loire pour enfants de 6 \u00e0 12 ans.<\/strong><\/p>\n<p><em>\u00c0 quoi tu joues Marie-Coco ?!<\/em> comporte un CD de 27 chansons accompagn\u00e9 d\u2019un livret de 50 pages, int\u00e9grant paroles, partitions, sources, pistes p\u00e9dagogiques et lien vers des vid\u00e9os pour les chants \u00e0 danser. Il a \u00e9t\u00e9 con\u00e7u et interpr\u00e9t\u00e9 par le groupe \u00ab Quaus de lanl\u00e0 \u00bb et invit\u00e9s.<br \/>\nLe r\u00e9pertoire propos\u00e9 est d\u00e9clin\u00e9 en quatre types : les jeux chant\u00e9s, les danses, les chansons narratives, les formulettes et berceuses.<br \/>\nCet ouvrage a \u00e9t\u00e9 produit en recherchant les chansons ou airs musicaux de tradition orale collect\u00e9es sur le territoire de la Haute-Loire. Les documents consult\u00e9s sont issus des fonds d\u2019archives sonores de l\u2019Agence des Musiques des Territoires d\u2019Auvergne et de diff\u00e9rentes publications. Chaque chanson renvoie vers un lien internet sur la Base Interr\u00e9gionale du Patrimoine Oral ou \u00e0 une r\u00e9f\u00e9rence bibliographique.<br \/>\nLes chansons n\u2019\u00e9tant pas toujours adapt\u00e9es aux enfants plus grands, le groupe a fait des transformations et des choix. Cet objet a donc une double d\u00e9marche artistique et p\u00e9dagogique : il ne s\u2019agissait pas de reproduire la source de fa\u00e7on exacte et exhaustive, mais plut\u00f4t de s\u2019en inspirer et de proposer une interpr\u00e9tation adapt\u00e9e aux enfants de notre \u00e9poque.<br \/>\nL\u2019ouvrage comporte par ailleurs plusieurs chansons en occitan, abordant diff\u00e9rents parlers et propose diff\u00e9rents arrangements musicaux \u00e0 vis\u00e9e p\u00e9dagogique qui peuvent \u00eatre reproduits facilement : polyphonie simple, superposition d\u2019airs diff\u00e9rents (poly-monodie) ou chant sur des bourdons\u2026<br \/>\nL\u2019ouvrage m\u00eale \u00e9ducation langagi\u00e8re, rythmique, spatiale, corporelle et musicale et propose notamment quelques chants \u00e0 danser pouvant servir de base \u00e0 une approche des danses traditionnelles pr\u00e9sentes en bal et surtout pratiqu\u00e9es par les adultes comme les bourr\u00e9es, mazurkas, scottishs\u2026<br \/>\nCe livret-CD s\u2019adresse donc \u00e0 tous ceux qui encadrent des activit\u00e9s musicales avec les enfants : animateurs, enseignants, dumistes\u2026 mais aussi aux parents et aux enfants qui, nous le souhaitons, prendront du plaisir \u00e0 l\u2019\u00e9coute de l\u2019album.<\/p>\n<p><strong>Titres :<\/strong><br \/>\n1. C&#8217;est dans mon bateau &#8211; Derri\u00e8re chez nous<br \/>\n2. Le petit homme<br \/>\n3. Il \u00e9tait avocat<br \/>\n4. Bechon<br \/>\n5. \u00c0 la tresse<br \/>\n6. Derri\u00e8r&#8217; chez ma tante<br \/>\n7. L&#8217;\u00e2ne en morceaux<br \/>\n8. L&#8217;escargot<br \/>\n9. La piston\u00e8ta<br \/>\n10. Au bord de Nantes<br \/>\n11. Petit Jean<br \/>\n12. Lo Bo\u00e7at<br \/>\n13. Crosolet, crosolet<br \/>\n14. Dans le lit o\u00f9 je couche &#8211; Scottish \u00e0 Laurent Richard<br \/>\n15. Le rat<br \/>\n16. Merle plum\u00e9<br \/>\n17. Rossignolet des bois<br \/>\n18. La Marie Coco<br \/>\n19. Le Mai<br \/>\n20. Mille enfants<br \/>\n21. La Ginha<br \/>\n22. Les mensonges &#8211; De bon matin j&#8217;me l\u00e8v&#8217;<br \/>\n23. La calha, lo cocut, lo chin, lo chat<br \/>\n24. Le peureux<br \/>\n25. Les transformations<br \/>\n26. Vai chossin\u00e8la<br \/>\n27. N\u00e9n\u00e9 b\u00f2n b\u00f2n s\u00f2m s\u00f2m<\/p>\n","protected":false},"excerpt":{"rendered":"<p>Chansons &amp; Danses de Haute-Loire pour enfants de 6 \u00e0 12 ans. \u00c0 quoi tu joues Marie-Coco ?! comporte un CD de 27 chansons accompagn\u00e9 d\u2019un livret de 50 pages, int\u00e9grant paroles, partitions, sources, pistes p\u00e9dagogiques et lien vers des vid\u00e9os pour les chants \u00e0 danser. Il a \u00e9t\u00e9 con\u00e7u et interpr\u00e9t\u00e9 par le groupe [&hellip;]<\/p>\n","protected":false},"featured_media":44925,"template":"","meta":{"_acf_changed":false,"_genesis_hide_title":false,"_genesis_hide_breadcrumbs":false,"_genesis_hide_singular_image":false,"_genesis_hide_footer_widgets":false,"_genesis_custom_body_class":"","_genesis_custom_post_class":"","_genesis_layout":""},"product_brand":[],"product_cat":[7137,7145,7133,7191,7193],"product_tag":[],"class_list":{"0":"post-44927","1":"product","2":"type-product","3":"status-publish","4":"has-post-thumbnail","6":"product_cat-diccionaris-lenga-escolar-oc","7":"product_cat-escolar-pedagogia-oc","8":"product_cat-libres-oc","9":"product_cat-musica-danca-oc","10":"product_cat-particions-paraulas-de-chancons-oc","11":"pa_auteur-quaus-de-lanla-oc","12":"pa_editeur-cdmdt-43-oc","13":"pa_langue-francais-oc","14":"pa_langue-occitan-oc","15":"pa_langue-occitan-auvernhat-oc","16":"entry","18":"first","19":"instock","20":"shipping-taxable","21":"purchasable","22":"product-type-simple"},"acf":[],"_links":{"self":[{"href":"https:\/\/www.libraria-occitana.org\/oc\/wp-json\/wp\/v2\/product\/44927","targetHints":{"allow":["GET"]}}],"collection":[{"href":"https:\/\/www.libraria-occitana.org\/oc\/wp-json\/wp\/v2\/product"}],"about":[{"href":"https:\/\/www.libraria-occitana.org\/oc\/wp-json\/wp\/v2\/types\/product"}],"wp:featuredmedia":[{"embeddable":true,"href":"https:\/\/www.libraria-occitana.org\/oc\/wp-json\/wp\/v2\/media\/44925"}],"wp:attachment":[{"href":"https:\/\/www.libraria-occitana.org\/oc\/wp-json\/wp\/v2\/media?parent=44927"}],"wp:term":[{"taxonomy":"product_brand","embeddable":true,"href":"https:\/\/www.libraria-occitana.org\/oc\/wp-json\/wp\/v2\/product_brand?post=44927"},{"taxonomy":"product_cat","embeddable":true,"href":"https:\/\/www.libraria-occitana.org\/oc\/wp-json\/wp\/v2\/product_cat?post=44927"},{"taxonomy":"product_tag","embeddable":true,"href":"https:\/\/www.libraria-occitana.org\/oc\/wp-json\/wp\/v2\/product_tag?post=44927"}],"curies":[{"name":"wp","href":"https:\/\/api.w.org\/{rel}","templated":true}]}}