{"id":44930,"date":"2019-06-07T15:43:19","date_gmt":"2019-06-07T13:43:19","guid":{"rendered":"http:\/\/www.libraria-occitana.org\/?post_type=product&#038;p=44930"},"modified":"2026-04-29T05:56:31","modified_gmt":"2026-04-29T03:56:31","slug":"xola-e-los-leons-libre-cd","status":"publish","type":"product","link":"https:\/\/www.libraria-occitana.org\/oc\/produch\/xola-e-los-leons-libre-cd\/","title":{"rendered":"Xola e los l\u00e9ons (libre + CD)"},"content":{"rendered":"<p>Xola es una chen\u00f2ta pas coma las autras. Sap legir, parlar...<br \/>\nEn si'nteressar de mai prep a-d'un libre sus los l\u00e9ons, Xola vai s'acertanar que es la drecha descendenta de quilhs animaus perqu\u00e9, entre ela e ilhs, i a f\u00f2r\u00e7a trachs de caracter que co\u00efnciden : noblessa, f\u00f2r\u00e7a, coratge, fenha...<\/p>\n<p>Las aventuras d'una chen\u00f2ta tant atrasenta coma esmalissenta !<\/p>\n<p>Cicles 2-3.<br \/>\nPistas pedagogicas sus http:\/\/capoc.crdp-aquitaine.fr<\/p>\n","protected":false},"excerpt":{"rendered":"<p>Xola es una chen\u00f2ta pas coma las autras. Sap legir, parlar&#8230; En si&#8217;nteressar de mai prep a-d&#8217;un libre sus los l\u00e9ons, Xola vai s&#8217;acertanar que es la drecha descendenta de quilhs animaus perqu\u00e9, entre ela e ilhs, i a f\u00f2r\u00e7a trachs de caracter que co\u00efnciden : noblessa, f\u00f2r\u00e7a, coratge, fenha&#8230; Las aventuras d&#8217;una chen\u00f2ta tant [&hellip;]<\/p>\n","protected":false},"featured_media":44933,"template":"","meta":{"_acf_changed":false,"_genesis_hide_title":false,"_genesis_hide_breadcrumbs":false,"_genesis_hide_singular_image":false,"_genesis_hide_footer_widgets":false,"_genesis_custom_body_class":"","_genesis_custom_post_class":"","_genesis_layout":""},"product_brand":[],"product_cat":[7167,7165,7133],"product_tag":[],"class_list":{"0":"post-44930","1":"product","2":"type-product","3":"status-publish","4":"has-post-thumbnail","6":"product_cat-ados-oc","7":"product_cat-jounessa-bd-umor","8":"product_cat-libres-oc","9":"pa_auteur-atxaga-bernardo-oc","10":"pa_editeur-canope-editions-oc","11":"pa_illustrateur-leveque-joan-lois-leveque-jean-louis-oc","12":"pa_illustrateur-valverde-mikel-oc","13":"pa_langue-occitan-oc","14":"pa_langue-occitan-lemosin-oc","15":"entry","17":"first","18":"instock","19":"shipping-taxable","20":"purchasable","21":"product-type-simple"},"acf":[],"_links":{"self":[{"href":"https:\/\/www.libraria-occitana.org\/oc\/wp-json\/wp\/v2\/product\/44930","targetHints":{"allow":["GET"]}}],"collection":[{"href":"https:\/\/www.libraria-occitana.org\/oc\/wp-json\/wp\/v2\/product"}],"about":[{"href":"https:\/\/www.libraria-occitana.org\/oc\/wp-json\/wp\/v2\/types\/product"}],"wp:featuredmedia":[{"embeddable":true,"href":"https:\/\/www.libraria-occitana.org\/oc\/wp-json\/wp\/v2\/media\/44933"}],"wp:attachment":[{"href":"https:\/\/www.libraria-occitana.org\/oc\/wp-json\/wp\/v2\/media?parent=44930"}],"wp:term":[{"taxonomy":"product_brand","embeddable":true,"href":"https:\/\/www.libraria-occitana.org\/oc\/wp-json\/wp\/v2\/product_brand?post=44930"},{"taxonomy":"product_cat","embeddable":true,"href":"https:\/\/www.libraria-occitana.org\/oc\/wp-json\/wp\/v2\/product_cat?post=44930"},{"taxonomy":"product_tag","embeddable":true,"href":"https:\/\/www.libraria-occitana.org\/oc\/wp-json\/wp\/v2\/product_tag?post=44930"}],"curies":[{"name":"wp","href":"https:\/\/api.w.org\/{rel}","templated":true}]}}