{"id":44936,"date":"2019-06-07T16:47:40","date_gmt":"2019-06-07T14:47:40","guid":{"rendered":"http:\/\/www.libraria-occitana.org\/product\/de-tot-un-pauc-cd-libreton\/"},"modified":"2026-04-29T02:36:08","modified_gmt":"2026-04-29T00:36:08","slug":"de-tot-un-pauc-cd-libreton","status":"publish","type":"product","link":"https:\/\/www.libraria-occitana.org\/oc\/produch\/de-tot-un-pauc-cd-libreton\/","title":{"rendered":"De tot un pauc (CD + libreton)"},"content":{"rendered":"<p><strong>Avec livret de 40 pages contenant les textes et sources de chaque chanson + les traductions en fran\u00e7ais.<\/strong><\/p>\n<p>P\u00e8ire Boissi\u00e8ra, chanteur du Naut-Agen\u00e9s (nord-est du Lot-et-Garonne) est une des r\u00e9f\u00e9rences en mati\u00e8re de chant d\u2019inspiration traditionnelle du domaine occitan.<br \/>\nIl puise son inspiration des chanteurs et chanteuses qu&#8217;il a rencontr\u00e9s et collect\u00e9s depuis 1975 en Auvergne, Rouergue, Agenais et Gascogne &#8211; on peut citer parmi tant d&#8217;autres, Louise Reichert dite La Ca\u00e7aira, Aubestin Cauhap\u00e8, Adrien et Appollonie Cap\u00f2t, sans oublier F\u00e9licien Beauvier.<br \/>\nLes enqu\u00eates men\u00e9es par d&#8217;autres viennent s&#8217;ajouter au nombre de ses sources : par exemple La Talvera, l&#8217;IEO du Sud-Aveyron ou encore Xavier Vidal \u2013 qui lui a communiqu\u00e9 l&#8217;auto-collectage de Gilbert Salani\u00e9.<br \/>\nIl fait partie des revivalistes, ces jeunes gens qui dans les ann\u00e9es 1970 sont partis sur les routes, en qu\u00eate des musiques et danses traditionnelles et ont enregistr\u00e9 (et parfois film\u00e9) des musicien.nes et danseur.ses afin de sauvegarder un patrimoine alors m\u00e9connu et presque disparu.<br \/>\nGr\u00e2ce \u00e0 ces enqu\u00eates de terrain, ces ethnomusicologues autodidactes ont cr\u00e9\u00e9 des archives, nous donnant acc\u00e8s \u00e0 un r\u00e9pertoire, des modes de jeux, une transmission orale fix\u00e9e sur support.<\/p>\n<p>Dans le cadre d&#8217;un compagnonnage multiforme, P\u00e8ire Boissi\u00e8ra a demand\u00e9 \u00e0 Fran\u00e7ois Dumeaux de r\u00e9aliser cet album.<br \/>\nVingt-trois chansons du r\u00e9pertoire de P\u00e8ire ont \u00e9t\u00e9 enregistr\u00e9es par Fran\u00e7ois au studio Tyto Alba \u2013 ainsi qu&#8217;en plein air et dans les \u00e9glises de Saint-Avit et de Biron.<br \/>\nVous les retrouverez ici dans un CD\/livre avec paroles et sources, accompagn\u00e9es de leur traduction en fran\u00e7ais.<\/p>\n<p>Maria Boissi\u00e8ra, J\u00e9r\u00f4me Noirez, S\u00f2fia Jacques-Serano, Michel Le Meur et Fran\u00e7ois Dumeaux sont invit\u00e9s sur quelques chansons de ce disque.<\/p>\n<p><strong>Titres :<\/strong><br \/>\n1. Flor d&#8217;estiu 2&#8217;52<br \/>\n2. Juliana \u00e8s tan janta 1&#8217;36<br \/>\n3. La vila de Marmanda 8&#8217;46<br \/>\n4. Quora filarem 1&#8217;26<br \/>\n5. Libera me domine 3&#8217;40<br \/>\n6. Sant Joan feu-lo ben gran 1&#8217;54<br \/>\n7. De bon matin se l\u00e8va 4&#8217;24<br \/>\n8. Alegria 1&#8217;02<br \/>\n9. Nostra Dauna dels autocarris 2&#8217;32<br \/>\n10. El romance de Andaleto 5&#8217;12<br \/>\n11. Fl\u00f2c de borr\u00e8ias 1&#8217;41<br \/>\n12. Bonjor gentil popon 1&#8217;00<br \/>\n13. La Lauseta e lo pinson 3&#8217;20<br \/>\n14. Omenon que vivi\u00e1 d&#8217;esper 1&#8217;32<br \/>\n15. La pastora lir\u00eds 3&#8217;44<br \/>\n16. Las goiatas de Clairac 2&#8217;40<br \/>\n17. Dieu es davalat 1&#8217;08<br \/>\n18. Alba 6&#8217;18<br \/>\n19. Lo manescau deu vilatge 1&#8217;49<br \/>\n20. Quan lo boi\u00e8r ven de laurar 2&#8217;56<br \/>\n21. Quauques cants de la n\u00f2\u00e7a gascona 5&#8217;38<br \/>\n22. Corrido de Benito Canales 3&#8217;03<br \/>\n23. Per camin de Perpinha 5&#8217;35<\/p>\n","protected":false},"excerpt":{"rendered":"<p>Avec livret de 40 pages contenant les textes et sources de chaque chanson + les traductions en fran\u00e7ais. P\u00e8ire Boissi\u00e8ra, chanteur du Naut-Agen\u00e9s (nord-est du Lot-et-Garonne) est une des r\u00e9f\u00e9rences en mati\u00e8re de chant d\u2019inspiration traditionnelle du domaine occitan. Il puise son inspiration des chanteurs et chanteuses qu&#8217;il a rencontr\u00e9s et collect\u00e9s depuis 1975 en [&hellip;]<\/p>\n","protected":false},"featured_media":44916,"template":"","meta":{"_acf_changed":false,"_genesis_hide_title":false,"_genesis_hide_breadcrumbs":false,"_genesis_hide_singular_image":false,"_genesis_hide_footer_widgets":false,"_genesis_custom_body_class":"","_genesis_custom_post_class":"","_genesis_layout":""},"product_brand":[],"product_cat":[16683,7229],"product_tag":[],"class_list":{"0":"post-44936","1":"product","2":"type-product","3":"status-publish","4":"has-post-thumbnail","6":"product_cat-musica-oc","7":"product_cat-novela-tradicion-oc","8":"pa_auteur-boissiera-peire-oc","9":"pa_editeur-pagans-oc","10":"pa_langue-occitan-oc","11":"pa_langue-occitan-auvernhat-oc","12":"pa_langue-occitan-gascon-oc","13":"pa_langue-occitan-lengadocian-oc","14":"entry","16":"first","17":"instock","18":"shipping-taxable","19":"purchasable","20":"product-type-simple"},"acf":[],"_links":{"self":[{"href":"https:\/\/www.libraria-occitana.org\/oc\/wp-json\/wp\/v2\/product\/44936","targetHints":{"allow":["GET"]}}],"collection":[{"href":"https:\/\/www.libraria-occitana.org\/oc\/wp-json\/wp\/v2\/product"}],"about":[{"href":"https:\/\/www.libraria-occitana.org\/oc\/wp-json\/wp\/v2\/types\/product"}],"wp:featuredmedia":[{"embeddable":true,"href":"https:\/\/www.libraria-occitana.org\/oc\/wp-json\/wp\/v2\/media\/44916"}],"wp:attachment":[{"href":"https:\/\/www.libraria-occitana.org\/oc\/wp-json\/wp\/v2\/media?parent=44936"}],"wp:term":[{"taxonomy":"product_brand","embeddable":true,"href":"https:\/\/www.libraria-occitana.org\/oc\/wp-json\/wp\/v2\/product_brand?post=44936"},{"taxonomy":"product_cat","embeddable":true,"href":"https:\/\/www.libraria-occitana.org\/oc\/wp-json\/wp\/v2\/product_cat?post=44936"},{"taxonomy":"product_tag","embeddable":true,"href":"https:\/\/www.libraria-occitana.org\/oc\/wp-json\/wp\/v2\/product_tag?post=44936"}],"curies":[{"name":"wp","href":"https:\/\/api.w.org\/{rel}","templated":true}]}}