{"id":44940,"date":"2019-06-07T20:01:36","date_gmt":"2019-06-07T18:01:36","guid":{"rendered":"http:\/\/www.libraria-occitana.org\/product\/les-poufs-a-cordes\/"},"modified":"2026-04-29T02:41:29","modified_gmt":"2026-04-29T00:41:29","slug":"les-poufs-a-cordes","status":"publish","type":"product","link":"https:\/\/www.libraria-occitana.org\/oc\/produch\/les-poufs-a-cordes\/","title":{"rendered":"Les Poufs \u00e0 Cordes"},"content":{"rendered":"<p><strong>No\u00ebllie Nioulou :<\/strong> Violon, violoncelle, chant<br \/>\n<strong>Cl\u00e9mence Cognet :<\/strong> Violon, chant<\/p>\n<p>Un duo de musique acoustique autour des r\u00e9pertoires de violon populaire du Massif Central.<\/p>\n<p><strong>Titres :<\/strong><br \/>\n1. La Craba (compos\u00e9 par No\u00ebllie Nioulou) 4&#8217;01<br \/>\n2. Suite de Scottishs (traditionnels d\u2019apr\u00e8s Julien Chastagnol) 3&#8217;14<br \/>\n3. Marche de noces (traditionnel d\u2019apr\u00e8s Antonin Chabrier) 3&#8217;55<br \/>\n4. Suite de bourr\u00e9es coul\u00e9es (traditionnels d\u2019apr\u00e8s Alfred Mouret, Antonin Chabrier, Michel P\u00e9chadre) 2&#8217;27<br \/>\n5. Alcione \/ Albione (compos\u00e9 par Marin Marais \/ compos\u00e9 par Cl\u00e9mence Cognet) 4&#8217;51<br \/>\n6. Passa aqu\u00ed, les l\u00e9preux (traditionnel d\u2019apr\u00e8s Alfred Mouret) 1&#8217;26<br \/>\n7. Suite de sauti\u00e8res (traditionnels d\u2019apr\u00e8s Eug\u00e8ne Solomagne, L\u00e9on Peyrat) 2&#8217;13<br \/>\n8. Bourr\u00e9e d\u2019apr\u00e8s Pierre Tourret \/ La Liqui\u00e8re (traditionnel \/ compos\u00e9 par No\u00eblle Nioulou) 2&#8217;20<br \/>\n9. La mer coulante \/ Rossignolet sauvage (traditionnels d&#8217;apr\u00e8s Andr\u00e9e Duffaut et Marie-Jeanne Besseyrot) 7&#8217;25<br \/>\n10. Lo jau negre (compos\u00e9 par Nicolas Rouzier) 3&#8217;25<br \/>\n11. Passa aqu\u00ed, Saint Avit (traditionnel d\u2019apr\u00e8s Alfred Mouret) 1&#8217;15<br \/>\n12. Bourr\u00e9es (compos\u00e9 par Jean-Marc Delaunay) 2&#8217;21<br \/>\n13. Polka de Pierre L&#8217;ferblantier (traditionnel d\u2019apr\u00e8s Alfred Mouret) 1&#8217;39<br \/>\n14. Passa aqu\u00ed, La Craba (traditionnel d\u2019apr\u00e8s Alfred Mouret) 1&#8217;20<br \/>\n15. Suite de Bourr\u00e9es (traditionnels d\u2019apr\u00e8s Gaston Pouget, Jean Cocard) 3&#8217;36<br \/>\n16. De Paris \u00e0 Montauban (traditionnel d\u2019apr\u00e8s Marie-Jeanne Besseyrot) 2&#8217;29<\/p>\n","protected":false},"excerpt":{"rendered":"<p>No\u00ebllie Nioulou : Violon, violoncelle, chant Cl\u00e9mence Cognet : Violon, chant Un duo de musique acoustique autour des r\u00e9pertoires de violon populaire du Massif Central. Titres : 1. La Craba (compos\u00e9 par No\u00ebllie Nioulou) 4&#8217;01 2. Suite de Scottishs (traditionnels d\u2019apr\u00e8s Julien Chastagnol) 3&#8217;14 3. Marche de noces (traditionnel d\u2019apr\u00e8s Antonin Chabrier) 3&#8217;55 4. Suite [&hellip;]<\/p>\n","protected":false},"featured_media":44919,"template":"","meta":{"_acf_changed":false,"_genesis_hide_title":false,"_genesis_hide_breadcrumbs":false,"_genesis_hide_singular_image":false,"_genesis_hide_footer_widgets":false,"_genesis_custom_body_class":"","_genesis_custom_post_class":"","_genesis_layout":""},"product_brand":[],"product_cat":[16683,7229],"product_tag":[],"class_list":{"0":"post-44940","1":"product","2":"type-product","3":"status-publish","4":"has-post-thumbnail","6":"product_cat-musica-oc","7":"product_cat-novela-tradicion-oc","8":"pa_auteur-les-poufs-a-cordes-oc","9":"pa_editeur-pagans-oc","10":"pa_langue-francais-oc","11":"pa_langue-occitan-oc","12":"pa_langue-occitan-auvernhat-oc","13":"entry","15":"first","16":"instock","17":"shipping-taxable","18":"purchasable","19":"product-type-simple"},"acf":[],"_links":{"self":[{"href":"https:\/\/www.libraria-occitana.org\/oc\/wp-json\/wp\/v2\/product\/44940","targetHints":{"allow":["GET"]}}],"collection":[{"href":"https:\/\/www.libraria-occitana.org\/oc\/wp-json\/wp\/v2\/product"}],"about":[{"href":"https:\/\/www.libraria-occitana.org\/oc\/wp-json\/wp\/v2\/types\/product"}],"wp:featuredmedia":[{"embeddable":true,"href":"https:\/\/www.libraria-occitana.org\/oc\/wp-json\/wp\/v2\/media\/44919"}],"wp:attachment":[{"href":"https:\/\/www.libraria-occitana.org\/oc\/wp-json\/wp\/v2\/media?parent=44940"}],"wp:term":[{"taxonomy":"product_brand","embeddable":true,"href":"https:\/\/www.libraria-occitana.org\/oc\/wp-json\/wp\/v2\/product_brand?post=44940"},{"taxonomy":"product_cat","embeddable":true,"href":"https:\/\/www.libraria-occitana.org\/oc\/wp-json\/wp\/v2\/product_cat?post=44940"},{"taxonomy":"product_tag","embeddable":true,"href":"https:\/\/www.libraria-occitana.org\/oc\/wp-json\/wp\/v2\/product_tag?post=44940"}],"curies":[{"name":"wp","href":"https:\/\/api.w.org\/{rel}","templated":true}]}}