{"id":44956,"date":"2018-05-18T15:32:56","date_gmt":"2018-05-18T13:32:56","guid":{"rendered":"http:\/\/www.libraria-occitana.org\/?post_type=product&#038;p=44956"},"modified":"2026-04-29T05:26:26","modified_gmt":"2026-04-29T03:26:26","slug":"lesprova","status":"publish","type":"product","link":"https:\/\/www.libraria-occitana.org\/oc\/produch\/lesprova\/","title":{"rendered":"L&#8217;Espr\u00f2va"},"content":{"rendered":"<p>Ernest Bergez, alias Sourdure, compose des morceaux \u00e9lectro-acoustiques inspir\u00e9s du r\u00e9pertoire traditionnel occitan qu\u2019il r\u00e9actualise.<br \/>\nCeci est son deuxi\u00e8me album, enregistr\u00e9 au Gamounet et \u00e0 Royat, entre 2016 et 2017.<\/p>\n<p>Invit\u00e9s :<br \/>\n&#8211; Fran\u00e7ois Arbon : Trombone sur 1 &amp; 6<br \/>\n&#8211; Cl\u00e9mence Cognet : Voix sur 3<br \/>\n&#8211; Louis Jacques : Musette 14&#8242; sur 1, trombone sur 1 &amp; 6<br \/>\n&#8211; Guilhem Lacroux : Guitare, lapsteel, claps sur 3<br \/>\n&#8211; B\u00e9atrice Terrasse : Cornet, basson sur 1, 6 &amp; 9<br \/>\n&#8211; Rachel Pascal : Cabrette sur 6<br \/>\n&#8211; Jacques Puech : Cabrette sur 8<\/p>\n<p><strong>Titres :<\/strong><br \/>\n1. L&#8217;escrib\u00f2ta 4&#8217;14<br \/>\n2. Oiseau creus\u00e9 2&#8217;04<br \/>\n3. Un jorn d&#8217;aquesta prima 4&#8217;02<br \/>\n4. Lo soqueton \/ La marche mauve 6&#8217;25<br \/>\n5. L&#8217;entendu 3&#8217;42<br \/>\n6. La jolie flamande 3&#8217;39<br \/>\n7. Passa aqui \/ \u00c7ai son venguts 2&#8217;47<br \/>\n8. La bufeta negra 4&#8217;21<br \/>\n9. Pour faire une ribote 6&#8217;43<\/p>\n","protected":false},"excerpt":{"rendered":"<p>Ernest Bergez, alias Sourdure, compose des morceaux \u00e9lectro-acoustiques inspir\u00e9s du r\u00e9pertoire traditionnel occitan qu\u2019il r\u00e9actualise. Ceci est son deuxi\u00e8me album, enregistr\u00e9 au Gamounet et \u00e0 Royat, entre 2016 et 2017. Invit\u00e9s : &#8211; Fran\u00e7ois Arbon : Trombone sur 1 &amp; 6 &#8211; Cl\u00e9mence Cognet : Voix sur 3 &#8211; Louis Jacques : Musette 14&#8242; sur [&hellip;]<\/p>\n","protected":false},"featured_media":44913,"template":"","meta":{"_acf_changed":false,"_genesis_hide_title":false,"_genesis_hide_breadcrumbs":false,"_genesis_hide_singular_image":false,"_genesis_hide_footer_widgets":false,"_genesis_custom_body_class":"","_genesis_custom_post_class":"","_genesis_layout":""},"product_brand":[],"product_cat":[7221,16683],"product_tag":[],"class_list":{"0":"post-44956","1":"product","2":"type-product","3":"status-publish","4":"has-post-thumbnail","6":"product_cat-hip-hop-electro-oc","7":"product_cat-musica-oc","8":"pa_auteur-sourdure-oc","9":"pa_editeur-les-disques-du-festival-permanent-oc","10":"pa_editeur-pagans-oc","11":"pa_langue-francais-oc","12":"pa_langue-occitan-oc","13":"pa_langue-occitan-auvernhat-oc","14":"entry","16":"first","17":"instock","18":"shipping-taxable","19":"purchasable","20":"product-type-simple"},"acf":[],"_links":{"self":[{"href":"https:\/\/www.libraria-occitana.org\/oc\/wp-json\/wp\/v2\/product\/44956","targetHints":{"allow":["GET"]}}],"collection":[{"href":"https:\/\/www.libraria-occitana.org\/oc\/wp-json\/wp\/v2\/product"}],"about":[{"href":"https:\/\/www.libraria-occitana.org\/oc\/wp-json\/wp\/v2\/types\/product"}],"wp:featuredmedia":[{"embeddable":true,"href":"https:\/\/www.libraria-occitana.org\/oc\/wp-json\/wp\/v2\/media\/44913"}],"wp:attachment":[{"href":"https:\/\/www.libraria-occitana.org\/oc\/wp-json\/wp\/v2\/media?parent=44956"}],"wp:term":[{"taxonomy":"product_brand","embeddable":true,"href":"https:\/\/www.libraria-occitana.org\/oc\/wp-json\/wp\/v2\/product_brand?post=44956"},{"taxonomy":"product_cat","embeddable":true,"href":"https:\/\/www.libraria-occitana.org\/oc\/wp-json\/wp\/v2\/product_cat?post=44956"},{"taxonomy":"product_tag","embeddable":true,"href":"https:\/\/www.libraria-occitana.org\/oc\/wp-json\/wp\/v2\/product_tag?post=44956"}],"curies":[{"name":"wp","href":"https:\/\/api.w.org\/{rel}","templated":true}]}}