{"id":44981,"date":"2019-01-29T19:53:11","date_gmt":"2019-01-29T18:53:11","guid":{"rendered":"http:\/\/www.libraria-occitana.org\/?post_type=product&#038;p=44981"},"modified":"2026-04-29T10:30:52","modified_gmt":"2026-04-29T08:30:52","slug":"limoges-memoire-dune-ville","status":"publish","type":"product","link":"https:\/\/www.libraria-occitana.org\/oc\/produch\/limoges-memoire-dune-ville\/","title":{"rendered":"Limoges : M\u00e9moire d&#8217;une ville"},"content":{"rendered":"<p>Avec plus de 200 cartes postales et photographies anciennes, Cyrille Roumagnac nous r\u00e9v\u00e8le les principales \u00e9tapes du d\u00e9veloppement de Limoges. Au-del\u00e0 du patrimoine architectural, l&#8217;auteur met en exergue les traditions industrielles et populaires qui ont fa\u00e7onn\u00e9 son histoire, de l&#8217;antiquit\u00e9 jusqu&#8217;\u00e0 la p\u00e9riode contemporaine. Au travers des documents s\u00e9lectionn\u00e9s, vous revivrez avec \u00e9motion et nostalgie les pr\u00e9mices d&#8217;un d\u00e9veloppement industriel et social, qui ont amen\u00e9 Limoges au rang de capitale mondiale des arts du feu.<\/p>\n","protected":false},"excerpt":{"rendered":"<p>Avec plus de 200 cartes postales et photographies anciennes, Cyrille Roumagnac nous r\u00e9v\u00e8le les principales \u00e9tapes du d\u00e9veloppement de Limoges. Au-del\u00e0 du patrimoine architectural, l&#8217;auteur met en exergue les traditions industrielles et populaires qui ont fa\u00e7onn\u00e9 son histoire, de l&#8217;antiquit\u00e9 jusqu&#8217;\u00e0 la p\u00e9riode contemporaine. Au travers des documents s\u00e9lectionn\u00e9s, vous revivrez avec \u00e9motion et nostalgie [&hellip;]<\/p>\n","protected":false},"featured_media":44984,"template":"","meta":{"_acf_changed":false,"_genesis_hide_title":false,"_genesis_hide_breadcrumbs":false,"_genesis_hide_singular_image":false,"_genesis_hide_footer_widgets":false,"_genesis_custom_body_class":"","_genesis_custom_post_class":"","_genesis_layout":""},"product_brand":[],"product_cat":[7159,7149,7133],"product_tag":[],"class_list":{"0":"post-44981","1":"product","2":"type-product","3":"status-publish","4":"has-post-thumbnail","6":"product_cat-istoria-moderna-e-contemporala-oc","7":"product_cat-istoria-geografia-oc","8":"product_cat-libres-oc","9":"pa_auteur-roumagnac-cyrille-oc","10":"pa_editeur-editions-sutton-oc","11":"pa_langue-francais-oc","12":"entry","14":"first","15":"instock","16":"shipping-taxable","17":"purchasable","18":"product-type-simple"},"acf":[],"_links":{"self":[{"href":"https:\/\/www.libraria-occitana.org\/oc\/wp-json\/wp\/v2\/product\/44981","targetHints":{"allow":["GET"]}}],"collection":[{"href":"https:\/\/www.libraria-occitana.org\/oc\/wp-json\/wp\/v2\/product"}],"about":[{"href":"https:\/\/www.libraria-occitana.org\/oc\/wp-json\/wp\/v2\/types\/product"}],"wp:featuredmedia":[{"embeddable":true,"href":"https:\/\/www.libraria-occitana.org\/oc\/wp-json\/wp\/v2\/media\/44984"}],"wp:attachment":[{"href":"https:\/\/www.libraria-occitana.org\/oc\/wp-json\/wp\/v2\/media?parent=44981"}],"wp:term":[{"taxonomy":"product_brand","embeddable":true,"href":"https:\/\/www.libraria-occitana.org\/oc\/wp-json\/wp\/v2\/product_brand?post=44981"},{"taxonomy":"product_cat","embeddable":true,"href":"https:\/\/www.libraria-occitana.org\/oc\/wp-json\/wp\/v2\/product_cat?post=44981"},{"taxonomy":"product_tag","embeddable":true,"href":"https:\/\/www.libraria-occitana.org\/oc\/wp-json\/wp\/v2\/product_tag?post=44981"}],"curies":[{"name":"wp","href":"https:\/\/api.w.org\/{rel}","templated":true}]}}