{"id":45006,"date":"2003-06-21T13:17:55","date_gmt":"2003-06-21T11:17:55","guid":{"rendered":"http:\/\/www.libraria-occitana.org\/?post_type=product&#038;p=45006"},"modified":"2026-04-16T20:11:10","modified_gmt":"2026-04-16T18:11:10","slug":"je-fais-mes-jouets-avec-des-plantes","status":"publish","type":"product","link":"https:\/\/www.libraria-occitana.org\/oc\/produch\/je-fais-mes-jouets-avec-des-plantes\/","title":{"rendered":"Je fais mes jouets avec des plantes"},"content":{"rendered":"<p>\u00ab Vous avez entendu parler, dans les contes, des sorciers qui transforment un objet inanim\u00e9 en \u00eatre vivant. Chacun de vous peut en faire autant&#8230; avec un peu d&#8217;imagination. L&#8217;imagination a des yeux merveilleux qui voient bien plus clair que nos vrais yeux. Si vos mains arrivent \u00e0 faire ce que votre imagination peut voir, vous voil\u00e0 de vrais sorciers. \u00bb<\/p>\n<p>Comment transformer brindilles, glands, pommes de pin et autres ressources naturelles en v\u00e9ritables petites sc\u00e8nes anim\u00e9es&#8230;<\/p>\n","protected":false},"excerpt":{"rendered":"<p>\u00ab Vous avez entendu parler, dans les contes, des sorciers qui transforment un objet inanim\u00e9 en \u00eatre vivant. Chacun de vous peut en faire autant&#8230; avec un peu d&#8217;imagination. L&#8217;imagination a des yeux merveilleux qui voient bien plus clair que nos vrais yeux. Si vos mains arrivent \u00e0 faire ce que votre imagination peut voir, [&hellip;]<\/p>\n","protected":false},"featured_media":45009,"template":"","meta":{"_acf_changed":false,"_genesis_hide_title":false,"_genesis_hide_breadcrumbs":false,"_genesis_hide_singular_image":false,"_genesis_hide_footer_widgets":false,"_genesis_custom_body_class":"","_genesis_custom_post_class":"","_genesis_layout":""},"product_brand":[],"product_cat":[7171,7165,7133,7213,7207],"product_tag":[],"class_list":{"0":"post-45006","1":"product","2":"type-product","3":"status-publish","4":"has-post-thumbnail","6":"product_cat-drolles-oc","7":"product_cat-jounessa-bd-umor","8":"product_cat-libres-oc","9":"product_cat-metiers-saubre-far-oc","10":"product_cat-tradicions-patrimoni-oc","11":"pa_auteur-faucher-paul-oc","12":"pa_auteur-institut-bakule-oc","13":"pa_editeur-flammarion-oc","14":"pa_langue-francais-oc","15":"entry","17":"first","18":"instock","19":"shipping-taxable","20":"purchasable","21":"product-type-simple"},"acf":[],"_links":{"self":[{"href":"https:\/\/www.libraria-occitana.org\/oc\/wp-json\/wp\/v2\/product\/45006","targetHints":{"allow":["GET"]}}],"collection":[{"href":"https:\/\/www.libraria-occitana.org\/oc\/wp-json\/wp\/v2\/product"}],"about":[{"href":"https:\/\/www.libraria-occitana.org\/oc\/wp-json\/wp\/v2\/types\/product"}],"wp:featuredmedia":[{"embeddable":true,"href":"https:\/\/www.libraria-occitana.org\/oc\/wp-json\/wp\/v2\/media\/45009"}],"wp:attachment":[{"href":"https:\/\/www.libraria-occitana.org\/oc\/wp-json\/wp\/v2\/media?parent=45006"}],"wp:term":[{"taxonomy":"product_brand","embeddable":true,"href":"https:\/\/www.libraria-occitana.org\/oc\/wp-json\/wp\/v2\/product_brand?post=45006"},{"taxonomy":"product_cat","embeddable":true,"href":"https:\/\/www.libraria-occitana.org\/oc\/wp-json\/wp\/v2\/product_cat?post=45006"},{"taxonomy":"product_tag","embeddable":true,"href":"https:\/\/www.libraria-occitana.org\/oc\/wp-json\/wp\/v2\/product_tag?post=45006"}],"curies":[{"name":"wp","href":"https:\/\/api.w.org\/{rel}","templated":true}]}}