{"id":45011,"date":"2003-10-21T16:03:46","date_gmt":"2003-10-21T14:03:46","guid":{"rendered":"http:\/\/www.libraria-occitana.org\/?post_type=product&#038;p=45011"},"modified":"2026-04-03T05:56:53","modified_gmt":"2026-04-03T03:56:53","slug":"canconier-occitan-1-chansonnier-occitan-1-canconer-occita-1-libre-cd","status":"publish","type":"product","link":"https:\/\/www.libraria-occitana.org\/oc\/produch\/canconier-occitan-1-chansonnier-occitan-1-canconer-occita-1-libre-cd\/","title":{"rendered":"Can\u00e7oni\u00e8r Occitan 1 &#8211; Chansonnier occitan 1 &#8211; Can\u00e7oner occit\u00e0 1 (libre + CD)"},"content":{"rendered":"<p>Recu\u00e8lh de d\u00e8tz cants populars d'Occit\u00e0nia, seleccionats e arrengats per Pascal Caumont. Aquela edicion associa un libret amb la musica de las can\u00e7ons e lors t\u00e8xtes en occitan, franc\u00e9s e catalan, e son CD : una primi\u00e8ra partida amb las melodias e los acompanhaments, una seconda partida amb los acompanhaments sols per facilitar la difusion e lo trabalh didactic dels cants.<\/p>\n<p>Trio Grand Vam : Pascal Caumont (cant, percussions), Guillaume Lopez (cornamusa de Gasconha, pifre, cant), Thierry Roques (acordeon cromatic).<\/p>\n","protected":false},"excerpt":{"rendered":"<p>Recu\u00e8lh de d\u00e8tz cants populars d&#8217;Occit\u00e0nia, seleccionats e arrengats per Pascal Caumont. Aquela edicion associa un libret amb la musica de las can\u00e7ons e lors t\u00e8xtes en occitan, franc\u00e9s e catalan, e son CD : una primi\u00e8ra partida amb las melodias e los acompanhaments, una seconda partida amb los acompanhaments sols per facilitar la difusion [&hellip;]<\/p>\n","protected":false},"featured_media":51605,"template":"","meta":{"_acf_changed":false,"_genesis_hide_title":false,"_genesis_hide_breadcrumbs":false,"_genesis_hide_singular_image":false,"_genesis_hide_footer_widgets":false,"_genesis_custom_body_class":"","_genesis_custom_post_class":"","_genesis_layout":""},"product_brand":[],"product_cat":[7133,7191,7193],"product_tag":[],"class_list":{"0":"post-45011","1":"product","2":"type-product","3":"status-publish","4":"has-post-thumbnail","6":"product_cat-libres-oc","7":"product_cat-musica-danca-oc","8":"product_cat-particions-paraulas-de-chancons-oc","9":"pa_auteur-caumont-pascal-oc","10":"pa_editeur-crdp-midi-pyrenees-oc","11":"pa_editeur-dinsic-oc","12":"pa_langue-occitan-francais-oc","13":"entry","15":"first","16":"instock","17":"shipping-taxable","18":"purchasable","19":"product-type-simple"},"acf":[],"_links":{"self":[{"href":"https:\/\/www.libraria-occitana.org\/oc\/wp-json\/wp\/v2\/product\/45011","targetHints":{"allow":["GET"]}}],"collection":[{"href":"https:\/\/www.libraria-occitana.org\/oc\/wp-json\/wp\/v2\/product"}],"about":[{"href":"https:\/\/www.libraria-occitana.org\/oc\/wp-json\/wp\/v2\/types\/product"}],"wp:featuredmedia":[{"embeddable":true,"href":"https:\/\/www.libraria-occitana.org\/oc\/wp-json\/wp\/v2\/media\/51605"}],"wp:attachment":[{"href":"https:\/\/www.libraria-occitana.org\/oc\/wp-json\/wp\/v2\/media?parent=45011"}],"wp:term":[{"taxonomy":"product_brand","embeddable":true,"href":"https:\/\/www.libraria-occitana.org\/oc\/wp-json\/wp\/v2\/product_brand?post=45011"},{"taxonomy":"product_cat","embeddable":true,"href":"https:\/\/www.libraria-occitana.org\/oc\/wp-json\/wp\/v2\/product_cat?post=45011"},{"taxonomy":"product_tag","embeddable":true,"href":"https:\/\/www.libraria-occitana.org\/oc\/wp-json\/wp\/v2\/product_tag?post=45011"}],"curies":[{"name":"wp","href":"https:\/\/api.w.org\/{rel}","templated":true}]}}