{"id":45125,"date":"2018-09-10T11:50:27","date_gmt":"2018-09-10T09:50:27","guid":{"rendered":"http:\/\/www.libraria-occitana.org\/?post_type=product&#038;p=45125"},"modified":"2026-04-29T10:12:44","modified_gmt":"2026-04-29T08:12:44","slug":"je-nai-plus-ose-ouvrir-la-bouche","status":"publish","type":"product","link":"https:\/\/www.libraria-occitana.org\/oc\/produch\/je-nai-plus-ose-ouvrir-la-bouche\/","title":{"rendered":"Je n&#8217;ai plus os\u00e9 ouvrir la bouche&#8230;"},"content":{"rendered":"<p>\u00ab J\u2019aimerais vous remercier pour votre intervention \u00e0 France Culture que j\u2019ai \u00e9cout\u00e9e avec beaucoup d\u2019attention, vous avez r\u00e9ussi \u00e0 mettre le doigt sur un mal-\u00eatre qui touche un grand nombre de personnes, toutes cat\u00e9gories sociales confondues [\u2026]. En vous remerciant encore une fois pour votre contribution \u00e0 l\u2019\u00e9tude [de la glottophobie] et en vous encourageant \u00e0 continuer\u2026 \u00bb<\/p>\n<p><a href=\"http:\/\/www.libraria-occitana.org\/produit\/discriminations-combattre-la-glottophobie\/\"><em>Discriminations : combattre la glottophobie<\/em><\/a>, de Philippe Blanchet, paru en 2016, a re\u00e7u un accueil m\u00e9diatique tr\u00e8s favorable (<em>Le Point<\/em>, <em>Le Monde<\/em>, <em>Lib\u00e9ration<\/em>, <em>La Croix<\/em>, <em>Mediapart<\/em>, <em>France Culture<\/em>, <em>France Inter<\/em>, <em>France Bleu<\/em>, <em>RTL<\/em>, <em>TV5 Monde<\/em>, <em>L\u2019Express<\/em>, <em>Elle<\/em>&#8230;) et a valu \u00e0 l\u2019auteur un abondant courrier de t\u00e9moignages dont on trouvera ici de larges extraits.<\/p>\n<p>Inscrite \u00e0 la crois\u00e9e des notions d\u2019accent (ici alsacien, marseillais, toulousain, catalan, basque, marocain, tunisien, turc, espagnol, italien, qu\u00e9b\u00e9cois, populaire\u2026) et de langues (\u00e9trang\u00e8res ou r\u00e9gionales) d\u2019une part, d\u2019\u00ab\u2009identit\u00e9 nationale\u2009\u00bb et de \u00ab\u2009puret\u00e9 de la langue\u2009\u00bb d\u2019autre part, la glottophobie est une x\u00e9nophobie fond\u00e9e sur le m\u00e9pris de la langue de l\u2019autre. Le culte d\u2019une langue, cette \u00ab\u2009passion fran\u00e7aise\u2009\u00bb en apparence innocente, et son revers, le rejet de celles et ceux qui parlent autrement, causent des d\u00e9g\u00e2ts de toutes sortes : politiques, sociaux, culturels, scolaires, psychologiques\u2026<\/p>\n<p>Le pr\u00e9sent recueil de t\u00e9moignages, principalement collect\u00e9s ces trois derni\u00e8res ann\u00e9es par St\u00e9phanie Clerc Conan et Philippe Blanchet, prend la suite de <em>Discriminations\u2009: combattre la glottophobie<\/em> pour donner la parole aux victimes et proposer des moyens de se d\u00e9fendre.<\/p>\n<p><a href=\"https:\/\/www.libraria-occitana.org\/wp-content\/uploads\/2019\/07\/tdm_blanchet2.pdf\">\u2192 Consulter la table des mati\u00e8res<\/a><\/p>\n","protected":false},"excerpt":{"rendered":"<p>\u00ab J\u2019aimerais vous remercier pour votre intervention \u00e0 France Culture que j\u2019ai \u00e9cout\u00e9e avec beaucoup d\u2019attention, vous avez r\u00e9ussi \u00e0 mettre le doigt sur un mal-\u00eatre qui touche un grand nombre de personnes, toutes cat\u00e9gories sociales confondues [\u2026]. En vous remerciant encore une fois pour votre contribution \u00e0 l\u2019\u00e9tude [de la glottophobie] et en vous [&hellip;]<\/p>\n","protected":false},"featured_media":45115,"template":"","meta":{"_acf_changed":false,"_genesis_hide_title":false,"_genesis_hide_breadcrumbs":false,"_genesis_hide_singular_image":false,"_genesis_hide_footer_widgets":false,"_genesis_custom_body_class":"","_genesis_custom_post_class":"","_genesis_layout":""},"product_brand":[],"product_cat":[7133,7203],"product_tag":[],"class_list":{"0":"post-45125","1":"product","2":"type-product","3":"status-publish","4":"has-post-thumbnail","6":"product_cat-libres-oc","7":"product_cat-politica-sociologia-actualitat-oc","8":"pa_auteur-blanchet-philippe-oc","9":"pa_auteur-clerc-conan-stephanie-oc","10":"pa_editeur-lambert-lucas-oc","11":"pa_langue-francais-oc","12":"entry","14":"first","15":"outofstock","16":"shipping-taxable","17":"purchasable","18":"product-type-simple"},"acf":[],"_links":{"self":[{"href":"https:\/\/www.libraria-occitana.org\/oc\/wp-json\/wp\/v2\/product\/45125","targetHints":{"allow":["GET"]}}],"collection":[{"href":"https:\/\/www.libraria-occitana.org\/oc\/wp-json\/wp\/v2\/product"}],"about":[{"href":"https:\/\/www.libraria-occitana.org\/oc\/wp-json\/wp\/v2\/types\/product"}],"wp:featuredmedia":[{"embeddable":true,"href":"https:\/\/www.libraria-occitana.org\/oc\/wp-json\/wp\/v2\/media\/45115"}],"wp:attachment":[{"href":"https:\/\/www.libraria-occitana.org\/oc\/wp-json\/wp\/v2\/media?parent=45125"}],"wp:term":[{"taxonomy":"product_brand","embeddable":true,"href":"https:\/\/www.libraria-occitana.org\/oc\/wp-json\/wp\/v2\/product_brand?post=45125"},{"taxonomy":"product_cat","embeddable":true,"href":"https:\/\/www.libraria-occitana.org\/oc\/wp-json\/wp\/v2\/product_cat?post=45125"},{"taxonomy":"product_tag","embeddable":true,"href":"https:\/\/www.libraria-occitana.org\/oc\/wp-json\/wp\/v2\/product_tag?post=45125"}],"curies":[{"name":"wp","href":"https:\/\/api.w.org\/{rel}","templated":true}]}}