{"id":45128,"date":"2019-05-10T15:22:56","date_gmt":"2019-05-10T13:22:56","guid":{"rendered":"http:\/\/www.libraria-occitana.org\/?post_type=product&#038;p=45128"},"modified":"2026-04-25T20:51:36","modified_gmt":"2026-04-25T18:51:36","slug":"lagroecologie-peut-nous-sauver","status":"publish","type":"product","link":"https:\/\/www.libraria-occitana.org\/oc\/produch\/lagroecologie-peut-nous-sauver\/","title":{"rendered":"L&#8217;agro\u00e9cologie peut nous sauver"},"content":{"rendered":"<p>Ing\u00e9nieur agronome, Marc Dufumier a d\u00e9couvert l\u2019agro\u00e9cologie \u00e0 22 ans, non sur les bancs d\u2019AgroParisTech o\u00f9 il \u00e9tait \u00e9tudiant, mais \u00e0 Madagascar, lorsque des femmes analphab\u00e8tes l\u2019ont initi\u00e9 \u00e0 une agriculture paysanne respectueuse de l\u2019Homme et de son environnement. Devenu professeur \u00e0 AgroParisTech et expert sur des missions de terrain aux quatre coins du monde, il est aujourd\u2019hui l\u2019un des sp\u00e9cialistes les plus reconnus dans le domaine de l\u2019agro\u00e9cologie.<\/p>\n<p>Alliant rigueur scientifique et engagement, Marc Dufumier explique dans ces entretiens avec le journaliste Olivier Le Naire en quoi la r\u00e9volution agro\u00e9cologique est une r\u00e9ponse concr\u00e8te, r\u00e9alisable et globale \u00e0 beaucoup des maux de notre monde moderne dont la famine, la malbouffe, l\u2019ob\u00e9sit\u00e9, la pollution, le r\u00e9chauffement climatique, la perte de biodiversit\u00e9, les in\u00e9galit\u00e9s mondiales ou les migrations contraintes. Selon lui, tous ces probl\u00e8mes \u00e9tant li\u00e9s, leurs solutions ne peuvent plus \u00eatre \u00e9tudi\u00e9es s\u00e9par\u00e9ment. Pour nourrir les 10 milliards d\u2019habitants que nous serons bient\u00f4t, il faut donc \u00e0 la fois renoncer \u00e0 la privatisation des semences, \u00e0 l\u2019emploi des produits pesticides et aux d\u00e9rives du commerce mondial, mais surtout amener les citoyens \u00e0 prendre conscience que leur sort, comme celui de la plan\u00e8te, est entre leurs mains et non entre celles des lobbys industriels.<\/p>\n<p>Concr\u00e8te, vivante, optimiste et \u00e0 la port\u00e9e de tous, cette conversation redonnera espoir \u00e0 toutes celles et tous ceux qui seraient tent\u00e9s de baisser les bras.<\/p>\n","protected":false},"excerpt":{"rendered":"<p>Ing\u00e9nieur agronome, Marc Dufumier a d\u00e9couvert l\u2019agro\u00e9cologie \u00e0 22 ans, non sur les bancs d\u2019AgroParisTech o\u00f9 il \u00e9tait \u00e9tudiant, mais \u00e0 Madagascar, lorsque des femmes analphab\u00e8tes l\u2019ont initi\u00e9 \u00e0 une agriculture paysanne respectueuse de l\u2019Homme et de son environnement. Devenu professeur \u00e0 AgroParisTech et expert sur des missions de terrain aux quatre coins du monde, [&hellip;]<\/p>\n","protected":false},"featured_media":45131,"template":"","meta":{"_acf_changed":false,"_genesis_hide_title":false,"_genesis_hide_breadcrumbs":false,"_genesis_hide_singular_image":false,"_genesis_hide_footer_widgets":false,"_genesis_custom_body_class":"","_genesis_custom_post_class":"","_genesis_layout":""},"product_brand":[],"product_cat":[7133,7203],"product_tag":[],"class_list":{"0":"post-45128","1":"product","2":"type-product","3":"status-publish","4":"has-post-thumbnail","6":"product_cat-libres-oc","7":"product_cat-politica-sociologia-actualitat-oc","8":"pa_auteur-dufumier-marc-oc","9":"pa_auteur-le-naire-olivier-oc","10":"pa_editeur-actes-sud-oc","11":"pa_langue-francais-oc","12":"entry","14":"first","15":"outofstock","16":"shipping-taxable","17":"purchasable","18":"product-type-simple"},"acf":[],"_links":{"self":[{"href":"https:\/\/www.libraria-occitana.org\/oc\/wp-json\/wp\/v2\/product\/45128","targetHints":{"allow":["GET"]}}],"collection":[{"href":"https:\/\/www.libraria-occitana.org\/oc\/wp-json\/wp\/v2\/product"}],"about":[{"href":"https:\/\/www.libraria-occitana.org\/oc\/wp-json\/wp\/v2\/types\/product"}],"wp:featuredmedia":[{"embeddable":true,"href":"https:\/\/www.libraria-occitana.org\/oc\/wp-json\/wp\/v2\/media\/45131"}],"wp:attachment":[{"href":"https:\/\/www.libraria-occitana.org\/oc\/wp-json\/wp\/v2\/media?parent=45128"}],"wp:term":[{"taxonomy":"product_brand","embeddable":true,"href":"https:\/\/www.libraria-occitana.org\/oc\/wp-json\/wp\/v2\/product_brand?post=45128"},{"taxonomy":"product_cat","embeddable":true,"href":"https:\/\/www.libraria-occitana.org\/oc\/wp-json\/wp\/v2\/product_cat?post=45128"},{"taxonomy":"product_tag","embeddable":true,"href":"https:\/\/www.libraria-occitana.org\/oc\/wp-json\/wp\/v2\/product_tag?post=45128"}],"curies":[{"name":"wp","href":"https:\/\/api.w.org\/{rel}","templated":true}]}}