{"id":45160,"date":"2019-06-12T17:50:23","date_gmt":"2019-06-12T15:50:23","guid":{"rendered":"http:\/\/www.libraria-occitana.org\/?post_type=product&#038;p=45160"},"modified":"2026-04-14T06:26:12","modified_gmt":"2026-04-14T04:26:12","slug":"memoires-de-guerre-des-limousins-1914-1919","status":"publish","type":"product","link":"https:\/\/www.libraria-occitana.org\/oc\/produch\/memoires-de-guerre-des-limousins-1914-1919\/","title":{"rendered":"M\u00e9moires de guerre des Limousins : 1914-1919"},"content":{"rendered":"<p>La diversit\u00e9 et la richesse des t\u00e9moignages que le Cghml a collect\u00e9s depuis 2013 dans le cadre de la comm\u00e9moration du centenaire de la Grande Guerre devaient trouver ici leur juste reconnaissance. Il \u00e9tait impossible de publier\u2009 tous ces r\u00e9cits de la souffrance et des drames v\u00e9cus par nos anc\u00eatres \u2013 grand-p\u00e8re, grand-oncle, mais aussi m\u00e8re ou grand-m\u00e8re \u2013 auxquels chacun voulait l\u00e9gitimement rendre hommage. Nous avons donc s\u00e9lectionn\u00e9 plus de soixante textes qui, \u00e0 leur fa\u00e7on, portent t\u00e9moignage de ce que fut cet \u00e9pisode tragique de la vie des Limousins.<\/p>\n<p>C&#8217;est ainsi que l&#8217;on d\u00e9couvrira ce moment auquel furent confront\u00e9s d\u00e8s ao\u00fbt 1914 ces gar\u00e7ons partis de Limoges, Tulle ou Gu\u00e9ret vers les fronti\u00e8res. Ce fut le temps du massacre des r\u00e9giments limousins. Dans les m\u00eames semaines, l&#8217;arm\u00e9e parcourait les campagnes et r\u00e9quisitionnait les animaux dont elle avait besoin\u2009: chevaux pour la cavalerie, l&#8217;artillerie ou l&#8217;infanterie, mais aussi bovins, sont partis par milliers.<\/p>\n<p>Pendant que les gar\u00e7ons vivaient la guerre \u00e0 en mourir, les femmes s\u00e9chaient leurs larmes pour une mobilisation du quotidien. Ouvri\u00e8re, enseignante, infirmi\u00e8re, paysanne, marraine de guerre, chacune rassemblait ses forces pour apporter sa contribution \u00e0 l&#8217;effort de tous avec pour mot d&#8217;ordre\u2009: Debout femmes fran\u00e7aises\u2009!<\/p>\n<p>Les mois passant, les premiers r\u00e9fugi\u00e9s sont arriv\u00e9s \u00e0 Limoges, des soldats russes rassembl\u00e9s \u00e0 La Courtine ont organis\u00e9 un soviet et se sont r\u00e9volt\u00e9s, les bless\u00e9s ont \u00e9t\u00e9 regroup\u00e9s dans des h\u00f4pitaux temporaires, les permissionnaires ont retrouv\u00e9 leur famille ou sont morts dans un train qui, emport\u00e9 par sa vitesse, a d\u00e9raill\u00e9 en Savoie. R\u00e9volt\u00e9s par tant de mis\u00e8re quelques-uns sont tomb\u00e9s sous le feu des armes fran\u00e7aises\u2009: fusill\u00e9s pour l&#8217;exemple. Ce fut la r\u00e9alit\u00e9 des Limousins.<\/p>\n<p>Le Cghml a publi\u00e9 dans sa revue <em>D&#8217;onte ses<\/em> entre 2014 et 2019 plusieurs des articles rassembl\u00e9s dans cet ouvrage. Il a aussi publi\u00e9 les photos, sur plaques de verre st\u00e9r\u00e9oscopiques qui lui ont \u00e9t\u00e9 remises et qui constituent aujourd&#8217;hui une partie de son fonds d&#8217;archives. Cet ensemble est un \u00e9l\u00e9ment de m\u00e9moire que nous sommes fiers d&#8217;avoir contribu\u00e9 \u00e0 rassembler et \u00e0 diffuser. \u00e0 notre place, soutenu par la Mission nationale du Centenaire, le Cghml a voulu ainsi contribuer \u00e0 la connaissance de l&#8217;histoire et de la g\u00e9n\u00e9alogie des Limousins.<\/p>\n<p>Ouvrage collectif de 300 pages coordonn\u00e9 par l&#8217;historien Philippe Grandcoing et Jean-Jacques Mauriat, directeur de publication et pr\u00e9sident du Cghml.<\/p>\n","protected":false},"excerpt":{"rendered":"<p>La diversit\u00e9 et la richesse des t\u00e9moignages que le Cghml a collect\u00e9s depuis 2013 dans le cadre de la comm\u00e9moration du centenaire de la Grande Guerre devaient trouver ici leur juste reconnaissance. Il \u00e9tait impossible de publier\u2009 tous ces r\u00e9cits de la souffrance et des drames v\u00e9cus par nos anc\u00eatres \u2013 grand-p\u00e8re, grand-oncle, mais aussi [&hellip;]<\/p>\n","protected":false},"featured_media":45163,"template":"","meta":{"_acf_changed":false,"_genesis_hide_title":false,"_genesis_hide_breadcrumbs":false,"_genesis_hide_singular_image":false,"_genesis_hide_footer_widgets":false,"_genesis_custom_body_class":"","_genesis_custom_post_class":"","_genesis_layout":""},"product_brand":[],"product_cat":[7159,7149,7133],"product_tag":[],"class_list":{"0":"post-45160","1":"product","2":"type-product","3":"status-publish","4":"has-post-thumbnail","6":"product_cat-istoria-moderna-e-contemporala-oc","7":"product_cat-istoria-geografia-oc","8":"product_cat-libres-oc","9":"pa_auteur-collectiu-oc-2","10":"pa_auteur-grandcoing-philippe-oc","11":"pa_auteur-mauriat-jean-jacques-oc","12":"pa_editeur-cghhml-oc","13":"pa_langue-francais-oc","14":"entry","16":"first","17":"instock","18":"shipping-taxable","19":"purchasable","20":"product-type-simple"},"acf":[],"_links":{"self":[{"href":"https:\/\/www.libraria-occitana.org\/oc\/wp-json\/wp\/v2\/product\/45160","targetHints":{"allow":["GET"]}}],"collection":[{"href":"https:\/\/www.libraria-occitana.org\/oc\/wp-json\/wp\/v2\/product"}],"about":[{"href":"https:\/\/www.libraria-occitana.org\/oc\/wp-json\/wp\/v2\/types\/product"}],"wp:featuredmedia":[{"embeddable":true,"href":"https:\/\/www.libraria-occitana.org\/oc\/wp-json\/wp\/v2\/media\/45163"}],"wp:attachment":[{"href":"https:\/\/www.libraria-occitana.org\/oc\/wp-json\/wp\/v2\/media?parent=45160"}],"wp:term":[{"taxonomy":"product_brand","embeddable":true,"href":"https:\/\/www.libraria-occitana.org\/oc\/wp-json\/wp\/v2\/product_brand?post=45160"},{"taxonomy":"product_cat","embeddable":true,"href":"https:\/\/www.libraria-occitana.org\/oc\/wp-json\/wp\/v2\/product_cat?post=45160"},{"taxonomy":"product_tag","embeddable":true,"href":"https:\/\/www.libraria-occitana.org\/oc\/wp-json\/wp\/v2\/product_tag?post=45160"}],"curies":[{"name":"wp","href":"https:\/\/api.w.org\/{rel}","templated":true}]}}