{"id":45179,"date":"2011-12-12T19:08:36","date_gmt":"2011-12-12T18:08:36","guid":{"rendered":"http:\/\/www.libraria-occitana.org\/?post_type=product&#038;p=45179"},"modified":"2026-04-25T20:31:25","modified_gmt":"2026-04-25T18:31:25","slug":"une-histoire-buissonniere-de-la-france","status":"publish","type":"product","link":"https:\/\/www.libraria-occitana.org\/oc\/produch\/une-histoire-buissonniere-de-la-france\/","title":{"rendered":"Une histoire buissonni\u00e8re de la France"},"content":{"rendered":"<p>\u00ab Ce livre est le r\u00e9sultat de vingt-deux mille cinq cents kilom\u00e8tres \u00e0 v\u00e9lo et quatre ann\u00e9es en biblioth\u00e8que. Il d\u00e9crit la vie des habitants de la France de la fin du XVIIe au d\u00e9but du XXe si\u00e8cle. C\u2019est le guide historique que j\u2019aurais voulu lire lorsque je me suis lanc\u00e9 \u00e0 la d\u00e9couverte de la France. \u00bb<\/p>\n<p>Chaque \u00e9t\u00e9 depuis vingt ans, Graham Robb, sp\u00e9cialiste de litt\u00e9rature et cycliste chevronn\u00e9, parcourt avec son \u00e9pouse les routes de France. De leurs p\u00e9r\u00e9grinations est n\u00e9 ce livre extraordinaire, qui emm\u00e8ne le lecteur en promenade dans les chemins buissonniers de notre histoire : o\u00f9 l\u2019on d\u00e9couvre le sort tragique de l\u2019homme qui cartographia le premier, en 1740, le mont Gerbier-de-Jonc ; o\u00f9 l\u2019on apprend l\u2019issue cocasse de la bataille de Roquec\u00e9zi\u00e8re, qui d\u00e9chira en 1884 deux villages voisins de l\u2019Aveyron ; o\u00f9 l\u2019on s\u2019\u00e9tonne des d\u00e9boires linguistiques de Racine, lequel eut toutes les peines du monde, lors d\u2019un voyage en Provence en 1661, \u00e0 se faire comprendre d\u2019une servante valentinoise&#8230;<\/p>\n<p>Au lecteur de se laisser guider par la plume savoureuse de cet explorateur venu d\u2019outre-Manche : en remontant le cours de l\u2019Histoire pour plonger au c\u0153ur de la France d\u2019avant la centralisation, encore sauvage et indompt\u00e9e, il d\u00e9couvrira un pays dont il ne soup\u00e7onnait pas l\u2019existence&#8230;<\/p>\n","protected":false},"excerpt":{"rendered":"<p>\u00ab Ce livre est le r\u00e9sultat de vingt-deux mille cinq cents kilom\u00e8tres \u00e0 v\u00e9lo et quatre ann\u00e9es en biblioth\u00e8que. Il d\u00e9crit la vie des habitants de la France de la fin du XVIIe au d\u00e9but du XXe si\u00e8cle. C\u2019est le guide historique que j\u2019aurais voulu lire lorsque je me suis lanc\u00e9 \u00e0 la d\u00e9couverte de [&hellip;]<\/p>\n","protected":false},"featured_media":45182,"template":"","meta":{"_acf_changed":false,"_genesis_hide_title":false,"_genesis_hide_breadcrumbs":false,"_genesis_hide_singular_image":false,"_genesis_hide_footer_widgets":false,"_genesis_custom_body_class":"","_genesis_custom_post_class":"","_genesis_layout":""},"product_brand":[],"product_cat":[7199,7157,7149,7133,7197],"product_tag":[],"class_list":{"0":"post-45179","1":"product","2":"type-product","3":"status-publish","4":"has-post-thumbnail","6":"product_cat-guides-torisme-viatge-oc","7":"product_cat-istoria-generala-oc","8":"product_cat-istoria-geografia-oc","9":"product_cat-libres-oc","10":"product_cat-natura-torisme-oc","11":"pa_auteur-robb-graham-oc","12":"pa_editeur-flammarion-oc","13":"pa_illustrateur-taudiere-isabelle-oc","14":"pa_langue-francais-oc","15":"entry","17":"first","18":"instock","19":"shipping-taxable","20":"purchasable","21":"product-type-simple"},"acf":[],"_links":{"self":[{"href":"https:\/\/www.libraria-occitana.org\/oc\/wp-json\/wp\/v2\/product\/45179","targetHints":{"allow":["GET"]}}],"collection":[{"href":"https:\/\/www.libraria-occitana.org\/oc\/wp-json\/wp\/v2\/product"}],"about":[{"href":"https:\/\/www.libraria-occitana.org\/oc\/wp-json\/wp\/v2\/types\/product"}],"wp:featuredmedia":[{"embeddable":true,"href":"https:\/\/www.libraria-occitana.org\/oc\/wp-json\/wp\/v2\/media\/45182"}],"wp:attachment":[{"href":"https:\/\/www.libraria-occitana.org\/oc\/wp-json\/wp\/v2\/media?parent=45179"}],"wp:term":[{"taxonomy":"product_brand","embeddable":true,"href":"https:\/\/www.libraria-occitana.org\/oc\/wp-json\/wp\/v2\/product_brand?post=45179"},{"taxonomy":"product_cat","embeddable":true,"href":"https:\/\/www.libraria-occitana.org\/oc\/wp-json\/wp\/v2\/product_cat?post=45179"},{"taxonomy":"product_tag","embeddable":true,"href":"https:\/\/www.libraria-occitana.org\/oc\/wp-json\/wp\/v2\/product_tag?post=45179"}],"curies":[{"name":"wp","href":"https:\/\/api.w.org\/{rel}","templated":true}]}}