{"id":45187,"date":"2014-09-16T11:13:18","date_gmt":"2014-09-16T09:13:18","guid":{"rendered":"http:\/\/www.libraria-occitana.org\/?post_type=product&#038;p=45187"},"modified":"2025-03-09T01:48:05","modified_gmt":"2025-03-09T00:48:05","slug":"sauceda-cancons-dauberga","status":"publish","type":"product","link":"https:\/\/www.libraria-occitana.org\/oc\/produch\/sauceda-cancons-dauberga\/","title":{"rendered":"Sauceda : Can\u00e7ons d&#8217;aub\u00e8rga"},"content":{"rendered":"<p>Les \u00ab Tontons bringueurs \u00bb de la Pagalha ont r\u00e9uni, pour \u00e9viter qu&#8217;il ne se perde, un floril\u00e8ge de chansons gasconnes fantaisistes, gaillardes ou loufoques que l\u2019on entend dans les vestiaires de rugby, dans le bus du retour, \u00e0 la fin des repas de familles lorsque les flacons de \u00ab chipister \u00bb deviennent transparents. Un clin d&#8217;\u0153il amical bien s\u00fbr pour tous ceux qui ont connu (et qui d\u00e9couvrent encore) ces auberges o\u00f9 le plancher \u00e9tait de bois, les tables de \u00ab formica \u00bb, le \u00ab juke box \u00bb en panne, le dessus de bar en zinc et le patron de marbre.<\/p>\n<p><strong>Titres :<\/strong><br \/>\n1. Amics qu\u2019\u00e8m los Pagalh\u00f3s 2&#8217;30<br \/>\n2. De bon matin 3&#8217;07<br \/>\n3. Sortitz, sortitz los ahumats 2&#8217;46<br \/>\n4. L\u2019aute dia a la heugu\u00e8ra 2&#8217;05<br \/>\n5. Peus camins de Perpinhan 2&#8217;15<br \/>\n6. En me tornant de Toloseta 2&#8217;00<br \/>\n7. A Auloron que i a ua h\u00e8sta 0&#8217;37<br \/>\n8. Mon pair m\u2019a maridada 1&#8217;56<br \/>\n9. Arren de mes ur\u00f3s 0&#8217;53<br \/>\n10. Nau plumetas qu\u2019a l\u2019auca 3&#8217;32<br \/>\n11. Au c\u00f2rn deu tojar 2&#8217;56<br \/>\n12. Mossur cur\u00e8 deu Casterar 3&#8217;43<br \/>\n13. Au barric\u00f2t deu n\u00f2vi 1&#8217;28<br \/>\n14. Caterineta lo p\u00e8 petiton 2&#8217;19<br \/>\n15. Tant qui haram atau 3&#8217;44<br \/>\n16. Fotetz-me lo camp canalha 1&#8217;15<br \/>\n17. Drin, drin e non pas tr\u00f2p 2&#8217;19<\/p>\n","protected":false},"excerpt":{"rendered":"<p>Les \u00ab Tontons bringueurs \u00bb de la Pagalha ont r\u00e9uni, pour \u00e9viter qu&#8217;il ne se perde, un floril\u00e8ge de chansons gasconnes fantaisistes, gaillardes ou loufoques que l\u2019on entend dans les vestiaires de rugby, dans le bus du retour, \u00e0 la fin des repas de familles lorsque les flacons de \u00ab chipister \u00bb deviennent transparents. Un [&hellip;]<\/p>\n","protected":false},"featured_media":45190,"template":"","meta":{"_acf_changed":false,"_genesis_hide_title":false,"_genesis_hide_breadcrumbs":false,"_genesis_hide_singular_image":false,"_genesis_hide_footer_widgets":false,"_genesis_custom_body_class":"","_genesis_custom_post_class":"","_genesis_layout":""},"product_brand":[],"product_cat":[7219,16683],"product_tag":[],"class_list":{"0":"post-45187","1":"product","2":"type-product","3":"status-publish","4":"has-post-thumbnail","6":"product_cat-chancon-oc","7":"product_cat-musica-oc","8":"pa_auteur-los-pagalhos-oc","9":"pa_editeur-los-pagalhos-fr-oc","10":"pa_langue-occitan-oc","11":"pa_langue-occitan-gascon-oc","12":"entry","14":"first","15":"outofstock","16":"shipping-taxable","17":"purchasable","18":"product-type-simple"},"acf":[],"_links":{"self":[{"href":"https:\/\/www.libraria-occitana.org\/oc\/wp-json\/wp\/v2\/product\/45187","targetHints":{"allow":["GET"]}}],"collection":[{"href":"https:\/\/www.libraria-occitana.org\/oc\/wp-json\/wp\/v2\/product"}],"about":[{"href":"https:\/\/www.libraria-occitana.org\/oc\/wp-json\/wp\/v2\/types\/product"}],"wp:featuredmedia":[{"embeddable":true,"href":"https:\/\/www.libraria-occitana.org\/oc\/wp-json\/wp\/v2\/media\/45190"}],"wp:attachment":[{"href":"https:\/\/www.libraria-occitana.org\/oc\/wp-json\/wp\/v2\/media?parent=45187"}],"wp:term":[{"taxonomy":"product_brand","embeddable":true,"href":"https:\/\/www.libraria-occitana.org\/oc\/wp-json\/wp\/v2\/product_brand?post=45187"},{"taxonomy":"product_cat","embeddable":true,"href":"https:\/\/www.libraria-occitana.org\/oc\/wp-json\/wp\/v2\/product_cat?post=45187"},{"taxonomy":"product_tag","embeddable":true,"href":"https:\/\/www.libraria-occitana.org\/oc\/wp-json\/wp\/v2\/product_tag?post=45187"}],"curies":[{"name":"wp","href":"https:\/\/api.w.org\/{rel}","templated":true}]}}