{"id":45231,"date":"2019-08-02T16:18:51","date_gmt":"2019-08-02T14:18:51","guid":{"rendered":"http:\/\/www.libraria-occitana.org\/?post_type=product&#038;p=45231"},"modified":"2026-04-29T01:26:58","modified_gmt":"2026-04-28T23:26:58","slug":"legissi-escrivi-aprene-a-legir-e-a-escriure-occitan","status":"publish","type":"product","link":"https:\/\/www.libraria-occitana.org\/oc\/produch\/legissi-escrivi-aprene-a-legir-e-a-escriure-occitan\/","title":{"rendered":"Legissi, escrivi : Aprene a legir e a escriure &#8211; Occitan"},"content":{"rendered":"<p><em>Legissi, escrivi<\/em> a per objectiu d\u2019aprene a legir e escriure en occitan als escolans de las seccions biling\u00fcas a paritat or\u00e0ria franc\u00e9s-occitan de las esc\u00f2las publicas e de las esc\u00f2las biling\u00fcas immersivas calandretas.<br \/>\nA l'enc\u00f2p manual e quas\u00e8rn d'exercicis, aquesta aisina prepausa la lectura de prov\u00e8rbis, can\u00e7onetas, comptinas eissits de la tradicion orala occitana.<br \/>\nComa legir es pas devinar, l'objectiu d'aqueste libret inspirat de <em>Je lis, j'\u00e9cris<\/em> es d'aprene a deschifrar e d'automatizar lo deschifratge per accedir al sens.<br \/>\nLos exercicis, ritualizats, aisits a comprene e progressius, poir\u00e0n \u00e8sser faits en autonomia, rendent aqueste libret adaptat a las classas multiniv\u00e8ls.<br \/>\nDe proposicions de diferenciacion pedagogica son tanben presentas.<\/p>\n","protected":false},"excerpt":{"rendered":"<p>Legissi, escrivi a per objectiu d\u2019aprene a legir e escriure en occitan als escolans de las seccions biling\u00fcas a paritat or\u00e0ria franc\u00e9s-occitan de las esc\u00f2las publicas e de las esc\u00f2las biling\u00fcas immersivas calandretas. A l&#8217;enc\u00f2p manual e quas\u00e8rn d&#8217;exercicis, aquesta aisina prepausa la lectura de prov\u00e8rbis, can\u00e7onetas, comptinas eissits de la tradicion orala occitana. Coma [&hellip;]<\/p>\n","protected":false},"featured_media":45234,"template":"","meta":{"_acf_changed":false,"_genesis_hide_title":false,"_genesis_hide_breadcrumbs":false,"_genesis_hide_singular_image":false,"_genesis_hide_footer_widgets":false,"_genesis_custom_body_class":"","_genesis_custom_post_class":"","_genesis_layout":""},"product_brand":[],"product_cat":[7137,7145,7133],"product_tag":[],"class_list":{"0":"post-45231","1":"product","2":"type-product","3":"status-publish","4":"has-post-thumbnail","6":"product_cat-diccionaris-lenga-escolar-oc","7":"product_cat-escolar-pedagogia-oc","8":"product_cat-libres-oc","9":"pa_auteur-daubin-florent-oc","10":"pa_editeur-la-dispute-oc","11":"pa_illustrateur-chanut-pierre-oc","12":"pa_langue-occitan-oc","13":"pa_langue-occitan-lengadocian-oc","14":"entry","16":"first","17":"instock","18":"shipping-taxable","19":"purchasable","20":"product-type-simple"},"acf":[],"_links":{"self":[{"href":"https:\/\/www.libraria-occitana.org\/oc\/wp-json\/wp\/v2\/product\/45231","targetHints":{"allow":["GET"]}}],"collection":[{"href":"https:\/\/www.libraria-occitana.org\/oc\/wp-json\/wp\/v2\/product"}],"about":[{"href":"https:\/\/www.libraria-occitana.org\/oc\/wp-json\/wp\/v2\/types\/product"}],"wp:featuredmedia":[{"embeddable":true,"href":"https:\/\/www.libraria-occitana.org\/oc\/wp-json\/wp\/v2\/media\/45234"}],"wp:attachment":[{"href":"https:\/\/www.libraria-occitana.org\/oc\/wp-json\/wp\/v2\/media?parent=45231"}],"wp:term":[{"taxonomy":"product_brand","embeddable":true,"href":"https:\/\/www.libraria-occitana.org\/oc\/wp-json\/wp\/v2\/product_brand?post=45231"},{"taxonomy":"product_cat","embeddable":true,"href":"https:\/\/www.libraria-occitana.org\/oc\/wp-json\/wp\/v2\/product_cat?post=45231"},{"taxonomy":"product_tag","embeddable":true,"href":"https:\/\/www.libraria-occitana.org\/oc\/wp-json\/wp\/v2\/product_tag?post=45231"}],"curies":[{"name":"wp","href":"https:\/\/api.w.org\/{rel}","templated":true}]}}