{"id":45249,"date":"1986-04-02T19:11:46","date_gmt":"1986-04-02T17:11:46","guid":{"rendered":"http:\/\/www.libraria-occitana.org\/?post_type=product&#038;p=45249"},"modified":"2026-04-02T19:41:10","modified_gmt":"2026-04-02T17:41:10","slug":"le-tresor-des-contes-les-fous-et-les-sages","status":"publish","type":"product","link":"https:\/\/www.libraria-occitana.org\/oc\/produch\/le-tresor-des-contes-les-fous-et-les-sages\/","title":{"rendered":"Le Tr\u00e9sor des Contes : Les fous et les sages"},"content":{"rendered":"<p>C&#8217;est surtout le rire qui domine et l&#8217;emporte dans ces 190 contes, dont 32 in\u00e9dits, repr\u00e9sentant les alternances d&#8217;un th\u00e8me double. Les innocents ne sont pas les plus b\u00eates ; en revanche, \u00ab \u00e0 se vouloir trop fin, il arrive qu&#8217;on se casse la pointe \u00bb.<\/p>\n<p>Les illustrations ne visent pas \u00e0 prendre les textes \u00e0 la lettre. Elles ont \u00e9t\u00e9 choisies avant tout pour sugg\u00e9rer : xylographies des tout premiers livres illustr\u00e9s du XVe si\u00e8cle ou de ceux plus r\u00e9cents de colportage, images colori\u00e9es des diff\u00e9rents ateliers fran\u00e7ais devenues extr\u00eamement rares.<\/p>\n","protected":false},"excerpt":{"rendered":"<p>C&#8217;est surtout le rire qui domine et l&#8217;emporte dans ces 190 contes, dont 32 in\u00e9dits, repr\u00e9sentant les alternances d&#8217;un th\u00e8me double. Les innocents ne sont pas les plus b\u00eates ; en revanche, \u00ab \u00e0 se vouloir trop fin, il arrive qu&#8217;on se casse la pointe \u00bb. Les illustrations ne visent pas \u00e0 prendre les textes [&hellip;]<\/p>\n","protected":false},"featured_media":45237,"template":"","meta":{"_acf_changed":false,"_genesis_hide_title":false,"_genesis_hide_breadcrumbs":false,"_genesis_hide_singular_image":false,"_genesis_hide_footer_widgets":false,"_genesis_custom_body_class":"","_genesis_custom_post_class":"","_genesis_layout":""},"product_brand":[],"product_cat":[7133,7175,7177],"product_tag":[],"class_list":{"0":"post-45249","1":"product","2":"type-product","3":"status-publish","4":"has-post-thumbnail","6":"product_cat-libres-oc","7":"product_cat-literatura-oc","8":"product_cat-contes-fablas-oc","9":"pa_auteur-pourrat-henri-oc","10":"pa_editeur-gallimard-oc","11":"pa_langue-francais-oc","12":"entry","14":"first","15":"outofstock","16":"shipping-taxable","17":"purchasable","18":"product-type-simple"},"acf":[],"_links":{"self":[{"href":"https:\/\/www.libraria-occitana.org\/oc\/wp-json\/wp\/v2\/product\/45249","targetHints":{"allow":["GET"]}}],"collection":[{"href":"https:\/\/www.libraria-occitana.org\/oc\/wp-json\/wp\/v2\/product"}],"about":[{"href":"https:\/\/www.libraria-occitana.org\/oc\/wp-json\/wp\/v2\/types\/product"}],"wp:featuredmedia":[{"embeddable":true,"href":"https:\/\/www.libraria-occitana.org\/oc\/wp-json\/wp\/v2\/media\/45237"}],"wp:attachment":[{"href":"https:\/\/www.libraria-occitana.org\/oc\/wp-json\/wp\/v2\/media?parent=45249"}],"wp:term":[{"taxonomy":"product_brand","embeddable":true,"href":"https:\/\/www.libraria-occitana.org\/oc\/wp-json\/wp\/v2\/product_brand?post=45249"},{"taxonomy":"product_cat","embeddable":true,"href":"https:\/\/www.libraria-occitana.org\/oc\/wp-json\/wp\/v2\/product_cat?post=45249"},{"taxonomy":"product_tag","embeddable":true,"href":"https:\/\/www.libraria-occitana.org\/oc\/wp-json\/wp\/v2\/product_tag?post=45249"}],"curies":[{"name":"wp","href":"https:\/\/api.w.org\/{rel}","templated":true}]}}