{"id":45402,"date":"1992-05-26T17:17:32","date_gmt":"1992-05-26T15:17:32","guid":{"rendered":"http:\/\/www.libraria-occitana.org\/?post_type=product&#038;p=45402"},"modified":"2026-01-10T16:08:26","modified_gmt":"2026-01-10T15:08:26","slug":"quatre-saisons-en-limousin-propos-de-tables-et-recettes","status":"publish","type":"product","link":"https:\/\/www.libraria-occitana.org\/oc\/produch\/quatre-saisons-en-limousin-propos-de-tables-et-recettes\/","title":{"rendered":"Quatre saisons en Limousin : Propos de tables et recettes"},"content":{"rendered":"<p>Claude et Bernadette. Un couple en Limousin. Et six enfants qui n&#8217;ignorent pas ce que signifie \u00ab \u00c0 table ! \u00bb. Et des amis qui n&#8217;ont pas leur fourchette dans la poche. On ne nourrit pas ce monde avec trois haricots dans une assiette. Ni m\u00eame, seulement, avec des grives et des palombes. Surtout en pays de Brive&#8230; Bernadette a r\u00e9uni les recettes, plus belles encore d&#8217;\u00eatre simples. Claude a parcouru les terres et les saisons, revisit\u00e9 les m\u00e9moires. \u00c0 nous, veau, vache, cochon ! C&#8217;est la cuisine de La Fontaine, si La Fontaine avait \u00e9t\u00e9 corr\u00e9zien.<\/p>\n","protected":false},"excerpt":{"rendered":"<p>Claude et Bernadette. Un couple en Limousin. Et six enfants qui n&#8217;ignorent pas ce que signifie \u00ab \u00c0 table ! \u00bb. Et des amis qui n&#8217;ont pas leur fourchette dans la poche. On ne nourrit pas ce monde avec trois haricots dans une assiette. Ni m\u00eame, seulement, avec des grives et des palombes. Surtout en [&hellip;]<\/p>\n","protected":false},"featured_media":45405,"template":"","meta":{"_acf_changed":false,"_genesis_hide_title":false,"_genesis_hide_breadcrumbs":false,"_genesis_hide_singular_image":false,"_genesis_hide_footer_widgets":false,"_genesis_custom_body_class":"","_genesis_custom_post_class":"","_genesis_layout":""},"product_brand":[],"product_cat":[],"product_tag":[],"class_list":{"0":"post-45402","1":"product","2":"type-product","3":"status-publish","4":"has-post-thumbnail","6":"pa_auteur-michelet-bernadette","7":"pa_auteur-michelet-claude","8":"pa_editeur-robert-laffont-oc","9":"pa_langue-francais-oc","10":"entry","12":"first","13":"outofstock","14":"shipping-taxable","15":"purchasable","16":"product-type-simple"},"acf":[],"_links":{"self":[{"href":"https:\/\/www.libraria-occitana.org\/oc\/wp-json\/wp\/v2\/product\/45402","targetHints":{"allow":["GET"]}}],"collection":[{"href":"https:\/\/www.libraria-occitana.org\/oc\/wp-json\/wp\/v2\/product"}],"about":[{"href":"https:\/\/www.libraria-occitana.org\/oc\/wp-json\/wp\/v2\/types\/product"}],"wp:featuredmedia":[{"embeddable":true,"href":"https:\/\/www.libraria-occitana.org\/oc\/wp-json\/wp\/v2\/media\/45405"}],"wp:attachment":[{"href":"https:\/\/www.libraria-occitana.org\/oc\/wp-json\/wp\/v2\/media?parent=45402"}],"wp:term":[{"taxonomy":"product_brand","embeddable":true,"href":"https:\/\/www.libraria-occitana.org\/oc\/wp-json\/wp\/v2\/product_brand?post=45402"},{"taxonomy":"product_cat","embeddable":true,"href":"https:\/\/www.libraria-occitana.org\/oc\/wp-json\/wp\/v2\/product_cat?post=45402"},{"taxonomy":"product_tag","embeddable":true,"href":"https:\/\/www.libraria-occitana.org\/oc\/wp-json\/wp\/v2\/product_tag?post=45402"}],"curies":[{"name":"wp","href":"https:\/\/api.w.org\/{rel}","templated":true}]}}