{"id":45560,"date":"2019-09-04T14:01:00","date_gmt":"2019-09-04T12:01:00","guid":{"rendered":"http:\/\/www.libraria-occitana.org\/?post_type=product&#038;p=45560"},"modified":"2026-04-14T21:16:22","modified_gmt":"2026-04-14T19:16:22","slug":"mes-vagabondages-culinaires","status":"publish","type":"product","link":"https:\/\/www.libraria-occitana.org\/oc\/produch\/mes-vagabondages-culinaires\/","title":{"rendered":"Mes vagabondages culinaires"},"content":{"rendered":"<p>Dans cet ouvrage richement illustr\u00e9 de photographies de Bernard Lagorce, l\u2019auteure vagabonde de A \u00e0 Z, \u00e0 travers 52 textes in\u00e9dits, autour de la cuisine du Limousin et d\u2019ailleurs. Elle propose \u00e9galement 55 recettes originales.<br \/>\n\u00ab Depuis des ann\u00e9es, j\u2019explore le patrimoine culinaire pour raconter la cuisine. Mais pas n\u2019importe quelle cuisine ! Celle de tous les jours, celle qui laisse de bons souvenirs et celle qui se transforme, en un rien de temps, en cuisine de f\u00eate. Cette cuisine qui n\u2019est rien sans de bons producteurs, \u00e9leveurs, mara\u00eechers, jardiniers\u2026 \u00bb nous dit R\u00e9gine Rossi-Lagorce.<br \/>\nElle confie aussi avoir eu beaucoup de plaisir \u00e0 \u00e9crire ce livre, son dix-septi\u00e8me !<br \/>\nIllustr\u00e9 de plus de 70 photographies couleur.<\/p>\n","protected":false},"excerpt":{"rendered":"<p>Dans cet ouvrage richement illustr\u00e9 de photographies de Bernard Lagorce, l\u2019auteure vagabonde de A \u00e0 Z, \u00e0 travers 52 textes in\u00e9dits, autour de la cuisine du Limousin et d\u2019ailleurs. Elle propose \u00e9galement 55 recettes originales. \u00ab Depuis des ann\u00e9es, j\u2019explore le patrimoine culinaire pour raconter la cuisine. Mais pas n\u2019importe quelle cuisine ! Celle de [&hellip;]<\/p>\n","protected":false},"featured_media":45563,"template":"","meta":{"_acf_changed":false,"_genesis_hide_title":false,"_genesis_hide_breadcrumbs":false,"_genesis_hide_singular_image":false,"_genesis_hide_footer_widgets":false,"_genesis_custom_body_class":"","_genesis_custom_post_class":"","_genesis_layout":""},"product_brand":[],"product_cat":[7211,7133,7207],"product_tag":[],"class_list":{"0":"post-45560","1":"product","2":"type-product","3":"status-publish","4":"has-post-thumbnail","6":"product_cat-cosina-gastronomia-oc","7":"product_cat-libres-oc","8":"product_cat-tradicions-patrimoni-oc","9":"pa_auteur-rossi-lagorce-regine-oc","10":"pa_editeur-editions-mon-limousin-oc","11":"pa_illustrateur-lagorce-bernard-oc","12":"pa_langue-francais-oc","13":"entry","15":"first","16":"instock","17":"shipping-taxable","18":"purchasable","19":"product-type-simple"},"acf":[],"_links":{"self":[{"href":"https:\/\/www.libraria-occitana.org\/oc\/wp-json\/wp\/v2\/product\/45560","targetHints":{"allow":["GET"]}}],"collection":[{"href":"https:\/\/www.libraria-occitana.org\/oc\/wp-json\/wp\/v2\/product"}],"about":[{"href":"https:\/\/www.libraria-occitana.org\/oc\/wp-json\/wp\/v2\/types\/product"}],"wp:featuredmedia":[{"embeddable":true,"href":"https:\/\/www.libraria-occitana.org\/oc\/wp-json\/wp\/v2\/media\/45563"}],"wp:attachment":[{"href":"https:\/\/www.libraria-occitana.org\/oc\/wp-json\/wp\/v2\/media?parent=45560"}],"wp:term":[{"taxonomy":"product_brand","embeddable":true,"href":"https:\/\/www.libraria-occitana.org\/oc\/wp-json\/wp\/v2\/product_brand?post=45560"},{"taxonomy":"product_cat","embeddable":true,"href":"https:\/\/www.libraria-occitana.org\/oc\/wp-json\/wp\/v2\/product_cat?post=45560"},{"taxonomy":"product_tag","embeddable":true,"href":"https:\/\/www.libraria-occitana.org\/oc\/wp-json\/wp\/v2\/product_tag?post=45560"}],"curies":[{"name":"wp","href":"https:\/\/api.w.org\/{rel}","templated":true}]}}