{"id":45566,"date":"2019-03-04T14:37:20","date_gmt":"2019-03-04T13:37:20","guid":{"rendered":"http:\/\/www.libraria-occitana.org\/?post_type=product&#038;p=45566"},"modified":"2026-04-29T10:24:05","modified_gmt":"2026-04-29T08:24:05","slug":"royeres-les-abecedaires-du-limousin","status":"publish","type":"product","link":"https:\/\/www.libraria-occitana.org\/oc\/produch\/royeres-les-abecedaires-du-limousin\/","title":{"rendered":"Roy\u00e8res : Les ab\u00e9c\u00e9daires du Limousin"},"content":{"rendered":"<p>Avec cet ab\u00e9c\u00e9daire richement illustr\u00e9, Martine Tandeau de Marsac propose de partir \u00e0 la d\u00e9couverte du village de Roy\u00e8res, situ\u00e9 \u00e0 l\u2019est de Limoges. Gr\u00e2ce aux adh\u00e9rents de l\u2019association \u00c9changes culturels, de nombreux t\u00e9moignages et archives sont rendus publics.<\/p>\n","protected":false},"excerpt":{"rendered":"<p>Avec cet ab\u00e9c\u00e9daire richement illustr\u00e9, Martine Tandeau de Marsac propose de partir \u00e0 la d\u00e9couverte du village de Roy\u00e8res, situ\u00e9 \u00e0 l\u2019est de Limoges. Gr\u00e2ce aux adh\u00e9rents de l\u2019association \u00c9changes culturels, de nombreux t\u00e9moignages et archives sont rendus publics.<\/p>\n","protected":false},"featured_media":45569,"template":"","meta":{"_acf_changed":false,"_genesis_hide_title":false,"_genesis_hide_breadcrumbs":false,"_genesis_hide_singular_image":false,"_genesis_hide_footer_widgets":false,"_genesis_custom_body_class":"","_genesis_custom_post_class":"","_genesis_layout":""},"product_brand":[],"product_cat":[7157,7149,7133],"product_tag":[],"class_list":{"0":"post-45566","1":"product","2":"type-product","3":"status-publish","4":"has-post-thumbnail","6":"product_cat-istoria-generala-oc","7":"product_cat-istoria-geografia-oc","8":"product_cat-libres-oc","9":"pa_auteur-tandeau-de-marsac-martine-oc","10":"pa_editeur-editions-mon-limousin-oc","11":"pa_langue-francais-oc","12":"entry","14":"first","15":"instock","16":"shipping-taxable","17":"purchasable","18":"product-type-simple"},"acf":[],"_links":{"self":[{"href":"https:\/\/www.libraria-occitana.org\/oc\/wp-json\/wp\/v2\/product\/45566","targetHints":{"allow":["GET"]}}],"collection":[{"href":"https:\/\/www.libraria-occitana.org\/oc\/wp-json\/wp\/v2\/product"}],"about":[{"href":"https:\/\/www.libraria-occitana.org\/oc\/wp-json\/wp\/v2\/types\/product"}],"wp:featuredmedia":[{"embeddable":true,"href":"https:\/\/www.libraria-occitana.org\/oc\/wp-json\/wp\/v2\/media\/45569"}],"wp:attachment":[{"href":"https:\/\/www.libraria-occitana.org\/oc\/wp-json\/wp\/v2\/media?parent=45566"}],"wp:term":[{"taxonomy":"product_brand","embeddable":true,"href":"https:\/\/www.libraria-occitana.org\/oc\/wp-json\/wp\/v2\/product_brand?post=45566"},{"taxonomy":"product_cat","embeddable":true,"href":"https:\/\/www.libraria-occitana.org\/oc\/wp-json\/wp\/v2\/product_cat?post=45566"},{"taxonomy":"product_tag","embeddable":true,"href":"https:\/\/www.libraria-occitana.org\/oc\/wp-json\/wp\/v2\/product_tag?post=45566"}],"curies":[{"name":"wp","href":"https:\/\/api.w.org\/{rel}","templated":true}]}}