{"id":45784,"date":"2018-02-09T13:16:13","date_gmt":"2018-02-09T12:16:13","guid":{"rendered":"http:\/\/www.libraria-occitana.org\/?post_type=product&#038;p=45784"},"modified":"2026-04-29T10:49:17","modified_gmt":"2026-04-29T08:49:17","slug":"deu-bohonet-qui-vole-saber-qui-lave-heit-suu-cap","status":"publish","type":"product","link":"https:\/\/www.libraria-occitana.org\/oc\/produch\/deu-bohonet-qui-vole-saber-qui-lave-heit-suu-cap\/","title":{"rendered":"Deu bohonet qui vol\u00e8 saber qui l&#8217;av\u00e8 h\u00e8it suu cap"},"content":{"rendered":"<p>En sortir de casa, lo bohonet que s'amassa suu cap un estront\u00e0s shens saber d'on vien. Plof ! T\u00e0 trobar lo cagador, que h\u00e8 anar l'enqu\u00e8sta en questionar las b\u00e8stias qu'encontra. Plaf ! ce h\u00e8 lo pastiss\u00f2t deu colom... Clopdiclop, las cagalhas deu chivau... Ratatat\u00e0, las hav\u00f2las redonas deu conilh... Dinc e tr\u00f2bi a Joan Enric, lo can deu carniss\u00e8r ! E plic ! Lo bohonet que's venja en lo deishar c\u00e0der la cuenta suu cap ! Escatologica com ne's p\u00f2t pas mei, mes h\u00e8ra amusanta, l'ist\u00f2ria qu'encanta e diverteish los petits (a comptar de dus ans).<\/p>\n","protected":false},"excerpt":{"rendered":"<p>En sortir de casa, lo bohonet que s&#8217;amassa suu cap un estront\u00e0s shens saber d&#8217;on vien. Plof ! T\u00e0 trobar lo cagador, que h\u00e8 anar l&#8217;enqu\u00e8sta en questionar las b\u00e8stias qu&#8217;encontra. Plaf ! ce h\u00e8 lo pastiss\u00f2t deu colom&#8230; Clopdiclop, las cagalhas deu chivau&#8230; Ratatat\u00e0, las hav\u00f2las redonas deu conilh&#8230; Dinc e tr\u00f2bi a Joan [&hellip;]<\/p>\n","protected":false},"featured_media":45787,"template":"","meta":{"_acf_changed":false,"_genesis_hide_title":false,"_genesis_hide_breadcrumbs":false,"_genesis_hide_singular_image":false,"_genesis_hide_footer_widgets":false,"_genesis_custom_body_class":"","_genesis_custom_post_class":"","_genesis_layout":""},"product_brand":[],"product_cat":[7171,7165,7133],"product_tag":[],"class_list":{"0":"post-45784","1":"product","2":"type-product","3":"status-publish","4":"has-post-thumbnail","6":"product_cat-drolles-oc","7":"product_cat-jounessa-bd-umor","8":"product_cat-libres-oc","9":"pa_auteur-erlbruch-wolf-oc","10":"pa_auteur-holzwarth-werner-oc","11":"pa_editeur-per-noste-oc","12":"pa_langue-occitan-oc","13":"pa_langue-occitan-gascon-oc","14":"entry","16":"first","17":"outofstock","18":"shipping-taxable","19":"purchasable","20":"product-type-simple"},"acf":[],"_links":{"self":[{"href":"https:\/\/www.libraria-occitana.org\/oc\/wp-json\/wp\/v2\/product\/45784","targetHints":{"allow":["GET"]}}],"collection":[{"href":"https:\/\/www.libraria-occitana.org\/oc\/wp-json\/wp\/v2\/product"}],"about":[{"href":"https:\/\/www.libraria-occitana.org\/oc\/wp-json\/wp\/v2\/types\/product"}],"wp:featuredmedia":[{"embeddable":true,"href":"https:\/\/www.libraria-occitana.org\/oc\/wp-json\/wp\/v2\/media\/45787"}],"wp:attachment":[{"href":"https:\/\/www.libraria-occitana.org\/oc\/wp-json\/wp\/v2\/media?parent=45784"}],"wp:term":[{"taxonomy":"product_brand","embeddable":true,"href":"https:\/\/www.libraria-occitana.org\/oc\/wp-json\/wp\/v2\/product_brand?post=45784"},{"taxonomy":"product_cat","embeddable":true,"href":"https:\/\/www.libraria-occitana.org\/oc\/wp-json\/wp\/v2\/product_cat?post=45784"},{"taxonomy":"product_tag","embeddable":true,"href":"https:\/\/www.libraria-occitana.org\/oc\/wp-json\/wp\/v2\/product_tag?post=45784"}],"curies":[{"name":"wp","href":"https:\/\/api.w.org\/{rel}","templated":true}]}}