{"id":45793,"date":"2013-10-09T16:28:46","date_gmt":"2013-10-09T14:28:46","guid":{"rendered":"http:\/\/www.libraria-occitana.org\/product\/deux-etes-en-guyenne-journal-de-voyage-au-fil-de-la-dordogne-1892-1893\/"},"modified":"2026-04-02T22:21:50","modified_gmt":"2026-04-02T20:21:50","slug":"deux-etes-en-guyenne-journal-de-voyage-au-fil-de-la-dordogne-1892-1893","status":"publish","type":"product","link":"https:\/\/www.libraria-occitana.org\/oc\/produch\/deux-etes-en-guyenne-journal-de-voyage-au-fil-de-la-dordogne-1892-1893\/","title":{"rendered":"Deux \u00e9t\u00e9s en Guyenne : Journal de voyage au fil de la Dordogne 1892-1893"},"content":{"rendered":"<p>Edward Harrison Barker, voyageur anglais, relate deux p\u00e9riples effectu\u00e9s en Guyenne durant les \u00e9t\u00e9s 1892 et 1893. Il d\u00e9peint la beaut\u00e9 des paysages, les curiosit\u00e9s environnementales ou architecturales et nous offre des t\u00e9moignages d&#8217;une immense richesse sur la vie de ces campagnes ; celle des Auvergnats qui descendent le bois des montagnes, celle des moines d&#8217;\u00c9chourgnac qui tentent d&#8217;\u00e9liminer les miasmes des \u00e9tangs, celle des premiers inventeurs de la pr\u00e9histoire aux Eyzies. Il nous fait d\u00e9couvrir les pratiques religieuses empreintes de superstition, les oppositions politiques dans les petits villages et les pratiques alimentaires. Toujours attentif aux gens qu&#8217;il rencontre, il dresse leur portrait avec une rare justesse, sans toutefois \u00e9chapper toujours aux pr\u00e9jug\u00e9s de son \u00e9poque. Il voyage \u00e0 pied, \u00e9vite les chemins connus et reste au plus pr\u00e8s des cours d&#8217;eau, la Dordogne, mais aussi la V\u00e9z\u00e8re, l&#8217;Isle et la Dronne. Il d\u00e9crit avec enthousiasme et beaucoup d&#8217;humour la navigation hasardeuse et les auberges surprenantes. Ce journal de voyage, d&#8217;une \u00e9tonnante modernit\u00e9, publi\u00e9 pour la premi\u00e8re fois en fran\u00e7ais, est un document exceptionnel pour la connaissance de la vall\u00e9e de la Dordogne et de ses pays \u00e0 l&#8217;aube du XXe si\u00e8cle.<\/p>\n","protected":false},"excerpt":{"rendered":"<p>Edward Harrison Barker, voyageur anglais, relate deux p\u00e9riples effectu\u00e9s en Guyenne durant les \u00e9t\u00e9s 1892 et 1893. Il d\u00e9peint la beaut\u00e9 des paysages, les curiosit\u00e9s environnementales ou architecturales et nous offre des t\u00e9moignages d&#8217;une immense richesse sur la vie de ces campagnes ; celle des Auvergnats qui descendent le bois des montagnes, celle des moines [&hellip;]<\/p>\n","protected":false},"featured_media":45791,"template":"","meta":{"_acf_changed":false,"_genesis_hide_title":false,"_genesis_hide_breadcrumbs":false,"_genesis_hide_singular_image":false,"_genesis_hide_footer_widgets":false,"_genesis_custom_body_class":"","_genesis_custom_post_class":"","_genesis_layout":""},"product_brand":[],"product_cat":[7133,7175,7187],"product_tag":[],"class_list":{"0":"post-45793","1":"product","2":"type-product","3":"status-publish","4":"has-post-thumbnail","6":"product_cat-libres-oc","7":"product_cat-literatura-oc","8":"product_cat-temonhatges-memoris-oc","9":"pa_auteur-harrison-barker-edward-oc","10":"pa_editeur-fanlac-oc","11":"pa_langue-francais-oc","12":"entry","14":"first","15":"instock","16":"shipping-taxable","17":"purchasable","18":"product-type-simple"},"acf":[],"_links":{"self":[{"href":"https:\/\/www.libraria-occitana.org\/oc\/wp-json\/wp\/v2\/product\/45793","targetHints":{"allow":["GET"]}}],"collection":[{"href":"https:\/\/www.libraria-occitana.org\/oc\/wp-json\/wp\/v2\/product"}],"about":[{"href":"https:\/\/www.libraria-occitana.org\/oc\/wp-json\/wp\/v2\/types\/product"}],"wp:featuredmedia":[{"embeddable":true,"href":"https:\/\/www.libraria-occitana.org\/oc\/wp-json\/wp\/v2\/media\/45791"}],"wp:attachment":[{"href":"https:\/\/www.libraria-occitana.org\/oc\/wp-json\/wp\/v2\/media?parent=45793"}],"wp:term":[{"taxonomy":"product_brand","embeddable":true,"href":"https:\/\/www.libraria-occitana.org\/oc\/wp-json\/wp\/v2\/product_brand?post=45793"},{"taxonomy":"product_cat","embeddable":true,"href":"https:\/\/www.libraria-occitana.org\/oc\/wp-json\/wp\/v2\/product_cat?post=45793"},{"taxonomy":"product_tag","embeddable":true,"href":"https:\/\/www.libraria-occitana.org\/oc\/wp-json\/wp\/v2\/product_tag?post=45793"}],"curies":[{"name":"wp","href":"https:\/\/api.w.org\/{rel}","templated":true}]}}