{"id":45854,"date":"2022-05-10T12:10:17","date_gmt":"2022-05-10T10:10:17","guid":{"rendered":"http:\/\/www.libraria-occitana.org\/product\/construire-en-pierre-seche\/"},"modified":"2026-04-14T21:11:15","modified_gmt":"2026-04-14T19:11:15","slug":"construire-en-pierre-seche","status":"publish","type":"product","link":"https:\/\/www.libraria-occitana.org\/oc\/produch\/construire-en-pierre-seche\/","title":{"rendered":"Construire en pierre s\u00e8che"},"content":{"rendered":"<p><strong>Technique de construction d&#8217;origine populaire et rurale, la <em>pierre s\u00e8che<\/em> consiste \u00e0 assembler des pierres en \u00e9quilibre, ajust\u00e9es au plus pr\u00e8s, sans l&#8217;aide de liant, \u00e0 la fa\u00e7on d&#8217;un puzzle en trois dimensions. \u00ab Souple \u00bb, elle s&#8217;adapte aux nombreuses contraintes de l&#8217;endroit. Pierres disponibles, terrain, projet et savoir-faire du b\u00e2tisseur conf\u00e8rent \u00e0 chaque construction son originalit\u00e9.<\/strong><\/p>\n<p>Les <strong>principes fondamentaux<\/strong> de construction et les <strong>r\u00e8gles techniques \u00e9l\u00e9mentaires<\/strong> de cette ma\u00e7onnerie sont ici clairement expos\u00e9s, sachant qu&#8217;il faut aussi de l&#8217;investissement physique, de la patience, de l&#8217;organisation et une vision globale de l&#8217;ouvrage \u00e0 r\u00e9aliser. La th\u00e9orie est illustr\u00e9e d&#8217;un <strong>exemple<\/strong> facile de construction d&#8217;un mur de sout\u00e8nement.<\/p>\n<p>Des <strong>pas \u00e0 pas techniques<\/strong> ponctuent l&#8217;ouvrage, montrant diff\u00e9rents am\u00e9nagements \u00e0 l&#8217;appui de tr\u00e8s nombreuses photos et de sch\u00e9mas. On pourra notamment apprendre comment restaurer et entretenir des murs, construire un escalier, r\u00e9aliser un arc de d\u00e9charge, drainer un sol, etc.<br \/>\nDes <strong>encadr\u00e9s pratiques<\/strong> apportent une explication pr\u00e9cise sur des points techniques particuliers.<\/p>\n<p>La ma\u00e7onnerie \u00e0 pierres s\u00e8ches peut relever d&#8217;un choix<strong> esth\u00e9tique<\/strong> (agencement d&#8217;un espace d&#8217;agr\u00e9ment par des petits murets ou des jardini\u00e8res) ou d&#8217;une d\u00e9marche \u00e0 vis\u00e9e <strong>\u00e9conomique<\/strong> et <strong>\u00e9cologique<\/strong>.<\/p>\n<p>Troisi\u00e8me \u00e9dition.<\/p>\n","protected":false},"excerpt":{"rendered":"<p>Technique de construction d&#8217;origine populaire et rurale, la pierre s\u00e8che consiste \u00e0 assembler des pierres en \u00e9quilibre, ajust\u00e9es au plus pr\u00e8s, sans l&#8217;aide de liant, \u00e0 la fa\u00e7on d&#8217;un puzzle en trois dimensions. \u00ab Souple \u00bb, elle s&#8217;adapte aux nombreuses contraintes de l&#8217;endroit. Pierres disponibles, terrain, projet et savoir-faire du b\u00e2tisseur conf\u00e8rent \u00e0 chaque construction [&hellip;]<\/p>\n","protected":false},"featured_media":56443,"template":"","meta":{"_acf_changed":false,"_genesis_hide_title":false,"_genesis_hide_breadcrumbs":false,"_genesis_hide_singular_image":false,"_genesis_hide_footer_widgets":false,"_genesis_custom_body_class":"","_genesis_custom_post_class":"","_genesis_layout":""},"product_brand":[],"product_cat":[7133,7213,7207],"product_tag":[],"class_list":{"0":"post-45854","1":"product","2":"type-product","3":"status-publish","4":"has-post-thumbnail","6":"product_cat-libres-oc","7":"product_cat-metiers-saubre-far-oc","8":"product_cat-tradicions-patrimoni-oc","9":"pa_auteur-cagin-louis-oc","10":"pa_auteur-nicolas-laetitia-oc","11":"pa_editeur-eyrolles-oc","12":"pa_langue-francais-oc","13":"entry","15":"first","16":"instock","17":"shipping-taxable","18":"purchasable","19":"product-type-simple"},"acf":[],"_links":{"self":[{"href":"https:\/\/www.libraria-occitana.org\/oc\/wp-json\/wp\/v2\/product\/45854","targetHints":{"allow":["GET"]}}],"collection":[{"href":"https:\/\/www.libraria-occitana.org\/oc\/wp-json\/wp\/v2\/product"}],"about":[{"href":"https:\/\/www.libraria-occitana.org\/oc\/wp-json\/wp\/v2\/types\/product"}],"wp:featuredmedia":[{"embeddable":true,"href":"https:\/\/www.libraria-occitana.org\/oc\/wp-json\/wp\/v2\/media\/56443"}],"wp:attachment":[{"href":"https:\/\/www.libraria-occitana.org\/oc\/wp-json\/wp\/v2\/media?parent=45854"}],"wp:term":[{"taxonomy":"product_brand","embeddable":true,"href":"https:\/\/www.libraria-occitana.org\/oc\/wp-json\/wp\/v2\/product_brand?post=45854"},{"taxonomy":"product_cat","embeddable":true,"href":"https:\/\/www.libraria-occitana.org\/oc\/wp-json\/wp\/v2\/product_cat?post=45854"},{"taxonomy":"product_tag","embeddable":true,"href":"https:\/\/www.libraria-occitana.org\/oc\/wp-json\/wp\/v2\/product_tag?post=45854"}],"curies":[{"name":"wp","href":"https:\/\/api.w.org\/{rel}","templated":true}]}}