{"id":45862,"date":"2014-04-10T12:35:54","date_gmt":"2014-04-10T10:35:54","guid":{"rendered":"http:\/\/www.libraria-occitana.org\/product\/filer-la-laine-et-creer-ses-propres-echeveaux\/"},"modified":"2026-04-29T10:04:45","modified_gmt":"2026-04-29T08:04:45","slug":"filer-la-laine-et-creer-ses-propres-echeveaux","status":"publish","type":"product","link":"https:\/\/www.libraria-occitana.org\/oc\/produch\/filer-la-laine-et-creer-ses-propres-echeveaux\/","title":{"rendered":"Filer la laine et cr\u00e9er ses propres \u00e9cheveaux"},"content":{"rendered":"<p>Que vous d\u00e9butiez dans le filage ou que vous soyez exp\u00e9riment\u00e9, ce livre vous permettra de d\u00e9velopper votre technique et votre cr\u00e9ativit\u00e9. Outre les informations indispensables sur les fibres, les outils, et les diff\u00e9rentes \u00e9tapes du filage jusqu&#8217;\u00e0 la cr\u00e9ation d&#8217;\u00e9cheveaux, vous trouverez dans cet ouvrage :<\/p>\n<ul>\n<li>Des conseils pour le choix du fuseau ou du rouet<\/li>\n<li>Les techniques de base<\/li>\n<li>Des techniques avanc\u00e9es, qui inspireront les plus chevronn\u00e9s<\/li>\n<li>Des pas \u00e0 pas d\u00e9taill\u00e9s pour toutes les op\u00e9rations n\u00e9cessaires au filage : pr\u00e9paration des fibres, filage d&#8217;un seul fil, retordage de plusieurs fils, teintures et associations de couleurs&#8230;<\/li>\n<li>Des recettes de teinture<\/li>\n<li>Des recettes pour cr\u00e9er des fils vari\u00e9s : peign\u00e9s, spiral\u00e9s, c\u00e2bl\u00e9s, multicolores, mouchet\u00e9s&#8230;<\/li>\n<li>Des projets pour utiliser vos fils<\/li>\n<\/ul>\n<p>Agr\u00e9ment\u00e9 de nombreuses illustrations et de conseils avis\u00e9s, <em>Filer la laine et cr\u00e9er ses propres \u00e9cheveaux<\/em> est l&#8217;ouvrage indispensable pour tous ceux qui souhaitent s&#8217;adonner au filage.<\/p>\n","protected":false},"excerpt":{"rendered":"<p>Que vous d\u00e9butiez dans le filage ou que vous soyez exp\u00e9riment\u00e9, ce livre vous permettra de d\u00e9velopper votre technique et votre cr\u00e9ativit\u00e9. Outre les informations indispensables sur les fibres, les outils, et les diff\u00e9rentes \u00e9tapes du filage jusqu&#8217;\u00e0 la cr\u00e9ation d&#8217;\u00e9cheveaux, vous trouverez dans cet ouvrage : Des conseils pour le choix du fuseau ou [&hellip;]<\/p>\n","protected":false},"featured_media":45860,"template":"","meta":{"_acf_changed":false,"_genesis_hide_title":false,"_genesis_hide_breadcrumbs":false,"_genesis_hide_singular_image":false,"_genesis_hide_footer_widgets":false,"_genesis_custom_body_class":"","_genesis_custom_post_class":"","_genesis_layout":""},"product_brand":[],"product_cat":[7133,7213,7207],"product_tag":[],"class_list":{"0":"post-45862","1":"product","2":"type-product","3":"status-publish","4":"has-post-thumbnail","6":"product_cat-libres-oc","7":"product_cat-metiers-saubre-far-oc","8":"product_cat-tradicions-patrimoni-oc","9":"pa_auteur-gibson-brenda-oc","10":"pa_editeur-eyrolles-oc","11":"pa_langue-francais-oc","12":"entry","14":"first","15":"outofstock","16":"shipping-taxable","17":"purchasable","18":"product-type-simple"},"acf":[],"_links":{"self":[{"href":"https:\/\/www.libraria-occitana.org\/oc\/wp-json\/wp\/v2\/product\/45862","targetHints":{"allow":["GET"]}}],"collection":[{"href":"https:\/\/www.libraria-occitana.org\/oc\/wp-json\/wp\/v2\/product"}],"about":[{"href":"https:\/\/www.libraria-occitana.org\/oc\/wp-json\/wp\/v2\/types\/product"}],"wp:featuredmedia":[{"embeddable":true,"href":"https:\/\/www.libraria-occitana.org\/oc\/wp-json\/wp\/v2\/media\/45860"}],"wp:attachment":[{"href":"https:\/\/www.libraria-occitana.org\/oc\/wp-json\/wp\/v2\/media?parent=45862"}],"wp:term":[{"taxonomy":"product_brand","embeddable":true,"href":"https:\/\/www.libraria-occitana.org\/oc\/wp-json\/wp\/v2\/product_brand?post=45862"},{"taxonomy":"product_cat","embeddable":true,"href":"https:\/\/www.libraria-occitana.org\/oc\/wp-json\/wp\/v2\/product_cat?post=45862"},{"taxonomy":"product_tag","embeddable":true,"href":"https:\/\/www.libraria-occitana.org\/oc\/wp-json\/wp\/v2\/product_tag?post=45862"}],"curies":[{"name":"wp","href":"https:\/\/api.w.org\/{rel}","templated":true}]}}