{"id":45869,"date":"2017-03-10T13:01:46","date_gmt":"2017-03-10T12:01:46","guid":{"rendered":"http:\/\/www.libraria-occitana.org\/product\/atelier-tissage-le-guide-des-creations-modernes\/"},"modified":"2026-04-14T20:06:55","modified_gmt":"2026-04-14T18:06:55","slug":"atelier-tissage-le-guide-des-creations-modernes","status":"publish","type":"product","link":"https:\/\/www.libraria-occitana.org\/oc\/produch\/atelier-tissage-le-guide-des-creations-modernes\/","title":{"rendered":"Atelier tissage : Le guide des cr\u00e9ations modernes"},"content":{"rendered":"<p>\u00c0 l&#8217;heure o\u00f9 le tissage r\u00e9investit nos int\u00e9rieurs, apprenez, gr\u00e2ce \u00e0 ce guide, la pratique de cet art vieux comme le monde ! Ses tutoriels d\u00e9taill\u00e9s \u00e9tape par \u00e9tape et ses superbes photographies vous permettront d&#8217;apprendre les bases de cette discipline simple et ludique. Retrouvez de pr\u00e9cieuses informations sur les points de base, les outils n\u00e9cessaires et la r\u00e9alisation de vos propres m\u00e9tiers \u00e0 tisser, qu&#8217;ils soient circulaires ou rectangulaires.<br \/>\n24 cr\u00e9ations r\u00e9solument boh\u00e8mes et incontestablement modernes vous inspireront et r\u00e9veilleront votre cr\u00e9ativit\u00e9&#8230; \u00c0 vos pelotes !<\/p>\n","protected":false},"excerpt":{"rendered":"<p>\u00c0 l&#8217;heure o\u00f9 le tissage r\u00e9investit nos int\u00e9rieurs, apprenez, gr\u00e2ce \u00e0 ce guide, la pratique de cet art vieux comme le monde ! Ses tutoriels d\u00e9taill\u00e9s \u00e9tape par \u00e9tape et ses superbes photographies vous permettront d&#8217;apprendre les bases de cette discipline simple et ludique. Retrouvez de pr\u00e9cieuses informations sur les points de base, les outils [&hellip;]<\/p>\n","protected":false},"featured_media":45867,"template":"","meta":{"_acf_changed":false,"_genesis_hide_title":false,"_genesis_hide_breadcrumbs":false,"_genesis_hide_singular_image":false,"_genesis_hide_footer_widgets":false,"_genesis_custom_body_class":"","_genesis_custom_post_class":"","_genesis_layout":""},"product_brand":[],"product_cat":[7133,7213,7207],"product_tag":[],"class_list":{"0":"post-45869","1":"product","2":"type-product","3":"status-publish","4":"has-post-thumbnail","6":"product_cat-libres-oc","7":"product_cat-metiers-saubre-far-oc","8":"product_cat-tradicions-patrimoni-oc","9":"pa_auteur-moodie-maryanne-oc","10":"pa_editeur-eyrolles-oc","11":"pa_langue-francais-oc","12":"entry","14":"first","15":"outofstock","16":"shipping-taxable","17":"purchasable","18":"product-type-simple"},"acf":[],"_links":{"self":[{"href":"https:\/\/www.libraria-occitana.org\/oc\/wp-json\/wp\/v2\/product\/45869","targetHints":{"allow":["GET"]}}],"collection":[{"href":"https:\/\/www.libraria-occitana.org\/oc\/wp-json\/wp\/v2\/product"}],"about":[{"href":"https:\/\/www.libraria-occitana.org\/oc\/wp-json\/wp\/v2\/types\/product"}],"wp:featuredmedia":[{"embeddable":true,"href":"https:\/\/www.libraria-occitana.org\/oc\/wp-json\/wp\/v2\/media\/45867"}],"wp:attachment":[{"href":"https:\/\/www.libraria-occitana.org\/oc\/wp-json\/wp\/v2\/media?parent=45869"}],"wp:term":[{"taxonomy":"product_brand","embeddable":true,"href":"https:\/\/www.libraria-occitana.org\/oc\/wp-json\/wp\/v2\/product_brand?post=45869"},{"taxonomy":"product_cat","embeddable":true,"href":"https:\/\/www.libraria-occitana.org\/oc\/wp-json\/wp\/v2\/product_cat?post=45869"},{"taxonomy":"product_tag","embeddable":true,"href":"https:\/\/www.libraria-occitana.org\/oc\/wp-json\/wp\/v2\/product_tag?post=45869"}],"curies":[{"name":"wp","href":"https:\/\/api.w.org\/{rel}","templated":true}]}}