{"id":45880,"date":"1998-06-11T11:49:09","date_gmt":"1998-06-11T09:49:09","guid":{"rendered":"http:\/\/www.libraria-occitana.org\/?post_type=product&#038;p=45880"},"modified":"2026-04-29T10:06:54","modified_gmt":"2026-04-29T08:06:54","slug":"les-grandes-heures-des-moulins-occitans-paroles-de-meuniers-suivi-dun-dictionnaire-des-moulins","status":"publish","type":"product","link":"https:\/\/www.libraria-occitana.org\/oc\/produch\/les-grandes-heures-des-moulins-occitans-paroles-de-meuniers-suivi-dun-dictionnaire-des-moulins\/","title":{"rendered":"Les grandes heures des moulins occitans : Paroles de meuniers suivi d&#8217;un dictionnaire des moulins"},"content":{"rendered":"<p>Ce livre est une expression essentielle de la civilisation occitane. Dans tout village, et jusqu&#8217;\u00e0 l&#8217;avant guerre, le meunier \u2013 la meuni\u00e8re \u2013 outre le maire et le cur\u00e9, ont \u00e9t\u00e9 des personnages centraux de la vie quotidienne. <em>Les Grandes Heures des moulins occitans<\/em> est une \u0153uvre originale d&#8217;\u00ab ethnologie populaire \u00bb : plus de deux cents t\u00e9moins du Lauragais, entre Toulouse et Carcassonne, y ont activement particip\u00e9.<br \/>\nComme dot\u00e9s d&#8217;une puissance cosmique, les moulins reliaient magiquement les forces vives de la Terre et celles du Ciel. Recourant \u00e0 un langage de marin, le meunier oriente par son gouvernail les ailes de ce vrai navire. Il est \u00e0 l&#8217;\u00e9coute du vent et, arm\u00e9 d&#8217;un frein, agit sur la puissante m\u00e9canique de ce vaisseau terrien. Si la finesse de l&#8217;ou\u00efe est indispensable au meunier, il lui faut ne dormir que d&#8217;un \u0153il, saisir l&#8217;odeur du frelage du bois, du froment, et les g\u00e9missements des poulies et de la voiture sont autant de signaux que l&#8217;air lui transmet. Avec passion, Jean et Huguette B\u00e9zian \u00e9voquent, comme au cours d&#8217;une veill\u00e9e villageoise, le temps pass\u00e9 : les querelles paysannes, les l\u00e9gendes, les chansons, les temps de bonheur, et comment on construit un moulin, et comment on fait la farine, et comment la vendre.<br \/>\nCe beau livre r\u00e9pond avec simplicit\u00e9 et avec une extr\u00eame pr\u00e9cision \u00e0 ce qui touche ce grand m\u00e9tier d&#8217;artisans qui avaient le go\u00fbt du travail et qu&#8217;une pens\u00e9e industrielle aveugle a m\u00e9pris\u00e9 et saccag\u00e9, un syst\u00e8me fiscal absurde pr\u00e9cipitant leur fin. Cette chute co\u00efncide avec l&#8217;essor d&#8217;une culture de loisir pour laquelle le travail est synonyme de calamit\u00e9. <em>Les Grandes Heures des moulins occitans<\/em> font revivre une civilisation occitane, encore pr\u00e9sente dans nos plus petits villages occitans.<br \/>\nMais le moulin, \u00e0 l&#8217;an 2000, conna\u00eet, en ces temps de rapide mutation, une forme inesp\u00e9r\u00e9e de r\u00e9surrection : ce livre y apportera, sans le moindre doute, un puissant concours.<\/p>\n","protected":false},"excerpt":{"rendered":"<p>Ce livre est une expression essentielle de la civilisation occitane. Dans tout village, et jusqu&#8217;\u00e0 l&#8217;avant guerre, le meunier \u2013 la meuni\u00e8re \u2013 outre le maire et le cur\u00e9, ont \u00e9t\u00e9 des personnages centraux de la vie quotidienne. Les Grandes Heures des moulins occitans est une \u0153uvre originale d&#8217;\u00ab ethnologie populaire \u00bb : plus de [&hellip;]<\/p>\n","protected":false},"featured_media":45883,"template":"","meta":{"_acf_changed":false,"_genesis_hide_title":false,"_genesis_hide_breadcrumbs":false,"_genesis_hide_singular_image":false,"_genesis_hide_footer_widgets":false,"_genesis_custom_body_class":"","_genesis_custom_post_class":"","_genesis_layout":""},"product_brand":[],"product_cat":[7133,7213,7207],"product_tag":[],"class_list":{"0":"post-45880","1":"product","2":"type-product","3":"status-publish","4":"has-post-thumbnail","6":"product_cat-libres-oc","7":"product_cat-metiers-saubre-far-oc","8":"product_cat-tradicions-patrimoni-oc","9":"pa_auteur-bezian-huguette-oc","10":"pa_auteur-bezian-jean-oc","11":"pa_editeur-plon-oc","12":"pa_langue-francais-oc","13":"pa_langue-occitan-oc","14":"pa_langue-occitan-lengadocian-oc","15":"entry","17":"first","18":"instock","19":"shipping-taxable","20":"purchasable","21":"product-type-simple"},"acf":[],"_links":{"self":[{"href":"https:\/\/www.libraria-occitana.org\/oc\/wp-json\/wp\/v2\/product\/45880","targetHints":{"allow":["GET"]}}],"collection":[{"href":"https:\/\/www.libraria-occitana.org\/oc\/wp-json\/wp\/v2\/product"}],"about":[{"href":"https:\/\/www.libraria-occitana.org\/oc\/wp-json\/wp\/v2\/types\/product"}],"wp:featuredmedia":[{"embeddable":true,"href":"https:\/\/www.libraria-occitana.org\/oc\/wp-json\/wp\/v2\/media\/45883"}],"wp:attachment":[{"href":"https:\/\/www.libraria-occitana.org\/oc\/wp-json\/wp\/v2\/media?parent=45880"}],"wp:term":[{"taxonomy":"product_brand","embeddable":true,"href":"https:\/\/www.libraria-occitana.org\/oc\/wp-json\/wp\/v2\/product_brand?post=45880"},{"taxonomy":"product_cat","embeddable":true,"href":"https:\/\/www.libraria-occitana.org\/oc\/wp-json\/wp\/v2\/product_cat?post=45880"},{"taxonomy":"product_tag","embeddable":true,"href":"https:\/\/www.libraria-occitana.org\/oc\/wp-json\/wp\/v2\/product_tag?post=45880"}],"curies":[{"name":"wp","href":"https:\/\/api.w.org\/{rel}","templated":true}]}}