{"id":45921,"date":"2018-11-11T10:44:13","date_gmt":"2018-11-11T09:44:13","guid":{"rendered":"http:\/\/www.libraria-occitana.org\/product\/camin-de-totas-auras-solelhada-iii\/"},"modified":"2026-04-17T05:06:57","modified_gmt":"2026-04-17T03:06:57","slug":"camin-de-totas-auras-solelhada-iii","status":"publish","type":"product","link":"https:\/\/www.libraria-occitana.org\/oc\/produch\/camin-de-totas-auras-solelhada-iii\/","title":{"rendered":"Camin de totas auras (Solelhada III)"},"content":{"rendered":"<blockquote>\n<p>[&#8230;] Def\u00f2ra lo camp\u00e8stre cabussava dins lo triple s\u00f2m dau dimenge, de la nu\u00f2ch, de l\u2019iv\u00e8rn. Totsants fardava l\u2019asu\u00f2lh de sa grisalha. Pas un cat. Los auc\u00e8ls avi\u00e1n fugit la rispa. Ai, que cau patir ! Camin de ferre, camin de crotz\u2026 Lo trin te sabot\u00eds coma se voli\u00e1 martelar lo mauc\u00f2r. Te bufar coma un plumet. T\u2019assadolar d\u2019imatges tant fugidisses que te desv\u00e0rian, a faire gisclar lo nonr\u00e9s. Lo talh de la nu\u00f2ch anava sai que cobrir aquel gris de pintura de quatre s\u00f2us. L\u2019exilh a destenchurat sus los pa\u00efsatges qu\u2019aimave. [&#8230;]<\/p>\n<\/blockquote>\n<p>Apr\u00e8s <a href=\"http:\/\/www.libraria-occitana.org\/produit\/als-baugs\/\"><em>Als baugs<\/em><\/a> (2008) e <em>La Banda<\/em> (2015), Jaume Landi\u00e8r repren la dralha de <a href=\"http:\/\/www.libraria-occitana.org\/produit\/solelhada\/\"><em>Solelhada<\/em><\/a> (1992) e <a href=\"http:\/\/www.libraria-occitana.org\/produit\/lo-riu-dadriana-solelhada-ii\/\"><em>Lo Riu d\u2019Adriana<\/em><\/a> (2001). Lo temps a passat : entre exilh e pa\u00eds retrobat e estrifat, lo narrator vei l\u2019espelida de las joventas que meton lo camin jos los p\u00e8s.<\/p>\n","protected":false},"excerpt":{"rendered":"<p>[&#8230;] Def\u00f2ra lo camp\u00e8stre cabussava dins lo triple s\u00f2m dau dimenge, de la nu\u00f2ch, de l\u2019iv\u00e8rn. Totsants fardava l\u2019asu\u00f2lh de sa grisalha. Pas un cat. Los auc\u00e8ls avi\u00e1n fugit la rispa. Ai, que cau patir ! Camin de ferre, camin de crotz\u2026 Lo trin te sabot\u00eds coma se voli\u00e1 martelar lo mauc\u00f2r. Te bufar coma [&hellip;]<\/p>\n","protected":false},"featured_media":45919,"template":"","meta":{"_acf_changed":false,"_genesis_hide_title":false,"_genesis_hide_breadcrumbs":false,"_genesis_hide_singular_image":false,"_genesis_hide_footer_widgets":false,"_genesis_custom_body_class":"","_genesis_custom_post_class":"","_genesis_layout":""},"product_brand":[],"product_cat":[7133,7175,7183],"product_tag":[],"class_list":{"0":"post-45921","1":"product","2":"type-product","3":"status-publish","4":"has-post-thumbnail","6":"product_cat-libres-oc","7":"product_cat-literatura-oc","8":"product_cat-romans-novelas-oc","9":"pa_auteur-landier-jaume-oc","10":"pa_editeur-ieo-fr-oc","11":"pa_langue-occitan-oc","12":"pa_langue-occitan-lengadocian-oc","13":"entry","15":"first","16":"instock","17":"shipping-taxable","18":"purchasable","19":"product-type-simple"},"acf":[],"_links":{"self":[{"href":"https:\/\/www.libraria-occitana.org\/oc\/wp-json\/wp\/v2\/product\/45921","targetHints":{"allow":["GET"]}}],"collection":[{"href":"https:\/\/www.libraria-occitana.org\/oc\/wp-json\/wp\/v2\/product"}],"about":[{"href":"https:\/\/www.libraria-occitana.org\/oc\/wp-json\/wp\/v2\/types\/product"}],"wp:featuredmedia":[{"embeddable":true,"href":"https:\/\/www.libraria-occitana.org\/oc\/wp-json\/wp\/v2\/media\/45919"}],"wp:attachment":[{"href":"https:\/\/www.libraria-occitana.org\/oc\/wp-json\/wp\/v2\/media?parent=45921"}],"wp:term":[{"taxonomy":"product_brand","embeddable":true,"href":"https:\/\/www.libraria-occitana.org\/oc\/wp-json\/wp\/v2\/product_brand?post=45921"},{"taxonomy":"product_cat","embeddable":true,"href":"https:\/\/www.libraria-occitana.org\/oc\/wp-json\/wp\/v2\/product_cat?post=45921"},{"taxonomy":"product_tag","embeddable":true,"href":"https:\/\/www.libraria-occitana.org\/oc\/wp-json\/wp\/v2\/product_tag?post=45921"}],"curies":[{"name":"wp","href":"https:\/\/api.w.org\/{rel}","templated":true}]}}