{"id":45930,"date":"2001-04-11T11:28:35","date_gmt":"2001-04-11T09:28:35","guid":{"rendered":"http:\/\/www.libraria-occitana.org\/?post_type=product&#038;p=45930"},"modified":"2026-04-17T05:01:55","modified_gmt":"2026-04-17T03:01:55","slug":"lo-riu-dadriana-solelhada-ii","status":"publish","type":"product","link":"https:\/\/www.libraria-occitana.org\/oc\/produch\/lo-riu-dadriana-solelhada-ii\/","title":{"rendered":"Lo riu d&#8217;Adriana (Solelhada II)"},"content":{"rendered":"<blockquote>\n<p>Seissanta-u\u00f2ch nos avi\u00e1 laissat dins l\u2019\u00e8ime un cant de cigalas. \u00ab Si\u00e0tz realistas, demandatz l\u2019impossible \u00bb, \u00ab decrete l\u2019estat de bonur permanent \u00bb, \u00ab jos las caladas, la plaja \u00bb, \u00ab l\u2019imaginacion au poder \u00bb. Volave sus un n\u00edvol cap als endemans de lutz. \u00c8ra de c\u00f2ca. Quand dintr\u00e8re dins la cort b\u00e8la dau lic\u00e8u, un restant d\u2019estiu flotejava dins l\u2019aire, entre platanas.<br \/>\nA Sauzet, avi\u00e1i laissat las vend\u00e9mias en plan. Mas n\u2019avi\u00e1i gardat lo gaubi. Voli\u00e1i m\u00f2rdre la vida coma un rasim madur. Cabuss\u00e8re, estabosit, dins la bat\u00e8sta entre la Canha e la Taupa.<\/p>\n<\/blockquote>\n<p><a href=\"http:\/\/www.libraria-occitana.org\/produit\/solelhada\/\"><em>Solelhada<\/em><\/a><br \/>\n<a href=\"http:\/\/www.libraria-occitana.org\/produit\/camin-de-totas-auras-solelhada-iii\/\"><em>Camin de totas auras<\/em> (<em>Solelhada<\/em> III)<\/a><\/p>\n","protected":false},"excerpt":{"rendered":"<p>Seissanta-u\u00f2ch nos avi\u00e1 laissat dins l\u2019\u00e8ime un cant de cigalas. \u00ab Si\u00e0tz realistas, demandatz l\u2019impossible \u00bb, \u00ab decrete l\u2019estat de bonur permanent \u00bb, \u00ab jos las caladas, la plaja \u00bb, \u00ab l\u2019imaginacion au poder \u00bb. Volave sus un n\u00edvol cap als endemans de lutz. \u00c8ra de c\u00f2ca. Quand dintr\u00e8re dins la cort b\u00e8la dau lic\u00e8u, [&hellip;]<\/p>\n","protected":false},"featured_media":45936,"template":"","meta":{"_acf_changed":false,"_genesis_hide_title":false,"_genesis_hide_breadcrumbs":false,"_genesis_hide_singular_image":false,"_genesis_hide_footer_widgets":false,"_genesis_custom_body_class":"","_genesis_custom_post_class":"","_genesis_layout":""},"product_brand":[],"product_cat":[7133,7175,7183],"product_tag":[],"class_list":{"0":"post-45930","1":"product","2":"type-product","3":"status-publish","4":"has-post-thumbnail","6":"product_cat-libres-oc","7":"product_cat-literatura-oc","8":"product_cat-romans-novelas-oc","9":"pa_auteur-landier-jaume-oc","10":"pa_editeur-ieo-fr-oc","11":"pa_langue-occitan-oc","12":"pa_langue-occitan-lengadocian-oc","13":"entry","15":"first","16":"instock","17":"shipping-taxable","18":"purchasable","19":"product-type-simple"},"acf":[],"_links":{"self":[{"href":"https:\/\/www.libraria-occitana.org\/oc\/wp-json\/wp\/v2\/product\/45930","targetHints":{"allow":["GET"]}}],"collection":[{"href":"https:\/\/www.libraria-occitana.org\/oc\/wp-json\/wp\/v2\/product"}],"about":[{"href":"https:\/\/www.libraria-occitana.org\/oc\/wp-json\/wp\/v2\/types\/product"}],"wp:featuredmedia":[{"embeddable":true,"href":"https:\/\/www.libraria-occitana.org\/oc\/wp-json\/wp\/v2\/media\/45936"}],"wp:attachment":[{"href":"https:\/\/www.libraria-occitana.org\/oc\/wp-json\/wp\/v2\/media?parent=45930"}],"wp:term":[{"taxonomy":"product_brand","embeddable":true,"href":"https:\/\/www.libraria-occitana.org\/oc\/wp-json\/wp\/v2\/product_brand?post=45930"},{"taxonomy":"product_cat","embeddable":true,"href":"https:\/\/www.libraria-occitana.org\/oc\/wp-json\/wp\/v2\/product_cat?post=45930"},{"taxonomy":"product_tag","embeddable":true,"href":"https:\/\/www.libraria-occitana.org\/oc\/wp-json\/wp\/v2\/product_tag?post=45930"}],"curies":[{"name":"wp","href":"https:\/\/api.w.org\/{rel}","templated":true}]}}