{"id":45946,"date":"2018-11-11T12:15:49","date_gmt":"2018-11-11T11:15:49","guid":{"rendered":"http:\/\/www.libraria-occitana.org\/?post_type=product&#038;p=45946"},"modified":"2026-04-17T22:46:37","modified_gmt":"2026-04-17T20:46:37","slug":"est-o-las-orasons","status":"publish","type":"product","link":"https:\/\/www.libraria-occitana.org\/oc\/produch\/est-o-las-orasons\/","title":{"rendered":"Est o las orasons"},"content":{"rendered":"<p>Seguissem Jo, mi\u00e8g cantaire maldich e mi\u00e8g prof\u00e8ta, sus de dralhas multiplas e policr\u00f2mas. Es una erran\u00e7a, una c\u00e8rca sens t\u00f2ca dins un monde sens vam : \u00ab Trapava l\u2019\u00e8rnha e lo degost de las paraulas qu\u2019an pas d\u2019amira \u00bb. La proposicion liter\u00e0ria de S\u00e8rgi Labatut es ambiciosa e avem besonh d\u2019escrivans d\u2019aquela mena.<\/p>\n<p style=\"text-align: right;\">S\u00e8rgi Viaule<\/p>\n","protected":false},"excerpt":{"rendered":"<p>Seguissem Jo, mi\u00e8g cantaire maldich e mi\u00e8g prof\u00e8ta, sus de dralhas multiplas e policr\u00f2mas. Es una erran\u00e7a, una c\u00e8rca sens t\u00f2ca dins un monde sens vam : \u00ab Trapava l\u2019\u00e8rnha e lo degost de las paraulas qu\u2019an pas d\u2019amira \u00bb. La proposicion liter\u00e0ria de S\u00e8rgi Labatut es ambiciosa e avem besonh d\u2019escrivans d\u2019aquela mena. S\u00e8rgi [&hellip;]<\/p>\n","protected":false},"featured_media":45949,"template":"","meta":{"_acf_changed":false,"_genesis_hide_title":false,"_genesis_hide_breadcrumbs":false,"_genesis_hide_singular_image":false,"_genesis_hide_footer_widgets":false,"_genesis_custom_body_class":"","_genesis_custom_post_class":"","_genesis_layout":""},"product_brand":[],"product_cat":[7133,7175,7183],"product_tag":[],"class_list":{"0":"post-45946","1":"product","2":"type-product","3":"status-publish","4":"has-post-thumbnail","6":"product_cat-libres-oc","7":"product_cat-literatura-oc","8":"product_cat-romans-novelas-oc","9":"pa_auteur-labatut-sergi-oc","10":"pa_editeur-ieo-fr-oc","11":"pa_langue-occitan-oc","12":"pa_langue-occitan-lengadocian-oc","13":"entry","15":"first","16":"instock","17":"shipping-taxable","18":"purchasable","19":"product-type-simple"},"acf":[],"_links":{"self":[{"href":"https:\/\/www.libraria-occitana.org\/oc\/wp-json\/wp\/v2\/product\/45946","targetHints":{"allow":["GET"]}}],"collection":[{"href":"https:\/\/www.libraria-occitana.org\/oc\/wp-json\/wp\/v2\/product"}],"about":[{"href":"https:\/\/www.libraria-occitana.org\/oc\/wp-json\/wp\/v2\/types\/product"}],"wp:featuredmedia":[{"embeddable":true,"href":"https:\/\/www.libraria-occitana.org\/oc\/wp-json\/wp\/v2\/media\/45949"}],"wp:attachment":[{"href":"https:\/\/www.libraria-occitana.org\/oc\/wp-json\/wp\/v2\/media?parent=45946"}],"wp:term":[{"taxonomy":"product_brand","embeddable":true,"href":"https:\/\/www.libraria-occitana.org\/oc\/wp-json\/wp\/v2\/product_brand?post=45946"},{"taxonomy":"product_cat","embeddable":true,"href":"https:\/\/www.libraria-occitana.org\/oc\/wp-json\/wp\/v2\/product_cat?post=45946"},{"taxonomy":"product_tag","embeddable":true,"href":"https:\/\/www.libraria-occitana.org\/oc\/wp-json\/wp\/v2\/product_tag?post=45946"}],"curies":[{"name":"wp","href":"https:\/\/api.w.org\/{rel}","templated":true}]}}