{"id":45963,"date":"2019-01-11T13:24:38","date_gmt":"2019-01-11T12:24:38","guid":{"rendered":"http:\/\/www.libraria-occitana.org\/product\/contes-a-rebors\/"},"modified":"2026-04-20T23:11:38","modified_gmt":"2026-04-20T21:11:38","slug":"contes-a-rebors","status":"publish","type":"product","link":"https:\/\/www.libraria-occitana.org\/oc\/produch\/contes-a-rebors\/","title":{"rendered":"Contes a rebors"},"content":{"rendered":"<p>Dins la dralha de sos dos recu\u00e8lhs ja publicats, cinc contes meravilhoses, inspirats de la tradicion orala, mas revisitats per Florian Vernet, d\u2019un biais quora seri\u00f3s quora amb son umor acostumat e sa fantasi\u00e1 de pissafreg :<\/p>\n<ul>\n<li>Conte del soldat que tornava de la gu\u00e8rra<\/li>\n<li>Conte del rei orgulh\u00f3s<\/li>\n<li>Lo conilh que vengu\u00e8t rei<\/li>\n<li>Joan b\u00e8stia\u2026 pas tan b\u00e8stia !<\/li>\n<li>Ist\u00f2ria de pont, d\u2019ola e de songes<\/li>\n<\/ul>\n","protected":false},"excerpt":{"rendered":"<p>Dins la dralha de sos dos recu\u00e8lhs ja publicats, cinc contes meravilhoses, inspirats de la tradicion orala, mas revisitats per Florian Vernet, d\u2019un biais quora seri\u00f3s quora amb son umor acostumat e sa fantasi\u00e1 de pissafreg : Conte del soldat que tornava de la gu\u00e8rra Conte del rei orgulh\u00f3s Lo conilh que vengu\u00e8t rei Joan [&hellip;]<\/p>\n","protected":false},"featured_media":45961,"template":"","meta":{"_acf_changed":false,"_genesis_hide_title":false,"_genesis_hide_breadcrumbs":false,"_genesis_hide_singular_image":false,"_genesis_hide_footer_widgets":false,"_genesis_custom_body_class":"","_genesis_custom_post_class":"","_genesis_layout":""},"product_brand":[],"product_cat":[7171,7165,7133],"product_tag":[],"class_list":{"0":"post-45963","1":"product","2":"type-product","3":"status-publish","4":"has-post-thumbnail","6":"product_cat-drolles-oc","7":"product_cat-jounessa-bd-umor","8":"product_cat-libres-oc","9":"pa_auteur-vernet-florian-oc","10":"pa_editeur-ieo-fr-oc","11":"pa_illustrateur-caussade-jaumeta-oc","12":"pa_illustrateur-delacroix-sybille-oc","13":"pa_langue-occitan-lengadocian-oc","14":"pa_langue-occitan-francais-oc","15":"entry","17":"first","18":"instock","19":"shipping-taxable","20":"purchasable","21":"product-type-simple"},"acf":[],"_links":{"self":[{"href":"https:\/\/www.libraria-occitana.org\/oc\/wp-json\/wp\/v2\/product\/45963","targetHints":{"allow":["GET"]}}],"collection":[{"href":"https:\/\/www.libraria-occitana.org\/oc\/wp-json\/wp\/v2\/product"}],"about":[{"href":"https:\/\/www.libraria-occitana.org\/oc\/wp-json\/wp\/v2\/types\/product"}],"wp:featuredmedia":[{"embeddable":true,"href":"https:\/\/www.libraria-occitana.org\/oc\/wp-json\/wp\/v2\/media\/45961"}],"wp:attachment":[{"href":"https:\/\/www.libraria-occitana.org\/oc\/wp-json\/wp\/v2\/media?parent=45963"}],"wp:term":[{"taxonomy":"product_brand","embeddable":true,"href":"https:\/\/www.libraria-occitana.org\/oc\/wp-json\/wp\/v2\/product_brand?post=45963"},{"taxonomy":"product_cat","embeddable":true,"href":"https:\/\/www.libraria-occitana.org\/oc\/wp-json\/wp\/v2\/product_cat?post=45963"},{"taxonomy":"product_tag","embeddable":true,"href":"https:\/\/www.libraria-occitana.org\/oc\/wp-json\/wp\/v2\/product_tag?post=45963"}],"curies":[{"name":"wp","href":"https:\/\/api.w.org\/{rel}","templated":true}]}}