{"id":45969,"date":"2019-01-16T11:37:28","date_gmt":"2019-01-16T10:37:28","guid":{"rendered":"http:\/\/www.libraria-occitana.org\/product\/la-granda-corsa-al-formatge\/"},"modified":"2026-04-13T03:21:48","modified_gmt":"2026-04-13T01:21:48","slug":"la-granda-corsa-al-formatge","status":"publish","type":"product","link":"https:\/\/www.libraria-occitana.org\/oc\/produch\/la-granda-corsa-al-formatge\/","title":{"rendered":"La granda corsa al formatge"},"content":{"rendered":"<p>Version occitana dau long-metratge d'animacion norvegian <em>Herfra til Fl\u00e5klypa<\/em> (Qvisten, Little Kmbo).<\/p>\n<p>Solan v\u00f2l participar a la granda corsa al formatge que va far s\u2019opausar lo sieu vilatge al vilatge vesin, atal far\u00e0 veire a totes qu\u2019es un vertadi\u00e8r campion. Va quitament duscas a pariar en secr\u00e8t l\u2019ostal ont viu amb Feod\u00f2r lo geni\u00e8c inventor e Ludvig l\u2019Eri\u00e7 crent\u00f3s. Solan e sos amics descobrir\u00e0n l\u00e8u qu\u2019un trop\u00e8l d\u2019obstacles e d\u2019advers\u00e0ris b\u00e8ls los esp\u00e8ran dins aquela aventura ! Per ganhar la corsa e salvar l\u2019ostal, desfisar\u00e0n montanhas, lacs gelats e embauces amb un formatge gigant.<\/p>\n<p>En occitan. Jos-titolatge possible en franc\u00e9s.<\/p>\n<p>Dab las votz de J\u00f2rdi Besombes, Joan-Lo\u00eds Blenet, Bruno Cecillon, Alban Garr\u00f2s, Lauren\u00e7 Labadia, Delfina Lafon, Serge Moulin, Philippe Neyrat, Olivier Pijasson, Guilhem Surpas.<\/p>\n<p><iframe loading=\"lazy\" title=\"YouTube video player\" src=\"https:\/\/www.youtube.com\/embed\/wPhe7zcewyY\" width=\"560\" height=\"315\" frameborder=\"0\" allowfullscreen=\"allowfullscreen\"><\/iframe><\/p>\n","protected":false},"excerpt":{"rendered":"<p>Version occitana dau long-metratge d&#8217;animacion norvegian Herfra til Fl\u00e5klypa (Qvisten, Little Kmbo). Solan v\u00f2l participar a la granda corsa al formatge que va far s\u2019opausar lo sieu vilatge al vilatge vesin, atal far\u00e0 veire a totes qu\u2019es un vertadi\u00e8r campion. Va quitament duscas a pariar en secr\u00e8t l\u2019ostal ont viu amb Feod\u00f2r lo geni\u00e8c inventor [&hellip;]<\/p>\n","protected":false},"featured_media":45194,"template":"","meta":{"_acf_changed":false,"_genesis_hide_title":false,"_genesis_hide_breadcrumbs":false,"_genesis_hide_singular_image":false,"_genesis_hide_footer_widgets":false,"_genesis_custom_body_class":"","_genesis_custom_post_class":"","_genesis_layout":""},"product_brand":[],"product_cat":[7246,7240],"product_tag":[],"class_list":{"0":"post-45969","1":"product","2":"type-product","3":"status-publish","4":"has-post-thumbnail","6":"product_cat-jounessa-videos-2-oc","7":"product_cat-video-oc","8":"pa_auteur-sivertsen-rasmus-a-oc","9":"pa_editeur-contam-oc","10":"pa_editeur-little-kmbo-oc","11":"pa_editeur-qvisten-oc","12":"pa_langue-occitan-francais-oc","13":"entry","15":"first","16":"instock","17":"shipping-taxable","18":"purchasable","19":"product-type-simple"},"acf":[],"_links":{"self":[{"href":"https:\/\/www.libraria-occitana.org\/oc\/wp-json\/wp\/v2\/product\/45969","targetHints":{"allow":["GET"]}}],"collection":[{"href":"https:\/\/www.libraria-occitana.org\/oc\/wp-json\/wp\/v2\/product"}],"about":[{"href":"https:\/\/www.libraria-occitana.org\/oc\/wp-json\/wp\/v2\/types\/product"}],"wp:featuredmedia":[{"embeddable":true,"href":"https:\/\/www.libraria-occitana.org\/oc\/wp-json\/wp\/v2\/media\/45194"}],"wp:attachment":[{"href":"https:\/\/www.libraria-occitana.org\/oc\/wp-json\/wp\/v2\/media?parent=45969"}],"wp:term":[{"taxonomy":"product_brand","embeddable":true,"href":"https:\/\/www.libraria-occitana.org\/oc\/wp-json\/wp\/v2\/product_brand?post=45969"},{"taxonomy":"product_cat","embeddable":true,"href":"https:\/\/www.libraria-occitana.org\/oc\/wp-json\/wp\/v2\/product_cat?post=45969"},{"taxonomy":"product_tag","embeddable":true,"href":"https:\/\/www.libraria-occitana.org\/oc\/wp-json\/wp\/v2\/product_tag?post=45969"}],"curies":[{"name":"wp","href":"https:\/\/api.w.org\/{rel}","templated":true}]}}