{"id":45973,"date":"2018-11-30T19:49:47","date_gmt":"2018-11-30T18:49:47","guid":{"rendered":"http:\/\/www.libraria-occitana.org\/product\/trobas-i-poemes-i-1947-1960\/"},"modified":"2026-04-19T06:36:39","modified_gmt":"2026-04-19T04:36:39","slug":"trobas-i-poemes-i-1947-1960","status":"publish","type":"product","link":"https:\/\/www.libraria-occitana.org\/oc\/produch\/trobas-i-poemes-i-1947-1960\/","title":{"rendered":"Tr\u00f2bas I &#8211; Po\u00e8mes I : 1947-1960"},"content":{"rendered":"<p>Les plaquettes de la po\u00e9sie d&#8217;Henri Espieux, de <em>Telaranha<\/em> a <em>Finimond<\/em>, sont depuis longtemps inaccessibles. Le recueil le plus cons\u00e9quent, <em>J\u00f2i e jovent<\/em>, publi\u00e9 par Jean Larzac en 1974, conna\u00eet aujourd&#8217;hui le m\u00eame sort. Les lecteurs de po\u00e9sie occitane ne connaissent d&#8217;Espieux que son renom ou quelques po\u00e8mes parus dans les revues <em>Oc<\/em>, <em>Letras d&#8217;\u00f2c<\/em>, <em>Viure<\/em>.<\/p>\n<p>L&#8217;\u0153uvre est pourtant consid\u00e9rable, en volume et en qualit\u00e9 litt\u00e9raire. Maltrait\u00e9e, d\u00e9truite en partie par son propre auteur, elle subsiste cependant sous la forme de manuscrits conserv\u00e9s au CIRDOC (Centre interr\u00e9gional pour le d\u00e9veloppement de l&#8217;occitan, m\u00e9diath\u00e8que occitane sise \u00e0 B\u00e9ziers) : recueils complets attendant l&#8217;\u00e9dition ou fragments \u00e9pars, feuilles volantes, carnets. Le fonds a \u00e9t\u00e9 r\u00e9cemment enrichi d&#8217;un don de la famille n\u00eemoise de sa compagne, Raymonde Integlia, qui apporte des \u00e9clairages nouveaux sur l&#8217;\u00e9criture d&#8217;Espieux : la tentation \u00e9pique avec des traductions de Neruda et Nietzsche, la po\u00e9sie quotidienne, les infinis remaniements, les longs po\u00e8mes d&#8217;un seul jet.<\/p>\n<p>Nous avons pris le parti de tout publier, en deux volumes, sous le titre qui lui \u00e9tait cher de <em>Tr\u00f2bas \/ Po\u00e8mes<\/em>, dans l&#8217;ordre chronologique de l&#8217;\u00e9criture, pour autant que nous avons pu l&#8217;\u00e9tablir par des croisements avec la correspondance \u00e9galement conserv\u00e9e au CIRDOC. Une pr\u00e9sentation rapide et des notes de fin d&#8217;ouvrage \u00e9clairent les choix \u00e9ditoriaux, tout en laissant la priorit\u00e9 au texte, selon le principe des \u00e9ditions Jorn. La traduction est celle de l&#8217;auteur quand elle existe \u2013 jusqu&#8217;au d\u00e9but des ann\u00e9es soixante \u2013 et \u00e0 d\u00e9faut celle de Claire Torreilles qui s&#8217;est engag\u00e9e dans la mise \u00e0 jour et l&#8217;\u00e9dition de la po\u00e9sie d&#8217;Espieux.<\/p>\n<p><a href=\"http:\/\/www.libraria-occitana.org\/produit\/trobas-ii-poemes-ii-1960-1971\/\"><em>Tr\u00f2bas II \u2013 Po\u00e8mes II : 1960-1971<\/em><\/a><\/p>\n","protected":false},"excerpt":{"rendered":"<p>Les plaquettes de la po\u00e9sie d&#8217;Henri Espieux, de Telaranha a Finimond, sont depuis longtemps inaccessibles. Le recueil le plus cons\u00e9quent, J\u00f2i e jovent, publi\u00e9 par Jean Larzac en 1974, conna\u00eet aujourd&#8217;hui le m\u00eame sort. Les lecteurs de po\u00e9sie occitane ne connaissent d&#8217;Espieux que son renom ou quelques po\u00e8mes parus dans les revues Oc, Letras d&#8217;\u00f2c, [&hellip;]<\/p>\n","protected":false},"featured_media":45646,"template":"","meta":{"_acf_changed":false,"_genesis_hide_title":false,"_genesis_hide_breadcrumbs":false,"_genesis_hide_singular_image":false,"_genesis_hide_footer_widgets":false,"_genesis_custom_body_class":"","_genesis_custom_post_class":"","_genesis_layout":""},"product_brand":[],"product_cat":[7133,7175,7181],"product_tag":[],"class_list":{"0":"post-45973","1":"product","2":"type-product","3":"status-publish","4":"has-post-thumbnail","6":"product_cat-libres-oc","7":"product_cat-literatura-oc","8":"product_cat-poesia-oc","9":"pa_auteur-espieu-enric-espieux-henri-oc","10":"pa_editeur-jorn-oc","11":"pa_langue-occitan-provencau-oc","12":"pa_langue-occitan-francais-oc","13":"entry","15":"first","16":"instock","17":"shipping-taxable","18":"purchasable","19":"product-type-simple"},"acf":[],"_links":{"self":[{"href":"https:\/\/www.libraria-occitana.org\/oc\/wp-json\/wp\/v2\/product\/45973","targetHints":{"allow":["GET"]}}],"collection":[{"href":"https:\/\/www.libraria-occitana.org\/oc\/wp-json\/wp\/v2\/product"}],"about":[{"href":"https:\/\/www.libraria-occitana.org\/oc\/wp-json\/wp\/v2\/types\/product"}],"wp:featuredmedia":[{"embeddable":true,"href":"https:\/\/www.libraria-occitana.org\/oc\/wp-json\/wp\/v2\/media\/45646"}],"wp:attachment":[{"href":"https:\/\/www.libraria-occitana.org\/oc\/wp-json\/wp\/v2\/media?parent=45973"}],"wp:term":[{"taxonomy":"product_brand","embeddable":true,"href":"https:\/\/www.libraria-occitana.org\/oc\/wp-json\/wp\/v2\/product_brand?post=45973"},{"taxonomy":"product_cat","embeddable":true,"href":"https:\/\/www.libraria-occitana.org\/oc\/wp-json\/wp\/v2\/product_cat?post=45973"},{"taxonomy":"product_tag","embeddable":true,"href":"https:\/\/www.libraria-occitana.org\/oc\/wp-json\/wp\/v2\/product_tag?post=45973"}],"curies":[{"name":"wp","href":"https:\/\/api.w.org\/{rel}","templated":true}]}}