{"id":45978,"date":"2009-06-11T15:26:14","date_gmt":"2009-06-11T13:26:14","guid":{"rendered":"http:\/\/www.libraria-occitana.org\/?post_type=product&#038;p=45978"},"modified":"2026-04-29T06:21:57","modified_gmt":"2026-04-29T04:21:57","slug":"lo-caton-delodia-libre-cd","status":"publish","type":"product","link":"https:\/\/www.libraria-occitana.org\/oc\/produch\/lo-caton-delodia-libre-cd\/","title":{"rendered":"Lo caton d&#8217;Elodia (libre + CD)"},"content":{"rendered":"<blockquote><p>- Alara, Elodia ! Manjas o qu\u00e9 ? O aur\u00e0s tot freg !<br \/>\n- Mam\u00e0, ai pas talent !<br \/>\n- Malurosa ! Demorar\u00e0s pichona !!!<br \/>\n- Mas ai pas brica talent, te disi !<br \/>\n- T\u00e8, agacha, vas prene aquel fortificant.<br \/>\n- Una potinga, encara ! Non ! Ne v\u00f2li pas !<br \/>\n- Mmmmm ! Aquesta es de las bonas. Sent-me aqu\u00f2 ! Pas que doas gotetas e tornar\u00e0s trobar l'apet\u00eds ! O m'a dich, lo m\u00e8tge.<\/p>\n<p>Minon, lo caton, o a tot entendut. Un jorn que dormi\u00e1 coma un soc a l'ombra d'un arbre...<\/p><\/blockquote>\n<p>Una ist\u00f2ria en benda dessenhada.<\/p>\n<p>Cicle 3<br \/>\nLibreton pedagogic sus <a href=\"http:\/\/capoc.crdp-aquitaine.fr\">http:\/\/capoc.crdp-aquitaine.fr<\/a><\/p>\n","protected":false},"excerpt":{"rendered":"<p>&#8211; Alara, Elodia ! Manjas o qu\u00e9 ? O aur\u00e0s tot freg ! &#8211; Mam\u00e0, ai pas talent ! &#8211; Malurosa ! Demorar\u00e0s pichona !!! &#8211; Mas ai pas brica talent, te disi ! &#8211; T\u00e8, agacha, vas prene aquel fortificant. &#8211; Una potinga, encara ! Non ! Ne v\u00f2li pas ! &#8211; Mmmmm ! [&hellip;]<\/p>\n","protected":false},"featured_media":45981,"template":"","meta":{"_acf_changed":false,"_genesis_hide_title":false,"_genesis_hide_breadcrumbs":false,"_genesis_hide_singular_image":false,"_genesis_hide_footer_widgets":false,"_genesis_custom_body_class":"","_genesis_custom_post_class":"","_genesis_layout":""},"product_brand":[],"product_cat":[7171,7165,7133],"product_tag":[],"class_list":{"0":"post-45978","1":"product","2":"type-product","3":"status-publish","4":"has-post-thumbnail","6":"product_cat-drolles-oc","7":"product_cat-jounessa-bd-umor","8":"product_cat-libres-oc","9":"pa_auteur-capoc-oc","10":"pa_auteur-cassagnau-alain-oc","11":"pa_editeur-canope-editions-oc","12":"pa_illustrateur-monsieur-puzzle-oc","13":"pa_langue-occitan-lengadocian-oc","14":"pa_langue-occitan-francais-oc","15":"entry","17":"first","18":"outofstock","19":"shipping-taxable","20":"purchasable","21":"product-type-simple"},"acf":[],"_links":{"self":[{"href":"https:\/\/www.libraria-occitana.org\/oc\/wp-json\/wp\/v2\/product\/45978","targetHints":{"allow":["GET"]}}],"collection":[{"href":"https:\/\/www.libraria-occitana.org\/oc\/wp-json\/wp\/v2\/product"}],"about":[{"href":"https:\/\/www.libraria-occitana.org\/oc\/wp-json\/wp\/v2\/types\/product"}],"wp:featuredmedia":[{"embeddable":true,"href":"https:\/\/www.libraria-occitana.org\/oc\/wp-json\/wp\/v2\/media\/45981"}],"wp:attachment":[{"href":"https:\/\/www.libraria-occitana.org\/oc\/wp-json\/wp\/v2\/media?parent=45978"}],"wp:term":[{"taxonomy":"product_brand","embeddable":true,"href":"https:\/\/www.libraria-occitana.org\/oc\/wp-json\/wp\/v2\/product_brand?post=45978"},{"taxonomy":"product_cat","embeddable":true,"href":"https:\/\/www.libraria-occitana.org\/oc\/wp-json\/wp\/v2\/product_cat?post=45978"},{"taxonomy":"product_tag","embeddable":true,"href":"https:\/\/www.libraria-occitana.org\/oc\/wp-json\/wp\/v2\/product_tag?post=45978"}],"curies":[{"name":"wp","href":"https:\/\/api.w.org\/{rel}","templated":true}]}}