{"id":45984,"date":"2018-06-11T16:30:09","date_gmt":"2018-06-11T14:30:09","guid":{"rendered":"http:\/\/www.libraria-occitana.org\/product\/big-sur\/"},"modified":"2026-04-29T05:46:08","modified_gmt":"2026-04-29T03:46:08","slug":"big-sur","status":"publish","type":"product","link":"https:\/\/www.libraria-occitana.org\/oc\/produch\/big-sur\/","title":{"rendered":"Big Sur"},"content":{"rendered":"<p>Quatre ans apr\u00e8s \u00ab Ri\u00f2ta \u00bb, Mauresca Fracas Dub signe son grand retour !<br \/>\nDynamiques et explosifs, les quatre MC\/beatmakers livrent \u00ab Big Sur \u00bb, un album et un spectacle aux influences dubstep, funk et reggae qui ouvre de nouveaux horizons.<br \/>\nCette \u00ab medecina \u00bb a \u00e9t\u00e9 \u00e9labor\u00e9e \u00e0 la maison, en Languedoc, produite \u00e0 Londres : elle est distribu\u00e9e chez tous les bons docteurs de l\u2019\u00e2me. Sur sc\u00e8ne, le rem\u00e8de est d\u00e9livr\u00e9 sans ordonnance : batterie acoustique et boucles \u00e9lectroniques, basses digitales, \u00e9nergie positive et rassembleuse. Mauresca Fracas Dub est bel et bien l\u00e0, d\u00e9cid\u00e9, pr\u00eat \u00e0 en d\u00e9coudre au micro pour f\u00eater dignement deux d\u00e9cennies d&#8217;aventures musicales.<\/p>\n<p><strong>Titres :<\/strong><br \/>\n1. Je viens de 3&#8217;06<br \/>\n2. 37\u00b02 2&#8217;56<br \/>\n3. Ma Republica 3&#8217;36<br \/>\n4. Medecina 3&#8217;17<br \/>\n5. Mon Blues 3&#8217;50<br \/>\n6. Lo Pont 2&#8217;58<br \/>\n7. Barricada 3&#8217;29<br \/>\n8. Posons le sound 3&#8217;54<br \/>\n9. Papet 3&#8217;54<br \/>\n10. Yes Papa 3&#8217;19<br \/>\n11. Fotia 3&#8217;18<br \/>\n12. Big Sur 2&#8217;46<\/p>\n","protected":false},"excerpt":{"rendered":"<p>Quatre ans apr\u00e8s \u00ab Ri\u00f2ta \u00bb, Mauresca Fracas Dub signe son grand retour ! Dynamiques et explosifs, les quatre MC\/beatmakers livrent \u00ab Big Sur \u00bb, un album et un spectacle aux influences dubstep, funk et reggae qui ouvre de nouveaux horizons. Cette \u00ab medecina \u00bb a \u00e9t\u00e9 \u00e9labor\u00e9e \u00e0 la maison, en Languedoc, produite \u00e0 [&hellip;]<\/p>\n","protected":false},"featured_media":45767,"template":"","meta":{"_acf_changed":false,"_genesis_hide_title":false,"_genesis_hide_breadcrumbs":false,"_genesis_hide_singular_image":false,"_genesis_hide_footer_widgets":false,"_genesis_custom_body_class":"","_genesis_custom_post_class":"","_genesis_layout":""},"product_brand":[],"product_cat":[7235,16683],"product_tag":[],"class_list":{"0":"post-45984","1":"product","2":"type-product","3":"status-publish","4":"has-post-thumbnail","6":"product_cat-eska-reggae-dub-oc","7":"product_cat-musica-oc","8":"pa_auteur-mauresca-fracas-dub-oc","9":"pa_editeur-lo-sage-e-lo-fol-oc","10":"pa_langue-autras-lingas-oc","11":"pa_langue-francais-oc","12":"pa_langue-occitan-oc","13":"pa_langue-occitan-lengadocian-oc","14":"entry","16":"first","17":"instock","18":"shipping-taxable","19":"purchasable","20":"product-type-simple"},"acf":[],"_links":{"self":[{"href":"https:\/\/www.libraria-occitana.org\/oc\/wp-json\/wp\/v2\/product\/45984","targetHints":{"allow":["GET"]}}],"collection":[{"href":"https:\/\/www.libraria-occitana.org\/oc\/wp-json\/wp\/v2\/product"}],"about":[{"href":"https:\/\/www.libraria-occitana.org\/oc\/wp-json\/wp\/v2\/types\/product"}],"wp:featuredmedia":[{"embeddable":true,"href":"https:\/\/www.libraria-occitana.org\/oc\/wp-json\/wp\/v2\/media\/45767"}],"wp:attachment":[{"href":"https:\/\/www.libraria-occitana.org\/oc\/wp-json\/wp\/v2\/media?parent=45984"}],"wp:term":[{"taxonomy":"product_brand","embeddable":true,"href":"https:\/\/www.libraria-occitana.org\/oc\/wp-json\/wp\/v2\/product_brand?post=45984"},{"taxonomy":"product_cat","embeddable":true,"href":"https:\/\/www.libraria-occitana.org\/oc\/wp-json\/wp\/v2\/product_cat?post=45984"},{"taxonomy":"product_tag","embeddable":true,"href":"https:\/\/www.libraria-occitana.org\/oc\/wp-json\/wp\/v2\/product_tag?post=45984"}],"curies":[{"name":"wp","href":"https:\/\/api.w.org\/{rel}","templated":true}]}}