{"id":45993,"date":"2019-04-11T18:57:05","date_gmt":"2019-04-11T16:57:05","guid":{"rendered":"http:\/\/www.libraria-occitana.org\/product\/quin-pet-novelas-occitanas-nouvelles-occitanes\/"},"modified":"2026-04-08T03:31:12","modified_gmt":"2026-04-08T01:31:12","slug":"quin-pet-novelas-occitanas-nouvelles-occitanes","status":"publish","type":"product","link":"https:\/\/www.libraria-occitana.org\/oc\/produch\/quin-pet-novelas-occitanas-nouvelles-occitanes\/","title":{"rendered":"Quin pet ! : Nov\u00e8las occitanas &#8211; Nouvelles occitanes"},"content":{"rendered":"<p>Si vous voulez (presque) tout savoir sur la vie en Gascogne, du d\u00e9but du XXe si\u00e8cle \u00e0 nos jours, et plus sp\u00e9cialement sur L\u2019Isle-Jourdain \u00e0 cette \u00e9poque, plongez sans retenue dans ce livre. Profitez d&#8217;une \u00e9dition bilingue fran\u00e7ais \/occitan.<\/p>\n<p>L\u2019Isle-Jourdain, une petite ville gasconne \u00e0 la campagne, l\u2019arch\u00e9type de tant d\u2019autres petites villes gasconnes qui s\u2019y reconna\u00eetront s\u00fbrement. Dans le bourg, la ville comme on dit, et dans la campagne environnante, on y na\u00eet, on y grandit, on y travaille, on s\u2019amuse aussi. La vie se d\u00e9roule avec ses joies, ses peines, l\u2019entraide fraternelle entre voisins, les farces et bizutages, les b\u00eatises des enfants, quelques r\u00e8glements de comptes aussi. Tout un microcosme laborieux et solidaire o\u00f9 chacun occupe sa place, est utile aux autres et \u00e0 soi-m\u00eame. Avec des personnages ordinaires certes mais aussi hauts en couleur, les animaux que l\u2019on \u00e9l\u00e8ve et la sauvagine que l\u2019on c\u00f4toie. Et puis ce qui apporte des techniques nouvelles, plus ou moins bien accept\u00e9es, ces petits m\u00e9tiers qui disparaissent, ces outils, devenus obsol\u00e8tes, qui finissent dans les vitrines des mus\u00e9es paysans ; un monde presque disparu.<br \/>\nDans une prose pleine d\u2019un humour d\u00e9capant, parfois de gravit\u00e9 mais aussi de beaucoup de bienveillance, Georges Laborie nous livre ses souvenirs, faisant ainsi, du m\u00eame coup, oeuvre d\u2019historien et de passeur de m\u00e9moire.<\/p>\n<p>D&#8217;apr\u00e8s les \u00e9crits de : Georges Laborie.<br \/>\nSous la direction de : Vincent Rivi\u00e8re.<br \/>\nLes membres du comit\u00e9 de r\u00e9daction : Lacome Marie-Th\u00e9r\u00e8se, Gontaud Anne-Marie, Lombard Pierre, Lasseube Patric, Drouin Gautier, P\u00e9d\u00e9riva G\u00e9rard, Lacome Georges.<\/p>\n","protected":false},"excerpt":{"rendered":"<p>Si vous voulez (presque) tout savoir sur la vie en Gascogne, du d\u00e9but du XXe si\u00e8cle \u00e0 nos jours, et plus sp\u00e9cialement sur L\u2019Isle-Jourdain \u00e0 cette \u00e9poque, plongez sans retenue dans ce livre. Profitez d&#8217;une \u00e9dition bilingue fran\u00e7ais \/occitan. L\u2019Isle-Jourdain, une petite ville gasconne \u00e0 la campagne, l\u2019arch\u00e9type de tant d\u2019autres petites villes gasconnes qui [&hellip;]<\/p>\n","protected":false},"featured_media":45991,"template":"","meta":{"_acf_changed":false,"_genesis_hide_title":false,"_genesis_hide_breadcrumbs":false,"_genesis_hide_singular_image":false,"_genesis_hide_footer_widgets":false,"_genesis_custom_body_class":"","_genesis_custom_post_class":"","_genesis_layout":""},"product_brand":[],"product_cat":[7133,7175,7187],"product_tag":[],"class_list":{"0":"post-45993","1":"product","2":"type-product","3":"status-publish","4":"has-post-thumbnail","6":"product_cat-libres-oc","7":"product_cat-literatura-oc","8":"product_cat-temonhatges-memoris-oc","9":"pa_auteur-laborie-georges-lasebo-gregoire-oc","10":"pa_editeur-latitude-sud-oc","11":"pa_illustrateur-riviere-vincent-oc","12":"pa_langue-occitan-gascon-oc","13":"pa_langue-occitan-francais-oc","14":"entry","16":"first","17":"outofstock","18":"shipping-taxable","19":"purchasable","20":"product-type-simple"},"acf":[],"_links":{"self":[{"href":"https:\/\/www.libraria-occitana.org\/oc\/wp-json\/wp\/v2\/product\/45993","targetHints":{"allow":["GET"]}}],"collection":[{"href":"https:\/\/www.libraria-occitana.org\/oc\/wp-json\/wp\/v2\/product"}],"about":[{"href":"https:\/\/www.libraria-occitana.org\/oc\/wp-json\/wp\/v2\/types\/product"}],"wp:featuredmedia":[{"embeddable":true,"href":"https:\/\/www.libraria-occitana.org\/oc\/wp-json\/wp\/v2\/media\/45991"}],"wp:attachment":[{"href":"https:\/\/www.libraria-occitana.org\/oc\/wp-json\/wp\/v2\/media?parent=45993"}],"wp:term":[{"taxonomy":"product_brand","embeddable":true,"href":"https:\/\/www.libraria-occitana.org\/oc\/wp-json\/wp\/v2\/product_brand?post=45993"},{"taxonomy":"product_cat","embeddable":true,"href":"https:\/\/www.libraria-occitana.org\/oc\/wp-json\/wp\/v2\/product_cat?post=45993"},{"taxonomy":"product_tag","embeddable":true,"href":"https:\/\/www.libraria-occitana.org\/oc\/wp-json\/wp\/v2\/product_tag?post=45993"}],"curies":[{"name":"wp","href":"https:\/\/api.w.org\/{rel}","templated":true}]}}